{"id":572,"date":"2020-11-04T09:44:13","date_gmt":"2020-11-04T09:44:13","guid":{"rendered":"https:\/\/www.hvisserbloemen.nl\/?page_id=572"},"modified":"2021-08-30T13:00:10","modified_gmt":"2021-08-30T13:00:10","slug":"veranstaltungen","status":"publish","type":"page","link":"https:\/\/www.hvisserbloemen.nl\/de\/veranstaltungen\/","title":{"rendered":"Veranstaltungen"},"content":{"rendered":"\n<h3 class=\"wp-block-heading\"><strong>Blumen f\u00fcr jede exklusive Veranstaltung und Hochzeit<\/strong><\/h3>\n\n\n\n<p>Seit Jahren liefern wir Blumen f\u00fcr gro\u00dfe und exklusive Veranstaltungen in der ganzen Welt. Unsere Blumen konnte man zum Beispiel in Rom auf dem Petersplatz sehen, als der Papst den Ostersegen sprach. Auch bei gro\u00dfen Hochzeiten und Veranstaltungen, beispielsweise in Dubai und Indien, sowie bei der Gestaltung von Hotels werden unsere Blumen eingesetzt. Sogar das niederl\u00e4ndische K\u00f6nigshaus verwendet gelegentlich unsere Blumen f\u00fcr seine Veranstaltungen.<\/p>\n\n\n\n<figure class=\"wp-block-gallery columns-2 is-cropped wp-block-gallery-1 is-layout-flex wp-block-gallery-is-layout-flex\"><ul class=\"blocks-gallery-grid\"><li class=\"blocks-gallery-item\"><figure><img loading=\"lazy\" decoding=\"async\" width=\"1024\" height=\"768\" src=\"https:\/\/www.hvisserbloemen.nl\/content\/uploads\/2021\/08\/WhatsApp-Image-2021-07-16-at-10.09.35-7-1.jpg\" alt=\"\" data-id=\"575\" data-full-url=\"https:\/\/www.hvisserbloemen.nl\/content\/uploads\/2021\/08\/WhatsApp-Image-2021-07-16-at-10.09.35-7-1.jpg\" data-link=\"https:\/\/www.hvisserbloemen.nl\/?attachment_id=575\" class=\"wp-image-575\" srcset=\"https:\/\/www.hvisserbloemen.nl\/wp-content\/uploads\/2021\/08\/WhatsApp-Image-2021-07-16-at-10.09.35-7-1.jpg 1024w, https:\/\/www.hvisserbloemen.nl\/wp-content\/uploads\/2021\/08\/WhatsApp-Image-2021-07-16-at-10.09.35-7-1-300x225.jpg 300w, https:\/\/www.hvisserbloemen.nl\/wp-content\/uploads\/2021\/08\/WhatsApp-Image-2021-07-16-at-10.09.35-7-1-768x576.jpg 768w, https:\/\/www.hvisserbloemen.nl\/wp-content\/uploads\/2021\/08\/WhatsApp-Image-2021-07-16-at-10.09.35-7-1-1000x750.jpg 1000w\" sizes=\"auto, (max-width: 1024px) 100vw, 1024px\" \/><\/figure><\/li><li class=\"blocks-gallery-item\"><figure><img loading=\"lazy\" decoding=\"async\" width=\"1024\" height=\"768\" src=\"https:\/\/www.hvisserbloemen.nl\/content\/uploads\/2021\/08\/WhatsApp-Image-2021-07-16-at-10.13.39-10-1.jpg\" alt=\"\" data-id=\"574\" data-full-url=\"https:\/\/www.hvisserbloemen.nl\/content\/uploads\/2021\/08\/WhatsApp-Image-2021-07-16-at-10.13.39-10-1.jpg\" data-link=\"https:\/\/www.hvisserbloemen.nl\/?attachment_id=574\" class=\"wp-image-574\" srcset=\"https:\/\/www.hvisserbloemen.nl\/wp-content\/uploads\/2021\/08\/WhatsApp-Image-2021-07-16-at-10.13.39-10-1.jpg 1024w, https:\/\/www.hvisserbloemen.nl\/wp-content\/uploads\/2021\/08\/WhatsApp-Image-2021-07-16-at-10.13.39-10-1-300x225.jpg 300w, https:\/\/www.hvisserbloemen.nl\/wp-content\/uploads\/2021\/08\/WhatsApp-Image-2021-07-16-at-10.13.39-10-1-768x576.jpg 768w, https:\/\/www.hvisserbloemen.nl\/wp-content\/uploads\/2021\/08\/WhatsApp-Image-2021-07-16-at-10.13.39-10-1-1000x750.jpg 1000w\" sizes=\"auto, (max-width: 1024px) 100vw, 1024px\" \/><\/figure><\/li><\/ul><\/figure>\n\n\n\n<p>Der Grund, warum sich Designer oft f\u00fcr uns entscheiden, ist die Qualit\u00e4t unserer Blumen, die Schnelligkeit, mit der wir liefern k\u00f6nnen, die gro\u00dfe Auswahl auch an exklusiven Blumen, aber nat\u00fcrlich auch der Einblick und das Gef\u00fchl f\u00fcr den Stil des Designers.\u00a0\u00a0\u00a0<\/p>\n\n\n\n<blockquote class=\"wp-block-quote is-layout-flow wp-block-quote-is-layout-flow\"><p><em><strong>&#8222;Die Blumen werden immer sorgf\u00e4ltig und mit dem richtigen Material verpackt, so dass ich mir keine Sorgen um die Qualit\u00e4t und den Zustand der Blumen machen muss.&#8220; <\/strong><\/em><br><em><strong>\u2013 Pascal, Designer<\/strong><\/em><\/p><\/blockquote>\n\n\n\n<p>Wir arbeiten mit Designern auf der ganzen Welt zusammen und sehen es als Herausforderung an, den Stil und die Kreativit\u00e4t der Designer jedes Mal zu unterst\u00fctzen, damit sie die sch\u00f6nsten Kreationen schaffen k\u00f6nnen.<\/p>\n\n\n\n<div class=\"intro txt\" style=\"padding:0;\">\n<div class=\"quote\">\n<p>Die Qualit\u00e4t der Blumen und die Auswahl sind au\u00dfergew\u00f6hnlich &#8211; Julia, Event-Planerin\n<\/p>\n<div class=\"image\" style=\"background-image:url(https:\/\/www.hvisserbloemen.nl\/wp-content\/uploads\/2021\/07\/events-quote.jpg);\"><\/div>\n<\/div><\/div>\n","protected":false},"excerpt":{"rendered":"<p>Blumen f\u00fcr jede exklusive Veranstaltung und Hochzeit Seit Jahren liefern wir Blumen f\u00fcr gro\u00dfe und exklusive Veranstaltungen in der ganzen Welt. Unsere Blumen konnte man zum Beispiel in Rom auf dem Petersplatz sehen, als der Papst den Ostersegen sprach. Auch bei gro\u00dfen Hochzeiten und Veranstaltungen, beispielsweise in Dubai und Indien, sowie bei der Gestaltung von [&hellip;]<\/p>\n","protected":false},"author":2,"featured_media":0,"parent":0,"menu_order":0,"comment_status":"closed","ping_status":"closed","template":"page-events.php","meta":{"_acf_changed":false,"footnotes":""},"class_list":["post-572","page","type-page","status-publish","hentry"],"acf":[],"yoast_head":"<!-- This site is optimized with the Yoast SEO plugin v26.0 - https:\/\/yoast.com\/wordpress\/plugins\/seo\/ -->\n<title>Veranstaltungen - Hans Visser Bloemenexport<\/title>\n<meta name=\"robots\" content=\"index, follow, max-snippet:-1, max-image-preview:large, max-video-preview:-1\" \/>\n<link rel=\"canonical\" href=\"https:\/\/www.hvisserbloemen.nl\/de\/veranstaltungen\/\" \/>\n<meta property=\"og:locale\" content=\"de_DE\" \/>\n<meta property=\"og:type\" content=\"article\" \/>\n<meta property=\"og:title\" content=\"Veranstaltungen - Hans Visser Bloemenexport\" \/>\n<meta property=\"og:description\" content=\"Blumen f\u00fcr jede exklusive Veranstaltung und Hochzeit Seit Jahren liefern wir Blumen f\u00fcr gro\u00dfe und exklusive Veranstaltungen in der ganzen Welt. Unsere Blumen konnte man zum Beispiel in Rom auf dem Petersplatz sehen, als der Papst den Ostersegen sprach. Auch bei gro\u00dfen Hochzeiten und Veranstaltungen, beispielsweise in Dubai und Indien, sowie bei der Gestaltung von [&hellip;]\" \/>\n<meta property=\"og:url\" content=\"https:\/\/www.hvisserbloemen.nl\/de\/veranstaltungen\/\" \/>\n<meta property=\"og:site_name\" content=\"Hans Visser Bloemenexport\" \/>\n<meta property=\"article:publisher\" content=\"https:\/\/www.facebook.com\/HansVisserFlowerExport\/\" \/>\n<meta property=\"article:modified_time\" content=\"2021-08-30T13:00:10+00:00\" \/>\n<meta property=\"og:image\" content=\"https:\/\/www.hvisserbloemen.nl\/content\/uploads\/2021\/08\/WhatsApp-Image-2021-07-16-at-10.09.35-7-1.jpg\" \/>\n<meta name=\"twitter:card\" content=\"summary_large_image\" \/>\n<meta name=\"twitter:label1\" content=\"Gesch\u00e4tzte Lesezeit\" \/>\n\t<meta name=\"twitter:data1\" content=\"2\u00a0Minuten\" \/>\n<script type=\"application\/ld+json\" class=\"yoast-schema-graph\">{\"@context\":\"https:\/\/schema.org\",\"@graph\":[{\"@type\":\"WebPage\",\"@id\":\"https:\/\/www.hvisserbloemen.nl\/de\/veranstaltungen\/\",\"url\":\"https:\/\/www.hvisserbloemen.nl\/de\/veranstaltungen\/\",\"name\":\"Veranstaltungen - Hans Visser Bloemenexport\",\"isPartOf\":{\"@id\":\"https:\/\/www.hvisserbloemen.nl\/de\/#website\"},\"primaryImageOfPage\":{\"@id\":\"https:\/\/www.hvisserbloemen.nl\/de\/veranstaltungen\/#primaryimage\"},\"image\":{\"@id\":\"https:\/\/www.hvisserbloemen.nl\/de\/veranstaltungen\/#primaryimage\"},\"thumbnailUrl\":\"https:\/\/www.hvisserbloemen.nl\/content\/uploads\/2021\/08\/WhatsApp-Image-2021-07-16-at-10.09.35-7-1.jpg\",\"datePublished\":\"2020-11-04T09:44:13+00:00\",\"dateModified\":\"2021-08-30T13:00:10+00:00\",\"breadcrumb\":{\"@id\":\"https:\/\/www.hvisserbloemen.nl\/de\/veranstaltungen\/#breadcrumb\"},\"inLanguage\":\"de\",\"potentialAction\":[{\"@type\":\"ReadAction\",\"target\":[\"https:\/\/www.hvisserbloemen.nl\/de\/veranstaltungen\/\"]}]},{\"@type\":\"ImageObject\",\"inLanguage\":\"de\",\"@id\":\"https:\/\/www.hvisserbloemen.nl\/de\/veranstaltungen\/#primaryimage\",\"url\":\"https:\/\/www.hvisserbloemen.nl\/content\/uploads\/2021\/08\/WhatsApp-Image-2021-07-16-at-10.09.35-7-1.jpg\",\"contentUrl\":\"https:\/\/www.hvisserbloemen.nl\/content\/uploads\/2021\/08\/WhatsApp-Image-2021-07-16-at-10.09.35-7-1.jpg\"},{\"@type\":\"BreadcrumbList\",\"@id\":\"https:\/\/www.hvisserbloemen.nl\/de\/veranstaltungen\/#breadcrumb\",\"itemListElement\":[{\"@type\":\"ListItem\",\"position\":1,\"name\":\"Home\",\"item\":\"https:\/\/hvisser.dev.mooijit.nl\/de\/hans-visser-blumen\/\"},{\"@type\":\"ListItem\",\"position\":2,\"name\":\"Veranstaltungen\"}]},{\"@type\":\"WebSite\",\"@id\":\"https:\/\/www.hvisserbloemen.nl\/de\/#website\",\"url\":\"https:\/\/www.hvisserbloemen.nl\/de\/\",\"name\":\"Hans Visser Bloemenexport\",\"description\":\"Uw b.loemenaanbod moet exact voldoen aan de kwaliteitsverwachtingen van uw klanten. Dat is uw onderscheidend vermogen. Hans Visser Bloemen begrijpt dat. Uw vraag staat bij ons centraal. Wij kopen in wat u nodig heeft en verwerken en verzenden uw producten gekoeld naar het juiste afleveradres. Of u nu gevestigd bent in Europa of daarbuiten.\",\"potentialAction\":[{\"@type\":\"SearchAction\",\"target\":{\"@type\":\"EntryPoint\",\"urlTemplate\":\"https:\/\/www.hvisserbloemen.nl\/de\/?s={search_term_string}\"},\"query-input\":{\"@type\":\"PropertyValueSpecification\",\"valueRequired\":true,\"valueName\":\"search_term_string\"}}],\"inLanguage\":\"de\"}]}<\/script>\n<!-- \/ Yoast SEO plugin. -->","yoast_head_json":{"title":"Veranstaltungen - Hans Visser Bloemenexport","robots":{"index":"index","follow":"follow","max-snippet":"max-snippet:-1","max-image-preview":"max-image-preview:large","max-video-preview":"max-video-preview:-1"},"canonical":"https:\/\/www.hvisserbloemen.nl\/de\/veranstaltungen\/","og_locale":"de_DE","og_type":"article","og_title":"Veranstaltungen - Hans Visser Bloemenexport","og_description":"Blumen f\u00fcr jede exklusive Veranstaltung und Hochzeit Seit Jahren liefern wir Blumen f\u00fcr gro\u00dfe und exklusive Veranstaltungen in der ganzen Welt. Unsere Blumen konnte man zum Beispiel in Rom auf dem Petersplatz sehen, als der Papst den Ostersegen sprach. Auch bei gro\u00dfen Hochzeiten und Veranstaltungen, beispielsweise in Dubai und Indien, sowie bei der Gestaltung von [&hellip;]","og_url":"https:\/\/www.hvisserbloemen.nl\/de\/veranstaltungen\/","og_site_name":"Hans Visser Bloemenexport","article_publisher":"https:\/\/www.facebook.com\/HansVisserFlowerExport\/","article_modified_time":"2021-08-30T13:00:10+00:00","og_image":[{"url":"https:\/\/www.hvisserbloemen.nl\/content\/uploads\/2021\/08\/WhatsApp-Image-2021-07-16-at-10.09.35-7-1.jpg","type":"","width":"","height":""}],"twitter_card":"summary_large_image","twitter_misc":{"Gesch\u00e4tzte Lesezeit":"2\u00a0Minuten"},"schema":{"@context":"https:\/\/schema.org","@graph":[{"@type":"WebPage","@id":"https:\/\/www.hvisserbloemen.nl\/de\/veranstaltungen\/","url":"https:\/\/www.hvisserbloemen.nl\/de\/veranstaltungen\/","name":"Veranstaltungen - Hans Visser Bloemenexport","isPartOf":{"@id":"https:\/\/www.hvisserbloemen.nl\/de\/#website"},"primaryImageOfPage":{"@id":"https:\/\/www.hvisserbloemen.nl\/de\/veranstaltungen\/#primaryimage"},"image":{"@id":"https:\/\/www.hvisserbloemen.nl\/de\/veranstaltungen\/#primaryimage"},"thumbnailUrl":"https:\/\/www.hvisserbloemen.nl\/content\/uploads\/2021\/08\/WhatsApp-Image-2021-07-16-at-10.09.35-7-1.jpg","datePublished":"2020-11-04T09:44:13+00:00","dateModified":"2021-08-30T13:00:10+00:00","breadcrumb":{"@id":"https:\/\/www.hvisserbloemen.nl\/de\/veranstaltungen\/#breadcrumb"},"inLanguage":"de","potentialAction":[{"@type":"ReadAction","target":["https:\/\/www.hvisserbloemen.nl\/de\/veranstaltungen\/"]}]},{"@type":"ImageObject","inLanguage":"de","@id":"https:\/\/www.hvisserbloemen.nl\/de\/veranstaltungen\/#primaryimage","url":"https:\/\/www.hvisserbloemen.nl\/content\/uploads\/2021\/08\/WhatsApp-Image-2021-07-16-at-10.09.35-7-1.jpg","contentUrl":"https:\/\/www.hvisserbloemen.nl\/content\/uploads\/2021\/08\/WhatsApp-Image-2021-07-16-at-10.09.35-7-1.jpg"},{"@type":"BreadcrumbList","@id":"https:\/\/www.hvisserbloemen.nl\/de\/veranstaltungen\/#breadcrumb","itemListElement":[{"@type":"ListItem","position":1,"name":"Home","item":"https:\/\/hvisser.dev.mooijit.nl\/de\/hans-visser-blumen\/"},{"@type":"ListItem","position":2,"name":"Veranstaltungen"}]},{"@type":"WebSite","@id":"https:\/\/www.hvisserbloemen.nl\/de\/#website","url":"https:\/\/www.hvisserbloemen.nl\/de\/","name":"Hans Visser Bloemenexport","description":"Uw b.loemenaanbod moet exact voldoen aan de kwaliteitsverwachtingen van uw klanten. Dat is uw onderscheidend vermogen. Hans Visser Bloemen begrijpt dat. Uw vraag staat bij ons centraal. Wij kopen in wat u nodig heeft en verwerken en verzenden uw producten gekoeld naar het juiste afleveradres. Of u nu gevestigd bent in Europa of daarbuiten.","potentialAction":[{"@type":"SearchAction","target":{"@type":"EntryPoint","urlTemplate":"https:\/\/www.hvisserbloemen.nl\/de\/?s={search_term_string}"},"query-input":{"@type":"PropertyValueSpecification","valueRequired":true,"valueName":"search_term_string"}}],"inLanguage":"de"}]}},"_links":{"self":[{"href":"https:\/\/www.hvisserbloemen.nl\/de\/wp-json\/wp\/v2\/pages\/572","targetHints":{"allow":["GET"]}}],"collection":[{"href":"https:\/\/www.hvisserbloemen.nl\/de\/wp-json\/wp\/v2\/pages"}],"about":[{"href":"https:\/\/www.hvisserbloemen.nl\/de\/wp-json\/wp\/v2\/types\/page"}],"author":[{"embeddable":true,"href":"https:\/\/www.hvisserbloemen.nl\/de\/wp-json\/wp\/v2\/users\/2"}],"replies":[{"embeddable":true,"href":"https:\/\/www.hvisserbloemen.nl\/de\/wp-json\/wp\/v2\/comments?post=572"}],"version-history":[{"count":2,"href":"https:\/\/www.hvisserbloemen.nl\/de\/wp-json\/wp\/v2\/pages\/572\/revisions"}],"predecessor-version":[{"id":577,"href":"https:\/\/www.hvisserbloemen.nl\/de\/wp-json\/wp\/v2\/pages\/572\/revisions\/577"}],"wp:attachment":[{"href":"https:\/\/www.hvisserbloemen.nl\/de\/wp-json\/wp\/v2\/media?parent=572"}],"curies":[{"name":"wp","href":"https:\/\/api.w.org\/{rel}","templated":true}]}}