{"id":595,"date":"2020-07-02T20:42:43","date_gmt":"2020-07-02T20:42:43","guid":{"rendered":"https:\/\/www.hvisserbloemen.nl\/?page_id=595"},"modified":"2021-08-30T13:12:27","modified_gmt":"2021-08-30T13:12:27","slug":"kunde-werden","status":"publish","type":"page","link":"https:\/\/www.hvisserbloemen.nl\/de\/kunde-werden\/","title":{"rendered":"Kunde werden"},"content":{"rendered":"\n<p>Wir m\u00f6chten Sie einladen, sich von der Qualit\u00e4t von Hans Visser Bloemen zu \u00fcberzeugen. Um Ihnen den bestm\u00f6glichen Service bieten zu k\u00f6nnen, bitten wir Sie, das Anmeldeformular so vollst\u00e4ndig wie m\u00f6glich auszuf\u00fcllen und an uns zu senden. Wenn Sie Fragen haben, z\u00f6gern Sie bitte nicht, uns anzurufen oder eine E-Mail zu schreiben. Hans Visser Bloemen wird Ihnen gerne behilflich sein!<\/p>\n\n\n\n<p>+31 (0)297 515151<br><a href=\"mailto:info@hvisserbloemen.nl\">info@hvisserbloemen.nl<\/a><\/p>\n","protected":false},"excerpt":{"rendered":"<p>Wir m\u00f6chten Sie einladen, sich von der Qualit\u00e4t von Hans Visser Bloemen zu \u00fcberzeugen. Um Ihnen den bestm\u00f6glichen Service bieten zu k\u00f6nnen, bitten wir Sie, das Anmeldeformular so vollst\u00e4ndig wie m\u00f6glich auszuf\u00fcllen und an uns zu senden. Wenn Sie Fragen haben, z\u00f6gern Sie bitte nicht, uns anzurufen oder eine E-Mail zu schreiben. Hans Visser Bloemen [&hellip;]<\/p>\n","protected":false},"author":2,"featured_media":0,"parent":0,"menu_order":0,"comment_status":"closed","ping_status":"closed","template":"page-contact.php","meta":{"_acf_changed":false,"footnotes":""},"class_list":["post-595","page","type-page","status-publish","hentry"],"acf":[],"yoast_head":"<!-- This site is optimized with the Yoast SEO plugin v26.0 - https:\/\/yoast.com\/wordpress\/plugins\/seo\/ -->\n<title>Kunde werden - Hans Visser Bloemenexport<\/title>\n<meta name=\"robots\" content=\"index, follow, max-snippet:-1, max-image-preview:large, max-video-preview:-1\" \/>\n<link rel=\"canonical\" href=\"https:\/\/www.hvisserbloemen.nl\/de\/kunde-werden\/\" \/>\n<meta property=\"og:locale\" content=\"de_DE\" \/>\n<meta property=\"og:type\" content=\"article\" \/>\n<meta property=\"og:title\" content=\"Kunde werden - Hans Visser Bloemenexport\" \/>\n<meta property=\"og:description\" content=\"Wir m\u00f6chten Sie einladen, sich von der Qualit\u00e4t von Hans Visser Bloemen zu \u00fcberzeugen. Um Ihnen den bestm\u00f6glichen Service bieten zu k\u00f6nnen, bitten wir Sie, das Anmeldeformular so vollst\u00e4ndig wie m\u00f6glich auszuf\u00fcllen und an uns zu senden. Wenn Sie Fragen haben, z\u00f6gern Sie bitte nicht, uns anzurufen oder eine E-Mail zu schreiben. Hans Visser Bloemen [&hellip;]\" \/>\n<meta property=\"og:url\" content=\"https:\/\/www.hvisserbloemen.nl\/de\/kunde-werden\/\" \/>\n<meta property=\"og:site_name\" content=\"Hans Visser Bloemenexport\" \/>\n<meta property=\"article:publisher\" content=\"https:\/\/www.facebook.com\/HansVisserFlowerExport\/\" \/>\n<meta property=\"article:modified_time\" content=\"2021-08-30T13:12:27+00:00\" \/>\n<meta name=\"twitter:card\" content=\"summary_large_image\" \/>\n<meta name=\"twitter:label1\" content=\"Gesch\u00e4tzte Lesezeit\" \/>\n\t<meta name=\"twitter:data1\" content=\"1\u00a0Minute\" \/>\n<script type=\"application\/ld+json\" class=\"yoast-schema-graph\">{\"@context\":\"https:\/\/schema.org\",\"@graph\":[{\"@type\":\"WebPage\",\"@id\":\"https:\/\/www.hvisserbloemen.nl\/de\/kunde-werden\/\",\"url\":\"https:\/\/www.hvisserbloemen.nl\/de\/kunde-werden\/\",\"name\":\"Kunde werden - Hans Visser Bloemenexport\",\"isPartOf\":{\"@id\":\"https:\/\/www.hvisserbloemen.nl\/de\/#website\"},\"datePublished\":\"2020-07-02T20:42:43+00:00\",\"dateModified\":\"2021-08-30T13:12:27+00:00\",\"breadcrumb\":{\"@id\":\"https:\/\/www.hvisserbloemen.nl\/de\/kunde-werden\/#breadcrumb\"},\"inLanguage\":\"de\",\"potentialAction\":[{\"@type\":\"ReadAction\",\"target\":[\"https:\/\/www.hvisserbloemen.nl\/de\/kunde-werden\/\"]}]},{\"@type\":\"BreadcrumbList\",\"@id\":\"https:\/\/www.hvisserbloemen.nl\/de\/kunde-werden\/#breadcrumb\",\"itemListElement\":[{\"@type\":\"ListItem\",\"position\":1,\"name\":\"Home\",\"item\":\"https:\/\/hvisser.dev.mooijit.nl\/de\/hans-visser-blumen\/\"},{\"@type\":\"ListItem\",\"position\":2,\"name\":\"Kunde werden\"}]},{\"@type\":\"WebSite\",\"@id\":\"https:\/\/www.hvisserbloemen.nl\/de\/#website\",\"url\":\"https:\/\/www.hvisserbloemen.nl\/de\/\",\"name\":\"Hans Visser Bloemenexport\",\"description\":\"Uw b.loemenaanbod moet exact voldoen aan de kwaliteitsverwachtingen van uw klanten. Dat is uw onderscheidend vermogen. Hans Visser Bloemen begrijpt dat. Uw vraag staat bij ons centraal. Wij kopen in wat u nodig heeft en verwerken en verzenden uw producten gekoeld naar het juiste afleveradres. Of u nu gevestigd bent in Europa of daarbuiten.\",\"potentialAction\":[{\"@type\":\"SearchAction\",\"target\":{\"@type\":\"EntryPoint\",\"urlTemplate\":\"https:\/\/www.hvisserbloemen.nl\/de\/?s={search_term_string}\"},\"query-input\":{\"@type\":\"PropertyValueSpecification\",\"valueRequired\":true,\"valueName\":\"search_term_string\"}}],\"inLanguage\":\"de\"}]}<\/script>\n<!-- \/ Yoast SEO plugin. -->","yoast_head_json":{"title":"Kunde werden - Hans Visser Bloemenexport","robots":{"index":"index","follow":"follow","max-snippet":"max-snippet:-1","max-image-preview":"max-image-preview:large","max-video-preview":"max-video-preview:-1"},"canonical":"https:\/\/www.hvisserbloemen.nl\/de\/kunde-werden\/","og_locale":"de_DE","og_type":"article","og_title":"Kunde werden - Hans Visser Bloemenexport","og_description":"Wir m\u00f6chten Sie einladen, sich von der Qualit\u00e4t von Hans Visser Bloemen zu \u00fcberzeugen. Um Ihnen den bestm\u00f6glichen Service bieten zu k\u00f6nnen, bitten wir Sie, das Anmeldeformular so vollst\u00e4ndig wie m\u00f6glich auszuf\u00fcllen und an uns zu senden. Wenn Sie Fragen haben, z\u00f6gern Sie bitte nicht, uns anzurufen oder eine E-Mail zu schreiben. Hans Visser Bloemen [&hellip;]","og_url":"https:\/\/www.hvisserbloemen.nl\/de\/kunde-werden\/","og_site_name":"Hans Visser Bloemenexport","article_publisher":"https:\/\/www.facebook.com\/HansVisserFlowerExport\/","article_modified_time":"2021-08-30T13:12:27+00:00","twitter_card":"summary_large_image","twitter_misc":{"Gesch\u00e4tzte Lesezeit":"1\u00a0Minute"},"schema":{"@context":"https:\/\/schema.org","@graph":[{"@type":"WebPage","@id":"https:\/\/www.hvisserbloemen.nl\/de\/kunde-werden\/","url":"https:\/\/www.hvisserbloemen.nl\/de\/kunde-werden\/","name":"Kunde werden - Hans Visser Bloemenexport","isPartOf":{"@id":"https:\/\/www.hvisserbloemen.nl\/de\/#website"},"datePublished":"2020-07-02T20:42:43+00:00","dateModified":"2021-08-30T13:12:27+00:00","breadcrumb":{"@id":"https:\/\/www.hvisserbloemen.nl\/de\/kunde-werden\/#breadcrumb"},"inLanguage":"de","potentialAction":[{"@type":"ReadAction","target":["https:\/\/www.hvisserbloemen.nl\/de\/kunde-werden\/"]}]},{"@type":"BreadcrumbList","@id":"https:\/\/www.hvisserbloemen.nl\/de\/kunde-werden\/#breadcrumb","itemListElement":[{"@type":"ListItem","position":1,"name":"Home","item":"https:\/\/hvisser.dev.mooijit.nl\/de\/hans-visser-blumen\/"},{"@type":"ListItem","position":2,"name":"Kunde werden"}]},{"@type":"WebSite","@id":"https:\/\/www.hvisserbloemen.nl\/de\/#website","url":"https:\/\/www.hvisserbloemen.nl\/de\/","name":"Hans Visser Bloemenexport","description":"Uw b.loemenaanbod moet exact voldoen aan de kwaliteitsverwachtingen van uw klanten. Dat is uw onderscheidend vermogen. Hans Visser Bloemen begrijpt dat. Uw vraag staat bij ons centraal. Wij kopen in wat u nodig heeft en verwerken en verzenden uw producten gekoeld naar het juiste afleveradres. Of u nu gevestigd bent in Europa of daarbuiten.","potentialAction":[{"@type":"SearchAction","target":{"@type":"EntryPoint","urlTemplate":"https:\/\/www.hvisserbloemen.nl\/de\/?s={search_term_string}"},"query-input":{"@type":"PropertyValueSpecification","valueRequired":true,"valueName":"search_term_string"}}],"inLanguage":"de"}]}},"_links":{"self":[{"href":"https:\/\/www.hvisserbloemen.nl\/de\/wp-json\/wp\/v2\/pages\/595","targetHints":{"allow":["GET"]}}],"collection":[{"href":"https:\/\/www.hvisserbloemen.nl\/de\/wp-json\/wp\/v2\/pages"}],"about":[{"href":"https:\/\/www.hvisserbloemen.nl\/de\/wp-json\/wp\/v2\/types\/page"}],"author":[{"embeddable":true,"href":"https:\/\/www.hvisserbloemen.nl\/de\/wp-json\/wp\/v2\/users\/2"}],"replies":[{"embeddable":true,"href":"https:\/\/www.hvisserbloemen.nl\/de\/wp-json\/wp\/v2\/comments?post=595"}],"version-history":[{"count":2,"href":"https:\/\/www.hvisserbloemen.nl\/de\/wp-json\/wp\/v2\/pages\/595\/revisions"}],"predecessor-version":[{"id":607,"href":"https:\/\/www.hvisserbloemen.nl\/de\/wp-json\/wp\/v2\/pages\/595\/revisions\/607"}],"wp:attachment":[{"href":"https:\/\/www.hvisserbloemen.nl\/de\/wp-json\/wp\/v2\/media?parent=595"}],"curies":[{"name":"wp","href":"https:\/\/api.w.org\/{rel}","templated":true}]}}