{"id":629,"date":"2020-06-24T23:19:51","date_gmt":"2020-06-24T23:19:51","guid":{"rendered":"https:\/\/www.hvisserbloemen.nl\/?page_id=629"},"modified":"2021-09-02T18:53:40","modified_gmt":"2021-09-02T18:53:40","slug":"uber-uns","status":"publish","type":"page","link":"https:\/\/www.hvisserbloemen.nl\/de\/uber-uns\/","title":{"rendered":"\u00dcber uns"},"content":{"rendered":"\n<h1 class=\"wp-block-heading\">\u00dcber Hans Visser<\/h1>\n\n\n\n<p>Hans Visser Bloemen ist urspr\u00fcnglich ein Familienunternehmen, das sich inzwischen zu einem der gr\u00f6\u00dften Blumenexporteure der Niederlande entwickelt hat. Wir sind ein modernes Unternehmen, das Blumen nach Europa, in den Nahen Osten und nach Asien exportiert.&nbsp;Unser Angebot an hochwertigen Schnittblumen, Schnittgr\u00fcn, Dekorationsmaterial und verwandten Artikeln ist sehr umfangreich. Jeden Tag werden Tausende von frischen Blumen von unseren Fachverk\u00e4ufern und in unserem Webshop pers\u00f6nlich angeboten.&nbsp;<\/p>\n\n\n\n<p>Der pers\u00f6nliche Kontakt ist uns nach wie vor wichtig, deshalb haben Sie als Kunde einen festen Ansprechpartner bei uns. Sie k\u00f6nnen Ihre Fragen oder W\u00fcnsche in Ihrer eigenen Sprache per Telefon, WhatsApp und\/oder E-Mail besprechen.<\/p>\n\n\n\n<p><strong>Willkommen bei der Familie Hans Visser Bloemen!<\/strong><\/p>\n","protected":false},"excerpt":{"rendered":"<p>\u00dcber Hans Visser Hans Visser Bloemen ist urspr\u00fcnglich ein Familienunternehmen, das sich inzwischen zu einem der gr\u00f6\u00dften Blumenexporteure der Niederlande entwickelt hat. Wir sind ein modernes Unternehmen, das Blumen nach Europa, in den Nahen Osten und nach Asien exportiert.&nbsp;Unser Angebot an hochwertigen Schnittblumen, Schnittgr\u00fcn, Dekorationsmaterial und verwandten Artikeln ist sehr umfangreich. Jeden Tag werden Tausende [&hellip;]<\/p>\n","protected":false},"author":2,"featured_media":0,"parent":0,"menu_order":0,"comment_status":"closed","ping_status":"closed","template":"page_extra_text.php","meta":{"_acf_changed":false,"footnotes":""},"class_list":["post-629","page","type-page","status-publish","hentry"],"acf":[],"yoast_head":"<!-- This site is optimized with the Yoast SEO plugin v26.0 - https:\/\/yoast.com\/wordpress\/plugins\/seo\/ -->\n<title>\u00dcber uns - Hans Visser Bloemenexport<\/title>\n<meta name=\"robots\" content=\"index, follow, max-snippet:-1, max-image-preview:large, max-video-preview:-1\" \/>\n<link rel=\"canonical\" href=\"https:\/\/www.hvisserbloemen.nl\/de\/uber-uns\/\" \/>\n<meta property=\"og:locale\" content=\"de_DE\" \/>\n<meta property=\"og:type\" content=\"article\" \/>\n<meta property=\"og:title\" content=\"\u00dcber uns - Hans Visser Bloemenexport\" \/>\n<meta property=\"og:description\" content=\"\u00dcber Hans Visser Hans Visser Bloemen ist urspr\u00fcnglich ein Familienunternehmen, das sich inzwischen zu einem der gr\u00f6\u00dften Blumenexporteure der Niederlande entwickelt hat. Wir sind ein modernes Unternehmen, das Blumen nach Europa, in den Nahen Osten und nach Asien exportiert.&nbsp;Unser Angebot an hochwertigen Schnittblumen, Schnittgr\u00fcn, Dekorationsmaterial und verwandten Artikeln ist sehr umfangreich. Jeden Tag werden Tausende [&hellip;]\" \/>\n<meta property=\"og:url\" content=\"https:\/\/www.hvisserbloemen.nl\/de\/uber-uns\/\" \/>\n<meta property=\"og:site_name\" content=\"Hans Visser Bloemenexport\" \/>\n<meta property=\"article:publisher\" content=\"https:\/\/www.facebook.com\/HansVisserFlowerExport\/\" \/>\n<meta property=\"article:modified_time\" content=\"2021-09-02T18:53:40+00:00\" \/>\n<meta name=\"twitter:card\" content=\"summary_large_image\" \/>\n<meta name=\"twitter:label1\" content=\"Gesch\u00e4tzte Lesezeit\" \/>\n\t<meta name=\"twitter:data1\" content=\"1\u00a0Minute\" \/>\n<script type=\"application\/ld+json\" class=\"yoast-schema-graph\">{\"@context\":\"https:\/\/schema.org\",\"@graph\":[{\"@type\":\"WebPage\",\"@id\":\"https:\/\/www.hvisserbloemen.nl\/de\/uber-uns\/\",\"url\":\"https:\/\/www.hvisserbloemen.nl\/de\/uber-uns\/\",\"name\":\"\u00dcber uns - Hans Visser Bloemenexport\",\"isPartOf\":{\"@id\":\"https:\/\/www.hvisserbloemen.nl\/de\/#website\"},\"datePublished\":\"2020-06-24T23:19:51+00:00\",\"dateModified\":\"2021-09-02T18:53:40+00:00\",\"breadcrumb\":{\"@id\":\"https:\/\/www.hvisserbloemen.nl\/de\/uber-uns\/#breadcrumb\"},\"inLanguage\":\"de\",\"potentialAction\":[{\"@type\":\"ReadAction\",\"target\":[\"https:\/\/www.hvisserbloemen.nl\/de\/uber-uns\/\"]}]},{\"@type\":\"BreadcrumbList\",\"@id\":\"https:\/\/www.hvisserbloemen.nl\/de\/uber-uns\/#breadcrumb\",\"itemListElement\":[{\"@type\":\"ListItem\",\"position\":1,\"name\":\"Home\",\"item\":\"https:\/\/hvisser.dev.mooijit.nl\/de\/hans-visser-blumen\/\"},{\"@type\":\"ListItem\",\"position\":2,\"name\":\"\u00dcber uns\"}]},{\"@type\":\"WebSite\",\"@id\":\"https:\/\/www.hvisserbloemen.nl\/de\/#website\",\"url\":\"https:\/\/www.hvisserbloemen.nl\/de\/\",\"name\":\"Hans Visser Bloemenexport\",\"description\":\"Uw b.loemenaanbod moet exact voldoen aan de kwaliteitsverwachtingen van uw klanten. Dat is uw onderscheidend vermogen. Hans Visser Bloemen begrijpt dat. Uw vraag staat bij ons centraal. Wij kopen in wat u nodig heeft en verwerken en verzenden uw producten gekoeld naar het juiste afleveradres. Of u nu gevestigd bent in Europa of daarbuiten.\",\"potentialAction\":[{\"@type\":\"SearchAction\",\"target\":{\"@type\":\"EntryPoint\",\"urlTemplate\":\"https:\/\/www.hvisserbloemen.nl\/de\/?s={search_term_string}\"},\"query-input\":{\"@type\":\"PropertyValueSpecification\",\"valueRequired\":true,\"valueName\":\"search_term_string\"}}],\"inLanguage\":\"de\"}]}<\/script>\n<!-- \/ Yoast SEO plugin. -->","yoast_head_json":{"title":"\u00dcber uns - Hans Visser Bloemenexport","robots":{"index":"index","follow":"follow","max-snippet":"max-snippet:-1","max-image-preview":"max-image-preview:large","max-video-preview":"max-video-preview:-1"},"canonical":"https:\/\/www.hvisserbloemen.nl\/de\/uber-uns\/","og_locale":"de_DE","og_type":"article","og_title":"\u00dcber uns - Hans Visser Bloemenexport","og_description":"\u00dcber Hans Visser Hans Visser Bloemen ist urspr\u00fcnglich ein Familienunternehmen, das sich inzwischen zu einem der gr\u00f6\u00dften Blumenexporteure der Niederlande entwickelt hat. Wir sind ein modernes Unternehmen, das Blumen nach Europa, in den Nahen Osten und nach Asien exportiert.&nbsp;Unser Angebot an hochwertigen Schnittblumen, Schnittgr\u00fcn, Dekorationsmaterial und verwandten Artikeln ist sehr umfangreich. Jeden Tag werden Tausende [&hellip;]","og_url":"https:\/\/www.hvisserbloemen.nl\/de\/uber-uns\/","og_site_name":"Hans Visser Bloemenexport","article_publisher":"https:\/\/www.facebook.com\/HansVisserFlowerExport\/","article_modified_time":"2021-09-02T18:53:40+00:00","twitter_card":"summary_large_image","twitter_misc":{"Gesch\u00e4tzte Lesezeit":"1\u00a0Minute"},"schema":{"@context":"https:\/\/schema.org","@graph":[{"@type":"WebPage","@id":"https:\/\/www.hvisserbloemen.nl\/de\/uber-uns\/","url":"https:\/\/www.hvisserbloemen.nl\/de\/uber-uns\/","name":"\u00dcber uns - Hans Visser Bloemenexport","isPartOf":{"@id":"https:\/\/www.hvisserbloemen.nl\/de\/#website"},"datePublished":"2020-06-24T23:19:51+00:00","dateModified":"2021-09-02T18:53:40+00:00","breadcrumb":{"@id":"https:\/\/www.hvisserbloemen.nl\/de\/uber-uns\/#breadcrumb"},"inLanguage":"de","potentialAction":[{"@type":"ReadAction","target":["https:\/\/www.hvisserbloemen.nl\/de\/uber-uns\/"]}]},{"@type":"BreadcrumbList","@id":"https:\/\/www.hvisserbloemen.nl\/de\/uber-uns\/#breadcrumb","itemListElement":[{"@type":"ListItem","position":1,"name":"Home","item":"https:\/\/hvisser.dev.mooijit.nl\/de\/hans-visser-blumen\/"},{"@type":"ListItem","position":2,"name":"\u00dcber uns"}]},{"@type":"WebSite","@id":"https:\/\/www.hvisserbloemen.nl\/de\/#website","url":"https:\/\/www.hvisserbloemen.nl\/de\/","name":"Hans Visser Bloemenexport","description":"Uw b.loemenaanbod moet exact voldoen aan de kwaliteitsverwachtingen van uw klanten. Dat is uw onderscheidend vermogen. Hans Visser Bloemen begrijpt dat. Uw vraag staat bij ons centraal. Wij kopen in wat u nodig heeft en verwerken en verzenden uw producten gekoeld naar het juiste afleveradres. Of u nu gevestigd bent in Europa of daarbuiten.","potentialAction":[{"@type":"SearchAction","target":{"@type":"EntryPoint","urlTemplate":"https:\/\/www.hvisserbloemen.nl\/de\/?s={search_term_string}"},"query-input":{"@type":"PropertyValueSpecification","valueRequired":true,"valueName":"search_term_string"}}],"inLanguage":"de"}]}},"_links":{"self":[{"href":"https:\/\/www.hvisserbloemen.nl\/de\/wp-json\/wp\/v2\/pages\/629","targetHints":{"allow":["GET"]}}],"collection":[{"href":"https:\/\/www.hvisserbloemen.nl\/de\/wp-json\/wp\/v2\/pages"}],"about":[{"href":"https:\/\/www.hvisserbloemen.nl\/de\/wp-json\/wp\/v2\/types\/page"}],"author":[{"embeddable":true,"href":"https:\/\/www.hvisserbloemen.nl\/de\/wp-json\/wp\/v2\/users\/2"}],"replies":[{"embeddable":true,"href":"https:\/\/www.hvisserbloemen.nl\/de\/wp-json\/wp\/v2\/comments?post=629"}],"version-history":[{"count":9,"href":"https:\/\/www.hvisserbloemen.nl\/de\/wp-json\/wp\/v2\/pages\/629\/revisions"}],"predecessor-version":[{"id":787,"href":"https:\/\/www.hvisserbloemen.nl\/de\/wp-json\/wp\/v2\/pages\/629\/revisions\/787"}],"wp:attachment":[{"href":"https:\/\/www.hvisserbloemen.nl\/de\/wp-json\/wp\/v2\/media?parent=629"}],"curies":[{"name":"wp","href":"https:\/\/api.w.org\/{rel}","templated":true}]}}