{"id":769,"date":"2020-07-09T12:43:58","date_gmt":"2020-07-09T12:43:58","guid":{"rendered":"https:\/\/www.hvisserbloemen.nl\/?page_id=769"},"modified":"2021-08-30T19:35:23","modified_gmt":"2021-08-30T19:35:23","slug":"datenschutzerklarung","status":"publish","type":"page","link":"https:\/\/www.hvisserbloemen.nl\/de\/datenschutzerklarung\/","title":{"rendered":"Datenschutzerkl\u00e4rung"},"content":{"rendered":"\n<h4 class=\"wp-block-heading\">1. Pers\u00f6nliche Daten, die wir verarbeiten<\/h4>\n\n\n\n<p>Hans Visser Bloemen B.V. nimmt den Schutz Ihrer Daten ernst. Wir verarbeiten Daten zu Ihrer Person im Rahmen Ihrer Nutzung unserer Website und Dienste sowie dadurch, dass Sie uns diese Daten selbst zutragen. Wir tun unser Bestes, um die Daten, die Sie uns erteilt haben, auf sorgf\u00e4ltige Weise zu verarbeiten. Diese Datenschutzerkl\u00e4rung gibt Ihnen eine klare \u00dcbersicht dar\u00fcber, welche personenbezogenen Daten wir verarbeiten, wie wir mit diesen pers\u00f6nlichen Daten umgehen und erkl\u00e4rt au\u00dferdem so deutlich wie m\u00f6glich, warum wir diese sammeln. Im Sinne der Datenschutz-Grundverordnung ist Hans Visser Bloemen B.V. diesbez\u00fcglich ein sogenannter &#8222;Verantwortlicher&#8220;.<\/p>\n\n\n\n<h4 class=\"wp-block-heading\">2. Eine \u00dcbersicht zu den pers\u00f6nlichen Daten, die wir verarbeiten<\/h4>\n\n\n\n<p>Von Ihnen als Website-Besucher:<\/p>\n\n\n\n<ul class=\"wp-block-list\"><li>Vor- und Nachname<\/li><li>Adressdetails<\/li><li>Telefonnummer<\/li><li>Faxnummer<\/li><li>E-Mail-Adresse<\/li><li>Sonstige pers\u00f6nliche Daten, die Sie beim Kontakt aktiv \u00fcbermitteln<\/li><li>Daten zum Standort<\/li><li>Daten \u00fcber Ihre Aktivit\u00e4ten auf unserer Website<\/li><li>IP-Addresse<\/li><li>Internetbrowser und Ger\u00e4tetyp<\/li><\/ul>\n\n\n\n<h4 class=\"wp-block-heading\">3. Besondere und\/oder sensible pers\u00f6nliche Daten, die wir verarbeiten<\/h4>\n\n\n\n<p><strong>Minderj\u00e4hrige<\/strong><br>Unsere Website und Dienstleistungen verfolgen nicht die Absicht, Daten \u00fcber Website-Besucher, die j\u00fcnger als 16 Jahre alt sind, zu sammeln, es sei denn, die Zustimmung der Eltern oder des Vormunds liegt vor. Hans Visser Bloemen B.V. kann nicht \u00fcberpr\u00fcfen, ob ein Besucher \u00e4lter als 16 ist, deshalb empfehlen wir Eltern, die Online-Aktivit\u00e4ten ihrer Kinder zu \u00fcberwachen. So k\u00f6nnen wir gemeinsam vermeiden, dass Daten \u00fcber Kinder ohne Zustimmung der Eltern gesammelt werden.<\/p>\n\n\n\n<p><strong>Kontaktieren Sie uns, wenn Sie vermuten, dass wir etwas falsch gemacht haben.<\/strong><br>Wenn Sie vermuten, dass wir personenbezogene Daten \u00fcber einen Minderj\u00e4hrigen ohne die vorstehend genannte Einwilligung gesammelt haben, kontaktieren Sie uns bitte \u00fcber info@hvisserbloemen.nl. Wir werden diese Informationen sofort l\u00f6schen.<\/p>\n\n\n\n<h4 class=\"wp-block-heading\">4. Warum und wie lange wir Daten ben\u00f6tigen<\/h4>\n\n\n\n<p><strong>Hans Visser Bloemen B.V. verarbeitet Ihre pers\u00f6nlichen Daten zu folgenden Zwecken:<\/strong><\/p>\n\n\n\n<ul class=\"wp-block-list\"><li>Um Sie bei Bedarf per E-Mail zwecks Ausf\u00fchrung unserer Dienstleistung kontaktieren zu k\u00f6nnen;<\/li><li>Um Ihnen die M\u00f6glichkeit zu geben, Kunde von Hans Visser Bloemen BV zu werden;<\/li><li>Damit Sie sich f\u00fcr die Nachrichtenpost anmelden k\u00f6nnen;<\/li><li>Um Ihnen auf Wunsch Informationen nach Anforderung \u00fcber das Kontaktformular schicken zu k\u00f6nnen und schlie\u00dflich<\/li><li>Um Ihr Verhalten auf der Website zu analysieren, mit dem Ziel, unsere Website hierdurch zu verbessern und diese auf Ihre Pr\u00e4ferenzen abzustimmen.<\/li><\/ul>\n\n\n\n<p><strong>Wie lange wir Daten speichern<\/strong><br>Hans Visser Bloemen B.V. wird Ihre pers\u00f6nlichen Daten nicht l\u00e4nger speichern als es notwendig ist, um die Ziele umzusetzen, f\u00fcr die Ihre Daten gesammelt werden. Wenn Sie Informationen \u00fcber unsere Aufbewahrungsfristen in Ihrem spezifischen Fall w\u00fcnschen, nehmen Sie bitte Kontakt auf \u00fcber: info@hvisserbloemen.nl.<\/p>\n\n\n\n<h4 class=\"wp-block-heading\">5. Mit anderen teilen<\/h4>\n\n\n\n<p>Hans Visser Bloemen B.V. verkauft Ihre Daten nicht an Dritte und wird diese ausschlie\u00dflich weiterleiten, wenn dies f\u00fcr die Erf\u00fcllung unseres Vertrags mit Ihnen n\u00f6tig ist oder um einer gesetzlichen Vorschrift nachzukommen. Mit Betrieben, die Ihre Daten in unserem Auftrag verarbeiten, schlie\u00dfen wir einen Verarbeitungsvertrag ab, um f\u00fcr das gleiche Niveau von Datenschutz und Vertraulichkeit Ihrer Daten zu sorgen. Hans Visser Bloemen B.V. bleibt verantwortlich f\u00fcr die Verarbeitung.<\/p>\n\n\n\n<h4 class=\"wp-block-heading\">6. Website-Besuche aufzeichnen<\/h4>\n\n\n\n<p>Hans Visser Bloemen B.V. verwendet verschiedene Arten von Cookies, um Website-Besuche aufzuzeichnen. Diese werden in unserer&nbsp;<a href=\"https:\/\/www.hvisserbloemen.nl\/index.php?p=cookieverklaring\">Cookie-Erkl\u00e4rung<\/a>&nbsp;n\u00e4her aufgef\u00fchrt und erl\u00e4utert.<\/p>\n\n\n\n<h4 class=\"wp-block-heading\">7. Daten einsehen, bearbeiten oder l\u00f6schen<\/h4>\n\n\n\n<p>Sie haben Anspruch darauf, Ihre pers\u00f6nlichen Daten einzusehen und eine Korrektur oder L\u00f6schung zu beantragen. Wenn Sie Fragen oder Hinweise zu der Datenverarbeitung von Hans Visser Bloemen B.V. haben, schicken Sie bitte eine Nachricht an info@hvisserbloemen.nl. Hans Visser Bloemen B.V. m\u00f6chte sichergehen, dass der Antrag auf Einsicht von Ihnen gestellt wurde. Deshalb bitten wir Sie h\u00f6flich, Ihrem Antrag auf Einsicht, Bearbeitung oder L\u00f6schung eine Kopie Ihres Identit\u00e4tsnachweises beizulegen. Zum Schutz Ihrer Daten bittet Hans Visser Bloemen B.V. Sie, in dieser Kopie Ihr Passfoto, MRZ (machine readable zone, den Streifen mit Nummern unten auf dem Personalausweis), die Ausweisnummer und die B\u00fcrgerservicenummer (BSN) zu schw\u00e4rzen. Hans Visser Bloemen B.V. wird Ihre Anfrage so schnell wie m\u00f6glich, in jedem Fall jedoch innerhalb von vier Wochen, beantworten.<\/p>\n\n\n\n<h4 class=\"wp-block-heading\">8. Schutz von Kommunikation durch SSL-Verschl\u00fcsselung<\/h4>\n\n\n\n<p><strong>SSL<\/strong><br>Um Sie als Website-Besucher zu sch\u00fctzen, verwendet Hans Visser Bloemen B.V. sichere Verschl\u00fcsselungstechnologien. Mit SSL (Secure Socket Layer) werden Ihre pers\u00f6nlichen Daten (f\u00fcr Dritte nicht sichtbar) verschl\u00fcsselt auf unserer Website gebraucht. So k\u00f6nnen Sie sicher sein, dass Ihre Daten nur f\u00fcr Sie und unseren Server sichtbar sind.<\/p>\n\n\n\n<p><strong>Wie erkenne ich den Schutz?<\/strong><br>Auf s\u00e4mtlichen Teilen unserer Website, auf denen Ihre Daten verwendet werden, wie beim Ausf\u00fcllen des Kontaktformulars, verwenden wir SSL-Verschl\u00fcsselung. Sie k\u00f6nnen dies ganz einfach \u00fcberpr\u00fcfen und erkennen. Wenn Sie auf einem verschl\u00fcsselten Teil unserer Website sind, sehen Sie ein Schloss-Symbol rechts unten oder links oben in Ihrem Browser. Au\u00dferdem \u00e4ndert sich auch die URL von http:\/\/ in https:\/\/, was ebenfalls anzeigt, dass die Seite gesichert ist.<\/p>\n\n\n\n<h4 class=\"wp-block-heading\">9. Schutz und Version<\/h4>\n\n\n\n<p><strong>Wir nehmen es wirklich ernst<\/strong><br>Hans Visser Bloemen B.V. nimmt den Schutz Ihrer Daten sehr ernst und ergreift deshalb passende Ma\u00dfnahmen, um Missbrauch, Verlust, unbefugten Zugriff, unerw\u00fcnschte Offenlegung und unerlaubte \u00c4nderungen zu verhindern. Wenn Sie den Eindruck haben, dass Ihre Daten trotzdem nicht gut gesichert sind oder es Hinweise auf einen Missbrauch gibt, kontaktieren Sie uns bitte direkt \u00fcber info@hvisserbloemen.nl.<\/p>\n\n\n\n<p><strong>Version<\/strong><br>Die aktuelle Version ist 1.0 vom 12.03.18.<\/p>\n\n\n\n<h1 class=\"wp-block-heading\">COOKIE-ERKL\u00c4RUNG HVISSERBLOEMEN.NL<\/h1>\n\n\n\n<h4 class=\"wp-block-heading\">1. Art von Cookies<\/h4>\n\n\n\n<p>Ein Cookie ist eine kleine Textdatei, die beim ersten Besuch dieser Website vom Browser Ihres Computers, Tablets oder Smartphones gespeichert wird. Wir setzen verschiedene Arten von Cookies auf unserer Website ein:<\/p>\n\n\n\n<ul class=\"wp-block-list\"><li>Funktionelle cookies&nbsp;sorgen daf\u00fcr, dass unsere Website gut funktioniert.<\/li><li>Analytische cookies&nbsp;erm\u00f6glichen es uns, das Surfverhalten auf unserer Website zu messen und Probleme schnell zu l\u00f6sen.<\/li><\/ul>\n\n\n\n<p><strong>Cookie-Meldung und wie Sie vorgehen, wenn Sie keine Cookies m\u00f6gen<\/strong><br>Bei Ihrem ersten Besuch unserer Website haben wir Sie bereits \u00fcber diese Cookies informiert und um Zustimmung f\u00fcr deren Platzierung gebeten. Sie k\u00f6nnen sich f\u00fcr diese Cookies abmelden, indem Sie Ihren Internet-Browser so einstellen, dass dieser keine Cookies mehr speichert. Au\u00dferdem k\u00f6nnen Sie alle Informationen, die zu einem fr\u00fcheren Zeitpunkt \u00fcber die Einstellungen Ihres Browsers gesammelt wurden, l\u00f6schen. Wenn Sie hierbei Hilfe ben\u00f6tigen, k\u00f6nnen Sie uns \u00fcber info@hvisserbloemen.nl kontaktieren. Schauen Sie, bevor Sie uns kontaktieren, erst in die Hilfe-Funktion Ihres Browsers.<\/p>\n\n\n\n<h4 class=\"wp-block-heading\">2. Cookie-\u00dcbersicht<\/h4>\n\n\n\n<p>Wir setzen verschiedene Arten von Cookies ein. Folgende Cookies werden bei einem Besuch unserer Website auf der Festplatte des Besuchers gespeichert:<\/p>\n\n\n\n<h5 class=\"wp-block-heading\">Cookiemeldung<\/h5>\n\n\n\n<p>Typ: Funktionell<br>Dieser Cookie wird von Hans Visser Bloemen B.V. platziert, damit wir registrieren, ob wir Cookies platzieren d\u00fcrfen, wof\u00fcr wir explizit Einwilligung ben\u00f6tigen.<\/p>\n\n\n\n<ul class=\"wp-block-list\"><li>_cookiebar (Dauer: Max. 2 Jahre)<\/li><\/ul>\n\n\n\n<h5 class=\"wp-block-heading\">PHPSESSID<\/h5>\n\n\n\n<p>Typ: Funktionell<br>Dieser Cookie wird von Hans Visser Bloemen B.V. gestellt. Dieser Cookie ist notwendig, um das reibungslose Funktionieren der Website zu gew\u00e4hrleisten. Sobald Sie den Browser schlie\u00dfen, wird dieser Cookie gel\u00f6scht.<\/p>\n\n\n\n<h5 class=\"wp-block-heading\">Google Analytics<\/h5>\n\n\n\n<p>Typ: Analytisch<br>Diese Cookies werden von Google platziert; sie erm\u00f6glichen es uns, das Surfverhalten auf unserer Website zu analysieren und unsere Website und Dienstleistung hierdurch zu verbessern. Google Analytics teilt keine anonymen Daten mit Dritten.<\/p>\n\n\n\n<ul class=\"wp-block-list\"><li>_ga, _gid, _gat<br><em>(Dauer: Max. 2 Jahre)<\/em><\/li><\/ul>\n\n\n\n<h4 class=\"wp-block-heading\">3. Google Analytics<\/h4>\n\n\n\n<p><strong>Google<\/strong><br>\u00dcber unsere Website wird ein Cookie des Ihnen zweifellos bekannten Unternehmens Google platziert. Diese Cookies sind Bestandteil des \u201eAnalytics\u201c-Dienstes. Wir nutzen diesen Dienst, um zu untersuchen, wie Sie als Besucher unsere Website nutzen, und hierf\u00fcr erstellt Google einsichtige Berichte f\u00fcr uns. Google kann diese Informationen an Dritte weitergeben, wenn Google gesetzlich hierzu verpflichtet wird oder insoweit Dritte die Informationen im Namen von Google verarbeiten. Hans Visser Bloemen B.V. hat hierauf keinen Einfluss. Wir haben Google \u00fcber die Bedingungen keine Erlaubnis erteilt, die erhaltenen Informationen f\u00fcr andere Google-Dienste zu nutzen.<\/p>\n\n\n\n<p><strong>Anonymisieren<\/strong><br>Hans Visser Bloemen B.V. hat mit Google einen Verarbeitungsvertrag abgeschlossen. Die Informationen, die Google sammelt, werden so weit wie m\u00f6glich anonymisiert. Ihre IP-Adresse ist maskiert, was es unm\u00f6glich macht, Ihren Standort abzuleiten.<\/p>\n\n\n\n<h4 class=\"wp-block-heading\">4. Websites von Dritten und \u00c4nderungen<\/h4>\n\n\n\n<p>Diese Datenschutz- und Cookie-Erkl\u00e4rung gilt nicht f\u00fcr Websites von Dritten, die \u00fcber Links mit unserer Website verbunden sind. Hans Visser Bloemen B.V. kann nicht gew\u00e4hrleisten, dass diese Dritten auf zuverl\u00e4ssige und sichere Weise mit Ihren pers\u00f6nlichen Daten umgehen. Hans Visser Bloemen B.V. bem\u00fcht sich jedoch darum, das gleiche Datenschutzniveau f\u00fcr Ihre Daten sicherzustellen. Sehen Sie stets die Datenschutzerkl\u00e4rung dieser Websites ein, bevor Sie diese nutzen. Diese Cookie-Erkl\u00e4rung kann ge\u00e4ndert werden. Im Falle einer \u00c4nderung werden Sie erneut um Zustimmung f\u00fcr die Platzierung der ge\u00e4nderten Cookies gebeten. Die aktuelle Version dieser Cookie-Erkl\u00e4rung ist 1.0, erstellt am 13.04.18.<\/p>\n\n\n\n<h4 class=\"wp-block-heading\">5. Daten einsehen, bearbeiten oder l\u00f6schen<\/h4>\n\n\n\n<p><strong>Ihre Rechte<\/strong><br>Sie haben Anspruch darauf, Ihre pers\u00f6nlichen Daten einzusehen und eine Korrektur oder L\u00f6schung zu beantragen. Wenn Sie Fragen oder Hinweise zur Datenverarbeitung von Hans Visser Bloemen B.V. haben, schicken Sie bitte eine Anfrage an info@hvisserbloemen.nl. Hans Visser Bloemen B.V. m\u00f6chte sichergehen, dass der Antrag auf Einsicht von Ihnen gestellt wurde. Deshalb bitten wir Sie h\u00f6flich, Ihrem Antrag auf Einsicht, Bearbeitung oder L\u00f6schung eine Kopie Ihres Identit\u00e4tsnachweises beizulegen. Zum Schutz Ihrer Daten bittet Hans Visser Bloemen B.V. Sie, in dieser Kopie Ihr Passfoto, MRZ (machine readable zone, den Streifen mit Nummern unten auf dem Personalausweis), die Ausweisnummer und die B\u00fcrgerservicenummer (BSN) zu schw\u00e4rzen. Hans Visser Bloemen B.V. wird Ihre Anfrage so schnell wie m\u00f6glich, in jedem Fall jedoch innerhalb von vier Wochen, beantworten.<\/p>\n\n\n\n<h4 class=\"wp-block-heading\">6. Beschwerderecht<\/h4>\n\n\n\n<p><strong>Interne Behandlung<\/strong><br>Wenn Sie Beschwerden \u00fcber die Art und Weise der Verarbeitung von (pers\u00f6nlichen) Daten haben, hilft Hans Visser Bloemen B.V. Ihnen gerne, diese einvernehmlich aufzukl\u00e4ren. Bitte richten Sie Ihre Beschwerde in erster Instanz an info@hvisserbloemen.nl.<\/p>\n\n\n\n<p><strong>Autorit\u00e4t f\u00fcr personenbezogene Daten<\/strong><br>Gem\u00e4\u00df dem Gesetz \u00fcber den Datenschutz und der Datenschutz-Grundverordnung haben Sie das Recht, eine Beschwerde \u00fcber unsere Verarbeitung Ihrer pers\u00f6nlichen Daten bei der Aufsichtsbeh\u00f6rde f\u00fcr Datenschutz einzureichen. Sie k\u00f6nnen hierf\u00fcr Kontakt mit der Aufsichtsbeh\u00f6rde f\u00fcr Datenschutz aufnehmen. Weitere Informationen \u00fcber Ihr Beschwerderecht finden Sie auf der Website der Aufsichtsbeh\u00f6rde unter:<br><a href=\"https:\/\/autoriteitpersoonsgegevens.nl\/nl\/zelf-doen\/privacyrechten\/klacht-over-gebruik-persoonsgegevens\" target=\"_blank\" rel=\"noreferrer noopener\">https:\/\/autoriteitpersoonsgegevens.nl\/nl\/zelf-doen\/privacyrechten\/klacht-over-gebruik-persoonsgegevens<\/a><\/p>\n","protected":false},"excerpt":{"rendered":"<p>1. Pers\u00f6nliche Daten, die wir verarbeiten Hans Visser Bloemen B.V. nimmt den Schutz Ihrer Daten ernst. Wir verarbeiten Daten zu Ihrer Person im Rahmen Ihrer Nutzung unserer Website und Dienste sowie dadurch, dass Sie uns diese Daten selbst zutragen. Wir tun unser Bestes, um die Daten, die Sie uns erteilt haben, auf sorgf\u00e4ltige Weise zu [&hellip;]<\/p>\n","protected":false},"author":2,"featured_media":0,"parent":0,"menu_order":0,"comment_status":"closed","ping_status":"closed","template":"page-noheader.php","meta":{"_acf_changed":false,"footnotes":""},"class_list":["post-769","page","type-page","status-publish","hentry"],"acf":[],"yoast_head":"<!-- This site is optimized with the Yoast SEO plugin v26.0 - https:\/\/yoast.com\/wordpress\/plugins\/seo\/ -->\n<title>Datenschutzerkl\u00e4rung - Hans Visser Bloemenexport<\/title>\n<meta name=\"robots\" content=\"index, follow, max-snippet:-1, max-image-preview:large, max-video-preview:-1\" \/>\n<link rel=\"canonical\" href=\"https:\/\/www.hvisserbloemen.nl\/de\/datenschutzerklarung\/\" \/>\n<meta property=\"og:locale\" content=\"de_DE\" \/>\n<meta property=\"og:type\" content=\"article\" \/>\n<meta property=\"og:title\" content=\"Datenschutzerkl\u00e4rung - Hans Visser Bloemenexport\" \/>\n<meta property=\"og:description\" content=\"1. Pers\u00f6nliche Daten, die wir verarbeiten Hans Visser Bloemen B.V. nimmt den Schutz Ihrer Daten ernst. Wir verarbeiten Daten zu Ihrer Person im Rahmen Ihrer Nutzung unserer Website und Dienste sowie dadurch, dass Sie uns diese Daten selbst zutragen. Wir tun unser Bestes, um die Daten, die Sie uns erteilt haben, auf sorgf\u00e4ltige Weise zu [&hellip;]\" \/>\n<meta property=\"og:url\" content=\"https:\/\/www.hvisserbloemen.nl\/de\/datenschutzerklarung\/\" \/>\n<meta property=\"og:site_name\" content=\"Hans Visser Bloemenexport\" \/>\n<meta property=\"article:publisher\" content=\"https:\/\/www.facebook.com\/HansVisserFlowerExport\/\" \/>\n<meta property=\"article:modified_time\" content=\"2021-08-30T19:35:23+00:00\" \/>\n<meta name=\"twitter:card\" content=\"summary_large_image\" \/>\n<meta name=\"twitter:label1\" content=\"Gesch\u00e4tzte Lesezeit\" \/>\n\t<meta name=\"twitter:data1\" content=\"7\u00a0Minuten\" \/>\n<script type=\"application\/ld+json\" class=\"yoast-schema-graph\">{\"@context\":\"https:\/\/schema.org\",\"@graph\":[{\"@type\":\"WebPage\",\"@id\":\"https:\/\/www.hvisserbloemen.nl\/de\/datenschutzerklarung\/\",\"url\":\"https:\/\/www.hvisserbloemen.nl\/de\/datenschutzerklarung\/\",\"name\":\"Datenschutzerkl\u00e4rung - Hans Visser Bloemenexport\",\"isPartOf\":{\"@id\":\"https:\/\/www.hvisserbloemen.nl\/de\/#website\"},\"datePublished\":\"2020-07-09T12:43:58+00:00\",\"dateModified\":\"2021-08-30T19:35:23+00:00\",\"breadcrumb\":{\"@id\":\"https:\/\/www.hvisserbloemen.nl\/de\/datenschutzerklarung\/#breadcrumb\"},\"inLanguage\":\"de\",\"potentialAction\":[{\"@type\":\"ReadAction\",\"target\":[\"https:\/\/www.hvisserbloemen.nl\/de\/datenschutzerklarung\/\"]}]},{\"@type\":\"BreadcrumbList\",\"@id\":\"https:\/\/www.hvisserbloemen.nl\/de\/datenschutzerklarung\/#breadcrumb\",\"itemListElement\":[{\"@type\":\"ListItem\",\"position\":1,\"name\":\"Home\",\"item\":\"https:\/\/hvisser.dev.mooijit.nl\/de\/hans-visser-blumen\/\"},{\"@type\":\"ListItem\",\"position\":2,\"name\":\"Datenschutzerkl\u00e4rung\"}]},{\"@type\":\"WebSite\",\"@id\":\"https:\/\/www.hvisserbloemen.nl\/de\/#website\",\"url\":\"https:\/\/www.hvisserbloemen.nl\/de\/\",\"name\":\"Hans Visser Bloemenexport\",\"description\":\"Uw b.loemenaanbod moet exact voldoen aan de kwaliteitsverwachtingen van uw klanten. Dat is uw onderscheidend vermogen. Hans Visser Bloemen begrijpt dat. Uw vraag staat bij ons centraal. Wij kopen in wat u nodig heeft en verwerken en verzenden uw producten gekoeld naar het juiste afleveradres. Of u nu gevestigd bent in Europa of daarbuiten.\",\"potentialAction\":[{\"@type\":\"SearchAction\",\"target\":{\"@type\":\"EntryPoint\",\"urlTemplate\":\"https:\/\/www.hvisserbloemen.nl\/de\/?s={search_term_string}\"},\"query-input\":{\"@type\":\"PropertyValueSpecification\",\"valueRequired\":true,\"valueName\":\"search_term_string\"}}],\"inLanguage\":\"de\"}]}<\/script>\n<!-- \/ Yoast SEO plugin. -->","yoast_head_json":{"title":"Datenschutzerkl\u00e4rung - Hans Visser Bloemenexport","robots":{"index":"index","follow":"follow","max-snippet":"max-snippet:-1","max-image-preview":"max-image-preview:large","max-video-preview":"max-video-preview:-1"},"canonical":"https:\/\/www.hvisserbloemen.nl\/de\/datenschutzerklarung\/","og_locale":"de_DE","og_type":"article","og_title":"Datenschutzerkl\u00e4rung - Hans Visser Bloemenexport","og_description":"1. Pers\u00f6nliche Daten, die wir verarbeiten Hans Visser Bloemen B.V. nimmt den Schutz Ihrer Daten ernst. Wir verarbeiten Daten zu Ihrer Person im Rahmen Ihrer Nutzung unserer Website und Dienste sowie dadurch, dass Sie uns diese Daten selbst zutragen. Wir tun unser Bestes, um die Daten, die Sie uns erteilt haben, auf sorgf\u00e4ltige Weise zu [&hellip;]","og_url":"https:\/\/www.hvisserbloemen.nl\/de\/datenschutzerklarung\/","og_site_name":"Hans Visser Bloemenexport","article_publisher":"https:\/\/www.facebook.com\/HansVisserFlowerExport\/","article_modified_time":"2021-08-30T19:35:23+00:00","twitter_card":"summary_large_image","twitter_misc":{"Gesch\u00e4tzte Lesezeit":"7\u00a0Minuten"},"schema":{"@context":"https:\/\/schema.org","@graph":[{"@type":"WebPage","@id":"https:\/\/www.hvisserbloemen.nl\/de\/datenschutzerklarung\/","url":"https:\/\/www.hvisserbloemen.nl\/de\/datenschutzerklarung\/","name":"Datenschutzerkl\u00e4rung - Hans Visser Bloemenexport","isPartOf":{"@id":"https:\/\/www.hvisserbloemen.nl\/de\/#website"},"datePublished":"2020-07-09T12:43:58+00:00","dateModified":"2021-08-30T19:35:23+00:00","breadcrumb":{"@id":"https:\/\/www.hvisserbloemen.nl\/de\/datenschutzerklarung\/#breadcrumb"},"inLanguage":"de","potentialAction":[{"@type":"ReadAction","target":["https:\/\/www.hvisserbloemen.nl\/de\/datenschutzerklarung\/"]}]},{"@type":"BreadcrumbList","@id":"https:\/\/www.hvisserbloemen.nl\/de\/datenschutzerklarung\/#breadcrumb","itemListElement":[{"@type":"ListItem","position":1,"name":"Home","item":"https:\/\/hvisser.dev.mooijit.nl\/de\/hans-visser-blumen\/"},{"@type":"ListItem","position":2,"name":"Datenschutzerkl\u00e4rung"}]},{"@type":"WebSite","@id":"https:\/\/www.hvisserbloemen.nl\/de\/#website","url":"https:\/\/www.hvisserbloemen.nl\/de\/","name":"Hans Visser Bloemenexport","description":"Uw b.loemenaanbod moet exact voldoen aan de kwaliteitsverwachtingen van uw klanten. Dat is uw onderscheidend vermogen. Hans Visser Bloemen begrijpt dat. Uw vraag staat bij ons centraal. Wij kopen in wat u nodig heeft en verwerken en verzenden uw producten gekoeld naar het juiste afleveradres. Of u nu gevestigd bent in Europa of daarbuiten.","potentialAction":[{"@type":"SearchAction","target":{"@type":"EntryPoint","urlTemplate":"https:\/\/www.hvisserbloemen.nl\/de\/?s={search_term_string}"},"query-input":{"@type":"PropertyValueSpecification","valueRequired":true,"valueName":"search_term_string"}}],"inLanguage":"de"}]}},"_links":{"self":[{"href":"https:\/\/www.hvisserbloemen.nl\/de\/wp-json\/wp\/v2\/pages\/769","targetHints":{"allow":["GET"]}}],"collection":[{"href":"https:\/\/www.hvisserbloemen.nl\/de\/wp-json\/wp\/v2\/pages"}],"about":[{"href":"https:\/\/www.hvisserbloemen.nl\/de\/wp-json\/wp\/v2\/types\/page"}],"author":[{"embeddable":true,"href":"https:\/\/www.hvisserbloemen.nl\/de\/wp-json\/wp\/v2\/users\/2"}],"replies":[{"embeddable":true,"href":"https:\/\/www.hvisserbloemen.nl\/de\/wp-json\/wp\/v2\/comments?post=769"}],"version-history":[{"count":1,"href":"https:\/\/www.hvisserbloemen.nl\/de\/wp-json\/wp\/v2\/pages\/769\/revisions"}],"predecessor-version":[{"id":770,"href":"https:\/\/www.hvisserbloemen.nl\/de\/wp-json\/wp\/v2\/pages\/769\/revisions\/770"}],"wp:attachment":[{"href":"https:\/\/www.hvisserbloemen.nl\/de\/wp-json\/wp\/v2\/media?parent=769"}],"curies":[{"name":"wp","href":"https:\/\/api.w.org\/{rel}","templated":true}]}}