{"id":598,"date":"2020-07-02T20:42:43","date_gmt":"2020-07-02T20:42:43","guid":{"rendered":"https:\/\/www.hvisserbloemen.nl\/?page_id=598"},"modified":"2021-08-30T13:12:45","modified_gmt":"2021-08-30T13:12:45","slug":"ser-cliente","status":"publish","type":"page","link":"https:\/\/www.hvisserbloemen.nl\/es\/ser-cliente\/","title":{"rendered":"Ser cliente"},"content":{"rendered":"\n<p>Nos encantar\u00eda invitarle a que conozca en profundidad la calidad de Hans Visser Bloemen. Para poder ofrecerle el mejor servicio posible, le pedimos que cumplimente el formulario de contacto de la forma m\u00e1s completa posible y nos lo env\u00ede. Si tiene alguna pregunta, no dude en llamarnos o enviarnos un correo electr\u00f3nico. \u00a1Hans Visser Bloemen estar\u00e1 encantado de atenderle!<\/p>\n\n\n\n<p>+31 (0)297 515151<br><a href=\"mailto:info@hvisserbloemen.nl\">info@hvisserbloemen.nl<\/a><\/p>\n","protected":false},"excerpt":{"rendered":"<p>Nos encantar\u00eda invitarle a que conozca en profundidad la calidad de Hans Visser Bloemen. Para poder ofrecerle el mejor servicio posible, le pedimos que cumplimente el formulario de contacto de la forma m\u00e1s completa posible y nos lo env\u00ede. Si tiene alguna pregunta, no dude en llamarnos o enviarnos un correo electr\u00f3nico. \u00a1Hans Visser Bloemen [&hellip;]<\/p>\n","protected":false},"author":2,"featured_media":0,"parent":0,"menu_order":0,"comment_status":"closed","ping_status":"closed","template":"page-contact.php","meta":{"_acf_changed":false,"footnotes":""},"class_list":["post-598","page","type-page","status-publish","hentry"],"acf":[],"yoast_head":"<!-- This site is optimized with the Yoast SEO plugin v26.0 - https:\/\/yoast.com\/wordpress\/plugins\/seo\/ -->\n<title>Ser cliente - Hans Visser Bloemenexport<\/title>\n<meta name=\"robots\" content=\"index, follow, max-snippet:-1, max-image-preview:large, max-video-preview:-1\" \/>\n<link rel=\"canonical\" href=\"https:\/\/www.hvisserbloemen.nl\/es\/ser-cliente\/\" \/>\n<meta property=\"og:locale\" content=\"es_ES\" \/>\n<meta property=\"og:type\" content=\"article\" \/>\n<meta property=\"og:title\" content=\"Ser cliente - Hans Visser Bloemenexport\" \/>\n<meta property=\"og:description\" content=\"Nos encantar\u00eda invitarle a que conozca en profundidad la calidad de Hans Visser Bloemen. Para poder ofrecerle el mejor servicio posible, le pedimos que cumplimente el formulario de contacto de la forma m\u00e1s completa posible y nos lo env\u00ede. Si tiene alguna pregunta, no dude en llamarnos o enviarnos un correo electr\u00f3nico. \u00a1Hans Visser Bloemen [&hellip;]\" \/>\n<meta property=\"og:url\" content=\"https:\/\/www.hvisserbloemen.nl\/es\/ser-cliente\/\" \/>\n<meta property=\"og:site_name\" content=\"Hans Visser Bloemenexport\" \/>\n<meta property=\"article:publisher\" content=\"https:\/\/www.facebook.com\/HansVisserFlowerExport\/\" \/>\n<meta property=\"article:modified_time\" content=\"2021-08-30T13:12:45+00:00\" \/>\n<meta name=\"twitter:card\" content=\"summary_large_image\" \/>\n<meta name=\"twitter:label1\" content=\"Tiempo de lectura\" \/>\n\t<meta name=\"twitter:data1\" content=\"1 minuto\" \/>\n<script type=\"application\/ld+json\" class=\"yoast-schema-graph\">{\"@context\":\"https:\/\/schema.org\",\"@graph\":[{\"@type\":\"WebPage\",\"@id\":\"https:\/\/www.hvisserbloemen.nl\/es\/ser-cliente\/\",\"url\":\"https:\/\/www.hvisserbloemen.nl\/es\/ser-cliente\/\",\"name\":\"Ser cliente - Hans Visser Bloemenexport\",\"isPartOf\":{\"@id\":\"https:\/\/www.hvisserbloemen.nl\/es\/#website\"},\"datePublished\":\"2020-07-02T20:42:43+00:00\",\"dateModified\":\"2021-08-30T13:12:45+00:00\",\"breadcrumb\":{\"@id\":\"https:\/\/www.hvisserbloemen.nl\/es\/ser-cliente\/#breadcrumb\"},\"inLanguage\":\"es\",\"potentialAction\":[{\"@type\":\"ReadAction\",\"target\":[\"https:\/\/www.hvisserbloemen.nl\/es\/ser-cliente\/\"]}]},{\"@type\":\"BreadcrumbList\",\"@id\":\"https:\/\/www.hvisserbloemen.nl\/es\/ser-cliente\/#breadcrumb\",\"itemListElement\":[{\"@type\":\"ListItem\",\"position\":1,\"name\":\"Home\",\"item\":\"https:\/\/hvisser.dev.mooijit.nl\/es\/hans-visser-flores\/\"},{\"@type\":\"ListItem\",\"position\":2,\"name\":\"Ser cliente\"}]},{\"@type\":\"WebSite\",\"@id\":\"https:\/\/www.hvisserbloemen.nl\/es\/#website\",\"url\":\"https:\/\/www.hvisserbloemen.nl\/es\/\",\"name\":\"Hans Visser Bloemenexport\",\"description\":\"Uw b.loemenaanbod moet exact voldoen aan de kwaliteitsverwachtingen van uw klanten. Dat is uw onderscheidend vermogen. Hans Visser Bloemen begrijpt dat. Uw vraag staat bij ons centraal. Wij kopen in wat u nodig heeft en verwerken en verzenden uw producten gekoeld naar het juiste afleveradres. Of u nu gevestigd bent in Europa of daarbuiten.\",\"potentialAction\":[{\"@type\":\"SearchAction\",\"target\":{\"@type\":\"EntryPoint\",\"urlTemplate\":\"https:\/\/www.hvisserbloemen.nl\/es\/?s={search_term_string}\"},\"query-input\":{\"@type\":\"PropertyValueSpecification\",\"valueRequired\":true,\"valueName\":\"search_term_string\"}}],\"inLanguage\":\"es\"}]}<\/script>\n<!-- \/ Yoast SEO plugin. -->","yoast_head_json":{"title":"Ser cliente - Hans Visser Bloemenexport","robots":{"index":"index","follow":"follow","max-snippet":"max-snippet:-1","max-image-preview":"max-image-preview:large","max-video-preview":"max-video-preview:-1"},"canonical":"https:\/\/www.hvisserbloemen.nl\/es\/ser-cliente\/","og_locale":"es_ES","og_type":"article","og_title":"Ser cliente - Hans Visser Bloemenexport","og_description":"Nos encantar\u00eda invitarle a que conozca en profundidad la calidad de Hans Visser Bloemen. Para poder ofrecerle el mejor servicio posible, le pedimos que cumplimente el formulario de contacto de la forma m\u00e1s completa posible y nos lo env\u00ede. Si tiene alguna pregunta, no dude en llamarnos o enviarnos un correo electr\u00f3nico. \u00a1Hans Visser Bloemen [&hellip;]","og_url":"https:\/\/www.hvisserbloemen.nl\/es\/ser-cliente\/","og_site_name":"Hans Visser Bloemenexport","article_publisher":"https:\/\/www.facebook.com\/HansVisserFlowerExport\/","article_modified_time":"2021-08-30T13:12:45+00:00","twitter_card":"summary_large_image","twitter_misc":{"Tiempo de lectura":"1 minuto"},"schema":{"@context":"https:\/\/schema.org","@graph":[{"@type":"WebPage","@id":"https:\/\/www.hvisserbloemen.nl\/es\/ser-cliente\/","url":"https:\/\/www.hvisserbloemen.nl\/es\/ser-cliente\/","name":"Ser cliente - Hans Visser Bloemenexport","isPartOf":{"@id":"https:\/\/www.hvisserbloemen.nl\/es\/#website"},"datePublished":"2020-07-02T20:42:43+00:00","dateModified":"2021-08-30T13:12:45+00:00","breadcrumb":{"@id":"https:\/\/www.hvisserbloemen.nl\/es\/ser-cliente\/#breadcrumb"},"inLanguage":"es","potentialAction":[{"@type":"ReadAction","target":["https:\/\/www.hvisserbloemen.nl\/es\/ser-cliente\/"]}]},{"@type":"BreadcrumbList","@id":"https:\/\/www.hvisserbloemen.nl\/es\/ser-cliente\/#breadcrumb","itemListElement":[{"@type":"ListItem","position":1,"name":"Home","item":"https:\/\/hvisser.dev.mooijit.nl\/es\/hans-visser-flores\/"},{"@type":"ListItem","position":2,"name":"Ser cliente"}]},{"@type":"WebSite","@id":"https:\/\/www.hvisserbloemen.nl\/es\/#website","url":"https:\/\/www.hvisserbloemen.nl\/es\/","name":"Hans Visser Bloemenexport","description":"Uw b.loemenaanbod moet exact voldoen aan de kwaliteitsverwachtingen van uw klanten. Dat is uw onderscheidend vermogen. Hans Visser Bloemen begrijpt dat. Uw vraag staat bij ons centraal. Wij kopen in wat u nodig heeft en verwerken en verzenden uw producten gekoeld naar het juiste afleveradres. Of u nu gevestigd bent in Europa of daarbuiten.","potentialAction":[{"@type":"SearchAction","target":{"@type":"EntryPoint","urlTemplate":"https:\/\/www.hvisserbloemen.nl\/es\/?s={search_term_string}"},"query-input":{"@type":"PropertyValueSpecification","valueRequired":true,"valueName":"search_term_string"}}],"inLanguage":"es"}]}},"_links":{"self":[{"href":"https:\/\/www.hvisserbloemen.nl\/es\/wp-json\/wp\/v2\/pages\/598","targetHints":{"allow":["GET"]}}],"collection":[{"href":"https:\/\/www.hvisserbloemen.nl\/es\/wp-json\/wp\/v2\/pages"}],"about":[{"href":"https:\/\/www.hvisserbloemen.nl\/es\/wp-json\/wp\/v2\/types\/page"}],"author":[{"embeddable":true,"href":"https:\/\/www.hvisserbloemen.nl\/es\/wp-json\/wp\/v2\/users\/2"}],"replies":[{"embeddable":true,"href":"https:\/\/www.hvisserbloemen.nl\/es\/wp-json\/wp\/v2\/comments?post=598"}],"version-history":[{"count":2,"href":"https:\/\/www.hvisserbloemen.nl\/es\/wp-json\/wp\/v2\/pages\/598\/revisions"}],"predecessor-version":[{"id":611,"href":"https:\/\/www.hvisserbloemen.nl\/es\/wp-json\/wp\/v2\/pages\/598\/revisions\/611"}],"wp:attachment":[{"href":"https:\/\/www.hvisserbloemen.nl\/es\/wp-json\/wp\/v2\/media?parent=598"}],"curies":[{"name":"wp","href":"https:\/\/api.w.org\/{rel}","templated":true}]}}