{"id":632,"date":"2020-06-24T23:19:51","date_gmt":"2020-06-24T23:19:51","guid":{"rendered":"https:\/\/www.hvisserbloemen.nl\/?page_id=632"},"modified":"2021-09-02T18:54:42","modified_gmt":"2021-09-02T18:54:42","slug":"acerca-de-nosotros","status":"publish","type":"page","link":"https:\/\/www.hvisserbloemen.nl\/es\/acerca-de-nosotros\/","title":{"rendered":"Acerca de nosotros"},"content":{"rendered":"\n<h1 class=\"wp-block-heading\">Acerca de Hans Visser<\/h1>\n\n\n\n<p>Hans Visser Bloemen es una empresa familiar que con el tiempo se ha convertido en uno de los mayores exportadores de flores de los Pa\u00edses Bajos. Somos una empresa moderna que exporta flores en Europa, Oriente Medio y Asia.&nbsp;Nuestra gama de flores cortadas, hojas ornamentales, material de decoraci\u00f3n y art\u00edculos relacionados de gran calidad es muy amplia. Cada d\u00eda, se ofrecen personalmente miles de variedades de flores frescas diarias a trav\u00e9s de los vendedores especializados y en nuestra tienda virtual.<\/p>\n\n\n\n<p>Para nosotros, el contacto personal sigue siendo importante; por eso, usted, como cliente, tiene una persona de contacto permanente con nuestra empresa. Puede hacerle las preguntas que tenga o comentar lo que desea en su propio idioma, por tel\u00e9fono, WhatsApp o correo electr\u00f3nico.<\/p>\n\n\n\n<p><strong>Le damos la bienvenida a la familia Hans Visser Bloemen.<\/strong><\/p>\n","protected":false},"excerpt":{"rendered":"<p>Acerca de Hans Visser Hans Visser Bloemen es una empresa familiar que con el tiempo se ha convertido en uno de los mayores exportadores de flores de los Pa\u00edses Bajos. Somos una empresa moderna que exporta flores en Europa, Oriente Medio y Asia.&nbsp;Nuestra gama de flores cortadas, hojas ornamentales, material de decoraci\u00f3n y art\u00edculos relacionados [&hellip;]<\/p>\n","protected":false},"author":2,"featured_media":0,"parent":0,"menu_order":0,"comment_status":"closed","ping_status":"closed","template":"page_extra_text.php","meta":{"_acf_changed":false,"footnotes":""},"class_list":["post-632","page","type-page","status-publish","hentry"],"acf":[],"yoast_head":"<!-- This site is optimized with the Yoast SEO plugin v26.0 - https:\/\/yoast.com\/wordpress\/plugins\/seo\/ -->\n<title>Acerca de nosotros - Hans Visser Bloemenexport<\/title>\n<meta name=\"robots\" content=\"index, follow, max-snippet:-1, max-image-preview:large, max-video-preview:-1\" \/>\n<link rel=\"canonical\" href=\"https:\/\/www.hvisserbloemen.nl\/es\/acerca-de-nosotros\/\" \/>\n<meta property=\"og:locale\" content=\"es_ES\" \/>\n<meta property=\"og:type\" content=\"article\" \/>\n<meta property=\"og:title\" content=\"Acerca de nosotros - Hans Visser Bloemenexport\" \/>\n<meta property=\"og:description\" content=\"Acerca de Hans Visser Hans Visser Bloemen es una empresa familiar que con el tiempo se ha convertido en uno de los mayores exportadores de flores de los Pa\u00edses Bajos. Somos una empresa moderna que exporta flores en Europa, Oriente Medio y Asia.&nbsp;Nuestra gama de flores cortadas, hojas ornamentales, material de decoraci\u00f3n y art\u00edculos relacionados [&hellip;]\" \/>\n<meta property=\"og:url\" content=\"https:\/\/www.hvisserbloemen.nl\/es\/acerca-de-nosotros\/\" \/>\n<meta property=\"og:site_name\" content=\"Hans Visser Bloemenexport\" \/>\n<meta property=\"article:publisher\" content=\"https:\/\/www.facebook.com\/HansVisserFlowerExport\/\" \/>\n<meta property=\"article:modified_time\" content=\"2021-09-02T18:54:42+00:00\" \/>\n<meta name=\"twitter:card\" content=\"summary_large_image\" \/>\n<meta name=\"twitter:label1\" content=\"Tiempo de lectura\" \/>\n\t<meta name=\"twitter:data1\" content=\"1 minuto\" \/>\n<script type=\"application\/ld+json\" class=\"yoast-schema-graph\">{\"@context\":\"https:\/\/schema.org\",\"@graph\":[{\"@type\":\"WebPage\",\"@id\":\"https:\/\/www.hvisserbloemen.nl\/es\/acerca-de-nosotros\/\",\"url\":\"https:\/\/www.hvisserbloemen.nl\/es\/acerca-de-nosotros\/\",\"name\":\"Acerca de nosotros - Hans Visser Bloemenexport\",\"isPartOf\":{\"@id\":\"https:\/\/www.hvisserbloemen.nl\/es\/#website\"},\"datePublished\":\"2020-06-24T23:19:51+00:00\",\"dateModified\":\"2021-09-02T18:54:42+00:00\",\"breadcrumb\":{\"@id\":\"https:\/\/www.hvisserbloemen.nl\/es\/acerca-de-nosotros\/#breadcrumb\"},\"inLanguage\":\"es\",\"potentialAction\":[{\"@type\":\"ReadAction\",\"target\":[\"https:\/\/www.hvisserbloemen.nl\/es\/acerca-de-nosotros\/\"]}]},{\"@type\":\"BreadcrumbList\",\"@id\":\"https:\/\/www.hvisserbloemen.nl\/es\/acerca-de-nosotros\/#breadcrumb\",\"itemListElement\":[{\"@type\":\"ListItem\",\"position\":1,\"name\":\"Home\",\"item\":\"https:\/\/hvisser.dev.mooijit.nl\/es\/hans-visser-flores\/\"},{\"@type\":\"ListItem\",\"position\":2,\"name\":\"Acerca de nosotros\"}]},{\"@type\":\"WebSite\",\"@id\":\"https:\/\/www.hvisserbloemen.nl\/es\/#website\",\"url\":\"https:\/\/www.hvisserbloemen.nl\/es\/\",\"name\":\"Hans Visser Bloemenexport\",\"description\":\"Uw b.loemenaanbod moet exact voldoen aan de kwaliteitsverwachtingen van uw klanten. Dat is uw onderscheidend vermogen. Hans Visser Bloemen begrijpt dat. Uw vraag staat bij ons centraal. Wij kopen in wat u nodig heeft en verwerken en verzenden uw producten gekoeld naar het juiste afleveradres. Of u nu gevestigd bent in Europa of daarbuiten.\",\"potentialAction\":[{\"@type\":\"SearchAction\",\"target\":{\"@type\":\"EntryPoint\",\"urlTemplate\":\"https:\/\/www.hvisserbloemen.nl\/es\/?s={search_term_string}\"},\"query-input\":{\"@type\":\"PropertyValueSpecification\",\"valueRequired\":true,\"valueName\":\"search_term_string\"}}],\"inLanguage\":\"es\"}]}<\/script>\n<!-- \/ Yoast SEO plugin. -->","yoast_head_json":{"title":"Acerca de nosotros - Hans Visser Bloemenexport","robots":{"index":"index","follow":"follow","max-snippet":"max-snippet:-1","max-image-preview":"max-image-preview:large","max-video-preview":"max-video-preview:-1"},"canonical":"https:\/\/www.hvisserbloemen.nl\/es\/acerca-de-nosotros\/","og_locale":"es_ES","og_type":"article","og_title":"Acerca de nosotros - Hans Visser Bloemenexport","og_description":"Acerca de Hans Visser Hans Visser Bloemen es una empresa familiar que con el tiempo se ha convertido en uno de los mayores exportadores de flores de los Pa\u00edses Bajos. Somos una empresa moderna que exporta flores en Europa, Oriente Medio y Asia.&nbsp;Nuestra gama de flores cortadas, hojas ornamentales, material de decoraci\u00f3n y art\u00edculos relacionados [&hellip;]","og_url":"https:\/\/www.hvisserbloemen.nl\/es\/acerca-de-nosotros\/","og_site_name":"Hans Visser Bloemenexport","article_publisher":"https:\/\/www.facebook.com\/HansVisserFlowerExport\/","article_modified_time":"2021-09-02T18:54:42+00:00","twitter_card":"summary_large_image","twitter_misc":{"Tiempo de lectura":"1 minuto"},"schema":{"@context":"https:\/\/schema.org","@graph":[{"@type":"WebPage","@id":"https:\/\/www.hvisserbloemen.nl\/es\/acerca-de-nosotros\/","url":"https:\/\/www.hvisserbloemen.nl\/es\/acerca-de-nosotros\/","name":"Acerca de nosotros - Hans Visser Bloemenexport","isPartOf":{"@id":"https:\/\/www.hvisserbloemen.nl\/es\/#website"},"datePublished":"2020-06-24T23:19:51+00:00","dateModified":"2021-09-02T18:54:42+00:00","breadcrumb":{"@id":"https:\/\/www.hvisserbloemen.nl\/es\/acerca-de-nosotros\/#breadcrumb"},"inLanguage":"es","potentialAction":[{"@type":"ReadAction","target":["https:\/\/www.hvisserbloemen.nl\/es\/acerca-de-nosotros\/"]}]},{"@type":"BreadcrumbList","@id":"https:\/\/www.hvisserbloemen.nl\/es\/acerca-de-nosotros\/#breadcrumb","itemListElement":[{"@type":"ListItem","position":1,"name":"Home","item":"https:\/\/hvisser.dev.mooijit.nl\/es\/hans-visser-flores\/"},{"@type":"ListItem","position":2,"name":"Acerca de nosotros"}]},{"@type":"WebSite","@id":"https:\/\/www.hvisserbloemen.nl\/es\/#website","url":"https:\/\/www.hvisserbloemen.nl\/es\/","name":"Hans Visser Bloemenexport","description":"Uw b.loemenaanbod moet exact voldoen aan de kwaliteitsverwachtingen van uw klanten. Dat is uw onderscheidend vermogen. Hans Visser Bloemen begrijpt dat. Uw vraag staat bij ons centraal. Wij kopen in wat u nodig heeft en verwerken en verzenden uw producten gekoeld naar het juiste afleveradres. Of u nu gevestigd bent in Europa of daarbuiten.","potentialAction":[{"@type":"SearchAction","target":{"@type":"EntryPoint","urlTemplate":"https:\/\/www.hvisserbloemen.nl\/es\/?s={search_term_string}"},"query-input":{"@type":"PropertyValueSpecification","valueRequired":true,"valueName":"search_term_string"}}],"inLanguage":"es"}]}},"_links":{"self":[{"href":"https:\/\/www.hvisserbloemen.nl\/es\/wp-json\/wp\/v2\/pages\/632","targetHints":{"allow":["GET"]}}],"collection":[{"href":"https:\/\/www.hvisserbloemen.nl\/es\/wp-json\/wp\/v2\/pages"}],"about":[{"href":"https:\/\/www.hvisserbloemen.nl\/es\/wp-json\/wp\/v2\/types\/page"}],"author":[{"embeddable":true,"href":"https:\/\/www.hvisserbloemen.nl\/es\/wp-json\/wp\/v2\/users\/2"}],"replies":[{"embeddable":true,"href":"https:\/\/www.hvisserbloemen.nl\/es\/wp-json\/wp\/v2\/comments?post=632"}],"version-history":[{"count":6,"href":"https:\/\/www.hvisserbloemen.nl\/es\/wp-json\/wp\/v2\/pages\/632\/revisions"}],"predecessor-version":[{"id":791,"href":"https:\/\/www.hvisserbloemen.nl\/es\/wp-json\/wp\/v2\/pages\/632\/revisions\/791"}],"wp:attachment":[{"href":"https:\/\/www.hvisserbloemen.nl\/es\/wp-json\/wp\/v2\/media?parent=632"}],"curies":[{"name":"wp","href":"https:\/\/api.w.org\/{rel}","templated":true}]}}