{"id":578,"date":"2020-11-04T09:44:13","date_gmt":"2020-11-04T09:44:13","guid":{"rendered":"https:\/\/www.hvisserbloemen.nl\/?page_id=578"},"modified":"2022-04-28T20:56:50","modified_gmt":"2022-04-28T20:56:50","slug":"evenements","status":"publish","type":"page","link":"https:\/\/www.hvisserbloemen.nl\/fr\/evenements\/","title":{"rendered":"\u00c9v\u00e9nements"},"content":{"rendered":"\n<h3 class=\"wp-block-heading\"><strong>Des fleurs pour tous les \u00e9v\u00e9nements exclusifs et les mariages<\/strong><\/h3>\n\n\n\n<p>Depuis des ann\u00e9es, nous fournissons des fleurs pour des \u00e9v\u00e9nements grandioses et exclusifs dans le monde entier. D&rsquo;ailleurs, vous avez pu voir nos fleurs \u00e0 Rome, sur la place Saint-Pierre, pendant que le pape pronon\u00e7ait la b\u00e9n\u00e9diction de P\u00e2ques. Nos fleurs sont \u00e9galement utilis\u00e9es lors de grands mariages et \u00e9v\u00e9nements \u00e0 Duba\u00ef et en Inde, par exemple, ainsi que pour la d\u00e9coration d&rsquo;h\u00f4tels. M\u00eame la famille royale n\u00e9erlandaise utilise occasionnellement nos fleurs pour ses \u00e9v\u00e9nements.<\/p>\n\n\n\n<figure class=\"wp-block-gallery has-nested-images columns-default is-cropped wp-block-gallery-1 is-layout-flex wp-block-gallery-is-layout-flex\">\n<figure class=\"wp-block-image size-large\"><img loading=\"lazy\" decoding=\"async\" width=\"1024\" height=\"768\" data-id=\"580\" src=\"https:\/\/www.hvisserbloemen.nl\/content\/uploads\/2021\/08\/WhatsApp-Image-2021-07-16-at-10.09.35-7-2.jpg\" alt=\"\" class=\"wp-image-580\" srcset=\"https:\/\/www.hvisserbloemen.nl\/wp-content\/uploads\/2021\/08\/WhatsApp-Image-2021-07-16-at-10.09.35-7-2.jpg 1024w, https:\/\/www.hvisserbloemen.nl\/wp-content\/uploads\/2021\/08\/WhatsApp-Image-2021-07-16-at-10.09.35-7-2-300x225.jpg 300w, https:\/\/www.hvisserbloemen.nl\/wp-content\/uploads\/2021\/08\/WhatsApp-Image-2021-07-16-at-10.09.35-7-2-768x576.jpg 768w, https:\/\/www.hvisserbloemen.nl\/wp-content\/uploads\/2021\/08\/WhatsApp-Image-2021-07-16-at-10.09.35-7-2-1000x750.jpg 1000w\" sizes=\"auto, (max-width: 1024px) 100vw, 1024px\" \/><\/figure>\n\n\n\n<figure class=\"wp-block-image size-large\"><img loading=\"lazy\" decoding=\"async\" width=\"1024\" height=\"768\" data-id=\"579\" src=\"https:\/\/www.hvisserbloemen.nl\/content\/uploads\/2021\/08\/WhatsApp-Image-2021-07-16-at-10.13.39-10-2.jpg\" alt=\"\" class=\"wp-image-579\" srcset=\"https:\/\/www.hvisserbloemen.nl\/wp-content\/uploads\/2021\/08\/WhatsApp-Image-2021-07-16-at-10.13.39-10-2.jpg 1024w, https:\/\/www.hvisserbloemen.nl\/wp-content\/uploads\/2021\/08\/WhatsApp-Image-2021-07-16-at-10.13.39-10-2-300x225.jpg 300w, https:\/\/www.hvisserbloemen.nl\/wp-content\/uploads\/2021\/08\/WhatsApp-Image-2021-07-16-at-10.13.39-10-2-768x576.jpg 768w, https:\/\/www.hvisserbloemen.nl\/wp-content\/uploads\/2021\/08\/WhatsApp-Image-2021-07-16-at-10.13.39-10-2-1000x750.jpg 1000w\" sizes=\"auto, (max-width: 1024px) 100vw, 1024px\" \/><\/figure>\n<\/figure>\n\n\n\n<p>Les cr\u00e9ateurs nous choisissent souvent pour la qualit\u00e9 de nos fleurs, la rapidit\u00e9 de nos livraisons, notre large gamme de fleurs exclusives, mais aussi pour notre compr\u00e9hension et notre sensibilit\u00e9 au style du cr\u00e9ateur.&nbsp;&nbsp;&nbsp;<\/p>\n\n\n\n<blockquote class=\"wp-block-quote is-layout-flow wp-block-quote-is-layout-flow\"><p>\u00ab\u00a0<strong><em>Les fleurs sont toujours emball\u00e9es avec soin et dans le bon mat\u00e9riel, je n&rsquo;ai donc pas \u00e0 m&rsquo;inqui\u00e9ter de la qualit\u00e9 et de l&rsquo;\u00e9tat des fleurs<\/em>.\u00a0\u00bb<br><em>&#8211; Pascal, designer<\/em><\/strong><\/p><\/blockquote>\n\n\n\n<p>Nous travaillons avec des designers du monde entier. Soutenir chaque fois leur style et leur cr\u00e9ativit\u00e9 afin qu&rsquo;ils puissent r\u00e9aliser les plus belles cr\u00e9ations constitue pour nous un d\u00e9fi que nous choisissons de relever.<\/p>\n\n\n\n<div class=\"intro txt\" style=\"padding:0;\">\n<div class=\"quote\">\n<p> La qualit\u00e9 des fleurs et l&rsquo;assortiment sont exceptionnels&nbsp;&#8211; Julia, organisatrice d&rsquo;\u00e9v\u00e9nements\n<\/p>\n<div class=\"image\" style=\"background-image:url(https:\/\/www.hvisserbloemen.nl\/wp-content\/uploads\/2021\/07\/events-quote.jpg);\"><\/div>\n<\/div><\/div>\n","protected":false},"excerpt":{"rendered":"<p>Des fleurs pour tous les \u00e9v\u00e9nements exclusifs et les mariages Depuis des ann\u00e9es, nous fournissons des fleurs pour des \u00e9v\u00e9nements grandioses et exclusifs dans le monde entier. D&rsquo;ailleurs, vous avez pu voir nos fleurs \u00e0 Rome, sur la place Saint-Pierre, pendant que le pape pronon\u00e7ait la b\u00e9n\u00e9diction de P\u00e2ques. Nos fleurs sont \u00e9galement utilis\u00e9es lors [&hellip;]<\/p>\n","protected":false},"author":2,"featured_media":0,"parent":0,"menu_order":0,"comment_status":"closed","ping_status":"closed","template":"page-events.php","meta":{"_acf_changed":false,"footnotes":""},"class_list":["post-578","page","type-page","status-publish","hentry"],"acf":[],"yoast_head":"<!-- This site is optimized with the Yoast SEO plugin v26.0 - https:\/\/yoast.com\/wordpress\/plugins\/seo\/ -->\n<title>\u00c9v\u00e9nements - Hans Visser Bloemenexport<\/title>\n<meta name=\"robots\" content=\"index, follow, max-snippet:-1, max-image-preview:large, max-video-preview:-1\" \/>\n<link rel=\"canonical\" href=\"https:\/\/www.hvisserbloemen.nl\/fr\/evenements\/\" \/>\n<meta property=\"og:locale\" content=\"fr_FR\" \/>\n<meta property=\"og:type\" content=\"article\" \/>\n<meta property=\"og:title\" content=\"\u00c9v\u00e9nements - Hans Visser Bloemenexport\" \/>\n<meta property=\"og:description\" content=\"Des fleurs pour tous les \u00e9v\u00e9nements exclusifs et les mariages Depuis des ann\u00e9es, nous fournissons des fleurs pour des \u00e9v\u00e9nements grandioses et exclusifs dans le monde entier. D&rsquo;ailleurs, vous avez pu voir nos fleurs \u00e0 Rome, sur la place Saint-Pierre, pendant que le pape pronon\u00e7ait la b\u00e9n\u00e9diction de P\u00e2ques. Nos fleurs sont \u00e9galement utilis\u00e9es lors [&hellip;]\" \/>\n<meta property=\"og:url\" content=\"https:\/\/www.hvisserbloemen.nl\/fr\/evenements\/\" \/>\n<meta property=\"og:site_name\" content=\"Hans Visser Bloemenexport\" \/>\n<meta property=\"article:publisher\" content=\"https:\/\/www.facebook.com\/HansVisserFlowerExport\/\" \/>\n<meta property=\"article:modified_time\" content=\"2022-04-28T20:56:50+00:00\" \/>\n<meta property=\"og:image\" content=\"https:\/\/hvisser.dev.mooijit.nl\/content\/uploads\/2021\/08\/WhatsApp-Image-2021-07-16-at-10.09.35-7-2.jpg\" \/>\n<meta name=\"twitter:card\" content=\"summary_large_image\" \/>\n<meta name=\"twitter:label1\" content=\"Dur\u00e9e de lecture estim\u00e9e\" \/>\n\t<meta name=\"twitter:data1\" content=\"2 minutes\" \/>\n<script type=\"application\/ld+json\" class=\"yoast-schema-graph\">{\"@context\":\"https:\/\/schema.org\",\"@graph\":[{\"@type\":\"WebPage\",\"@id\":\"https:\/\/www.hvisserbloemen.nl\/fr\/evenements\/\",\"url\":\"https:\/\/www.hvisserbloemen.nl\/fr\/evenements\/\",\"name\":\"\u00c9v\u00e9nements - Hans Visser Bloemenexport\",\"isPartOf\":{\"@id\":\"https:\/\/www.hvisserbloemen.nl\/fr\/#website\"},\"primaryImageOfPage\":{\"@id\":\"https:\/\/www.hvisserbloemen.nl\/fr\/evenements\/#primaryimage\"},\"image\":{\"@id\":\"https:\/\/www.hvisserbloemen.nl\/fr\/evenements\/#primaryimage\"},\"thumbnailUrl\":\"https:\/\/www.hvisserbloemen.nl\/content\/uploads\/2021\/08\/WhatsApp-Image-2021-07-16-at-10.09.35-7-2.jpg\",\"datePublished\":\"2020-11-04T09:44:13+00:00\",\"dateModified\":\"2022-04-28T20:56:50+00:00\",\"breadcrumb\":{\"@id\":\"https:\/\/www.hvisserbloemen.nl\/fr\/evenements\/#breadcrumb\"},\"inLanguage\":\"fr-FR\",\"potentialAction\":[{\"@type\":\"ReadAction\",\"target\":[\"https:\/\/www.hvisserbloemen.nl\/fr\/evenements\/\"]}]},{\"@type\":\"ImageObject\",\"inLanguage\":\"fr-FR\",\"@id\":\"https:\/\/www.hvisserbloemen.nl\/fr\/evenements\/#primaryimage\",\"url\":\"https:\/\/www.hvisserbloemen.nl\/content\/uploads\/2021\/08\/WhatsApp-Image-2021-07-16-at-10.09.35-7-2.jpg\",\"contentUrl\":\"https:\/\/www.hvisserbloemen.nl\/content\/uploads\/2021\/08\/WhatsApp-Image-2021-07-16-at-10.09.35-7-2.jpg\"},{\"@type\":\"BreadcrumbList\",\"@id\":\"https:\/\/www.hvisserbloemen.nl\/fr\/evenements\/#breadcrumb\",\"itemListElement\":[{\"@type\":\"ListItem\",\"position\":1,\"name\":\"Home\",\"item\":\"https:\/\/hvisser.dev.mooijit.nl\/fr\/hans-visser-fleurs\/\"},{\"@type\":\"ListItem\",\"position\":2,\"name\":\"\u00c9v\u00e9nements\"}]},{\"@type\":\"WebSite\",\"@id\":\"https:\/\/www.hvisserbloemen.nl\/fr\/#website\",\"url\":\"https:\/\/www.hvisserbloemen.nl\/fr\/\",\"name\":\"Hans Visser Bloemenexport\",\"description\":\"Uw b.loemenaanbod moet exact voldoen aan de kwaliteitsverwachtingen van uw klanten. Dat is uw onderscheidend vermogen. Hans Visser Bloemen begrijpt dat. Uw vraag staat bij ons centraal. Wij kopen in wat u nodig heeft en verwerken en verzenden uw producten gekoeld naar het juiste afleveradres. Of u nu gevestigd bent in Europa of daarbuiten.\",\"potentialAction\":[{\"@type\":\"SearchAction\",\"target\":{\"@type\":\"EntryPoint\",\"urlTemplate\":\"https:\/\/www.hvisserbloemen.nl\/fr\/?s={search_term_string}\"},\"query-input\":{\"@type\":\"PropertyValueSpecification\",\"valueRequired\":true,\"valueName\":\"search_term_string\"}}],\"inLanguage\":\"fr-FR\"}]}<\/script>\n<!-- \/ Yoast SEO plugin. -->","yoast_head_json":{"title":"\u00c9v\u00e9nements - Hans Visser Bloemenexport","robots":{"index":"index","follow":"follow","max-snippet":"max-snippet:-1","max-image-preview":"max-image-preview:large","max-video-preview":"max-video-preview:-1"},"canonical":"https:\/\/www.hvisserbloemen.nl\/fr\/evenements\/","og_locale":"fr_FR","og_type":"article","og_title":"\u00c9v\u00e9nements - Hans Visser Bloemenexport","og_description":"Des fleurs pour tous les \u00e9v\u00e9nements exclusifs et les mariages Depuis des ann\u00e9es, nous fournissons des fleurs pour des \u00e9v\u00e9nements grandioses et exclusifs dans le monde entier. D&rsquo;ailleurs, vous avez pu voir nos fleurs \u00e0 Rome, sur la place Saint-Pierre, pendant que le pape pronon\u00e7ait la b\u00e9n\u00e9diction de P\u00e2ques. Nos fleurs sont \u00e9galement utilis\u00e9es lors [&hellip;]","og_url":"https:\/\/www.hvisserbloemen.nl\/fr\/evenements\/","og_site_name":"Hans Visser Bloemenexport","article_publisher":"https:\/\/www.facebook.com\/HansVisserFlowerExport\/","article_modified_time":"2022-04-28T20:56:50+00:00","og_image":[{"url":"https:\/\/hvisser.dev.mooijit.nl\/content\/uploads\/2021\/08\/WhatsApp-Image-2021-07-16-at-10.09.35-7-2.jpg","type":"","width":"","height":""}],"twitter_card":"summary_large_image","twitter_misc":{"Dur\u00e9e de lecture estim\u00e9e":"2 minutes"},"schema":{"@context":"https:\/\/schema.org","@graph":[{"@type":"WebPage","@id":"https:\/\/www.hvisserbloemen.nl\/fr\/evenements\/","url":"https:\/\/www.hvisserbloemen.nl\/fr\/evenements\/","name":"\u00c9v\u00e9nements - Hans Visser Bloemenexport","isPartOf":{"@id":"https:\/\/www.hvisserbloemen.nl\/fr\/#website"},"primaryImageOfPage":{"@id":"https:\/\/www.hvisserbloemen.nl\/fr\/evenements\/#primaryimage"},"image":{"@id":"https:\/\/www.hvisserbloemen.nl\/fr\/evenements\/#primaryimage"},"thumbnailUrl":"https:\/\/www.hvisserbloemen.nl\/content\/uploads\/2021\/08\/WhatsApp-Image-2021-07-16-at-10.09.35-7-2.jpg","datePublished":"2020-11-04T09:44:13+00:00","dateModified":"2022-04-28T20:56:50+00:00","breadcrumb":{"@id":"https:\/\/www.hvisserbloemen.nl\/fr\/evenements\/#breadcrumb"},"inLanguage":"fr-FR","potentialAction":[{"@type":"ReadAction","target":["https:\/\/www.hvisserbloemen.nl\/fr\/evenements\/"]}]},{"@type":"ImageObject","inLanguage":"fr-FR","@id":"https:\/\/www.hvisserbloemen.nl\/fr\/evenements\/#primaryimage","url":"https:\/\/www.hvisserbloemen.nl\/content\/uploads\/2021\/08\/WhatsApp-Image-2021-07-16-at-10.09.35-7-2.jpg","contentUrl":"https:\/\/www.hvisserbloemen.nl\/content\/uploads\/2021\/08\/WhatsApp-Image-2021-07-16-at-10.09.35-7-2.jpg"},{"@type":"BreadcrumbList","@id":"https:\/\/www.hvisserbloemen.nl\/fr\/evenements\/#breadcrumb","itemListElement":[{"@type":"ListItem","position":1,"name":"Home","item":"https:\/\/hvisser.dev.mooijit.nl\/fr\/hans-visser-fleurs\/"},{"@type":"ListItem","position":2,"name":"\u00c9v\u00e9nements"}]},{"@type":"WebSite","@id":"https:\/\/www.hvisserbloemen.nl\/fr\/#website","url":"https:\/\/www.hvisserbloemen.nl\/fr\/","name":"Hans Visser Bloemenexport","description":"Uw b.loemenaanbod moet exact voldoen aan de kwaliteitsverwachtingen van uw klanten. Dat is uw onderscheidend vermogen. Hans Visser Bloemen begrijpt dat. Uw vraag staat bij ons centraal. Wij kopen in wat u nodig heeft en verwerken en verzenden uw producten gekoeld naar het juiste afleveradres. Of u nu gevestigd bent in Europa of daarbuiten.","potentialAction":[{"@type":"SearchAction","target":{"@type":"EntryPoint","urlTemplate":"https:\/\/www.hvisserbloemen.nl\/fr\/?s={search_term_string}"},"query-input":{"@type":"PropertyValueSpecification","valueRequired":true,"valueName":"search_term_string"}}],"inLanguage":"fr-FR"}]}},"_links":{"self":[{"href":"https:\/\/www.hvisserbloemen.nl\/fr\/wp-json\/wp\/v2\/pages\/578","targetHints":{"allow":["GET"]}}],"collection":[{"href":"https:\/\/www.hvisserbloemen.nl\/fr\/wp-json\/wp\/v2\/pages"}],"about":[{"href":"https:\/\/www.hvisserbloemen.nl\/fr\/wp-json\/wp\/v2\/types\/page"}],"author":[{"embeddable":true,"href":"https:\/\/www.hvisserbloemen.nl\/fr\/wp-json\/wp\/v2\/users\/2"}],"replies":[{"embeddable":true,"href":"https:\/\/www.hvisserbloemen.nl\/fr\/wp-json\/wp\/v2\/comments?post=578"}],"version-history":[{"count":3,"href":"https:\/\/www.hvisserbloemen.nl\/fr\/wp-json\/wp\/v2\/pages\/578\/revisions"}],"predecessor-version":[{"id":1433,"href":"https:\/\/www.hvisserbloemen.nl\/fr\/wp-json\/wp\/v2\/pages\/578\/revisions\/1433"}],"wp:attachment":[{"href":"https:\/\/www.hvisserbloemen.nl\/fr\/wp-json\/wp\/v2\/media?parent=578"}],"curies":[{"name":"wp","href":"https:\/\/api.w.org\/{rel}","templated":true}]}}