{"id":596,"date":"2020-07-02T20:42:43","date_gmt":"2020-07-02T20:42:43","guid":{"rendered":"https:\/\/www.hvisserbloemen.nl\/?page_id=596"},"modified":"2021-08-30T13:12:33","modified_gmt":"2021-08-30T13:12:33","slug":"devenir-client","status":"publish","type":"page","link":"https:\/\/www.hvisserbloemen.nl\/fr\/devenir-client\/","title":{"rendered":"Devenir client"},"content":{"rendered":"\n<p>Nous vous invitons \u00e0 faire l&rsquo;exp\u00e9rience de la qualit\u00e9 de Hans Visser Bloemen. Afin de vous fournir le meilleur service possible, nous vous demandons de remplir le formulaire d&rsquo;inscription de mani\u00e8re aussi compl\u00e8te que possible et de nous l&rsquo;envoyer. Si vous avez des questions, n&rsquo;h\u00e9sitez pas \u00e0 nous appeler ou \u00e0 nous envoyer un e-mail. Hans Visser Flowers sera heureux de vous rendre service&nbsp;!<\/p>\n\n\n\n<p>+31 (0)297 515151<br><a href=\"mailto:info@hvisserbloemen.nl\">info@hvisserbloemen.nl<\/a><\/p>\n","protected":false},"excerpt":{"rendered":"<p>Nous vous invitons \u00e0 faire l&rsquo;exp\u00e9rience de la qualit\u00e9 de Hans Visser Bloemen. Afin de vous fournir le meilleur service possible, nous vous demandons de remplir le formulaire d&rsquo;inscription de mani\u00e8re aussi compl\u00e8te que possible et de nous l&rsquo;envoyer. Si vous avez des questions, n&rsquo;h\u00e9sitez pas \u00e0 nous appeler ou \u00e0 nous envoyer un e-mail. [&hellip;]<\/p>\n","protected":false},"author":2,"featured_media":0,"parent":0,"menu_order":0,"comment_status":"closed","ping_status":"closed","template":"page-contact.php","meta":{"_acf_changed":false,"footnotes":""},"class_list":["post-596","page","type-page","status-publish","hentry"],"acf":[],"yoast_head":"<!-- This site is optimized with the Yoast SEO plugin v26.0 - https:\/\/yoast.com\/wordpress\/plugins\/seo\/ -->\n<title>Devenir client - Hans Visser Bloemenexport<\/title>\n<meta name=\"robots\" content=\"index, follow, max-snippet:-1, max-image-preview:large, max-video-preview:-1\" \/>\n<link rel=\"canonical\" href=\"https:\/\/www.hvisserbloemen.nl\/fr\/devenir-client\/\" \/>\n<meta property=\"og:locale\" content=\"fr_FR\" \/>\n<meta property=\"og:type\" content=\"article\" \/>\n<meta property=\"og:title\" content=\"Devenir client - Hans Visser Bloemenexport\" \/>\n<meta property=\"og:description\" content=\"Nous vous invitons \u00e0 faire l&rsquo;exp\u00e9rience de la qualit\u00e9 de Hans Visser Bloemen. Afin de vous fournir le meilleur service possible, nous vous demandons de remplir le formulaire d&rsquo;inscription de mani\u00e8re aussi compl\u00e8te que possible et de nous l&rsquo;envoyer. Si vous avez des questions, n&rsquo;h\u00e9sitez pas \u00e0 nous appeler ou \u00e0 nous envoyer un e-mail. [&hellip;]\" \/>\n<meta property=\"og:url\" content=\"https:\/\/www.hvisserbloemen.nl\/fr\/devenir-client\/\" \/>\n<meta property=\"og:site_name\" content=\"Hans Visser Bloemenexport\" \/>\n<meta property=\"article:publisher\" content=\"https:\/\/www.facebook.com\/HansVisserFlowerExport\/\" \/>\n<meta property=\"article:modified_time\" content=\"2021-08-30T13:12:33+00:00\" \/>\n<meta name=\"twitter:card\" content=\"summary_large_image\" \/>\n<meta name=\"twitter:label1\" content=\"Dur\u00e9e de lecture estim\u00e9e\" \/>\n\t<meta name=\"twitter:data1\" content=\"1 minute\" \/>\n<script type=\"application\/ld+json\" class=\"yoast-schema-graph\">{\"@context\":\"https:\/\/schema.org\",\"@graph\":[{\"@type\":\"WebPage\",\"@id\":\"https:\/\/www.hvisserbloemen.nl\/fr\/devenir-client\/\",\"url\":\"https:\/\/www.hvisserbloemen.nl\/fr\/devenir-client\/\",\"name\":\"Devenir client - Hans Visser Bloemenexport\",\"isPartOf\":{\"@id\":\"https:\/\/www.hvisserbloemen.nl\/fr\/#website\"},\"datePublished\":\"2020-07-02T20:42:43+00:00\",\"dateModified\":\"2021-08-30T13:12:33+00:00\",\"breadcrumb\":{\"@id\":\"https:\/\/www.hvisserbloemen.nl\/fr\/devenir-client\/#breadcrumb\"},\"inLanguage\":\"fr-FR\",\"potentialAction\":[{\"@type\":\"ReadAction\",\"target\":[\"https:\/\/www.hvisserbloemen.nl\/fr\/devenir-client\/\"]}]},{\"@type\":\"BreadcrumbList\",\"@id\":\"https:\/\/www.hvisserbloemen.nl\/fr\/devenir-client\/#breadcrumb\",\"itemListElement\":[{\"@type\":\"ListItem\",\"position\":1,\"name\":\"Home\",\"item\":\"https:\/\/hvisser.dev.mooijit.nl\/fr\/hans-visser-fleurs\/\"},{\"@type\":\"ListItem\",\"position\":2,\"name\":\"Devenir client\"}]},{\"@type\":\"WebSite\",\"@id\":\"https:\/\/www.hvisserbloemen.nl\/fr\/#website\",\"url\":\"https:\/\/www.hvisserbloemen.nl\/fr\/\",\"name\":\"Hans Visser Bloemenexport\",\"description\":\"Uw b.loemenaanbod moet exact voldoen aan de kwaliteitsverwachtingen van uw klanten. Dat is uw onderscheidend vermogen. Hans Visser Bloemen begrijpt dat. Uw vraag staat bij ons centraal. Wij kopen in wat u nodig heeft en verwerken en verzenden uw producten gekoeld naar het juiste afleveradres. Of u nu gevestigd bent in Europa of daarbuiten.\",\"potentialAction\":[{\"@type\":\"SearchAction\",\"target\":{\"@type\":\"EntryPoint\",\"urlTemplate\":\"https:\/\/www.hvisserbloemen.nl\/fr\/?s={search_term_string}\"},\"query-input\":{\"@type\":\"PropertyValueSpecification\",\"valueRequired\":true,\"valueName\":\"search_term_string\"}}],\"inLanguage\":\"fr-FR\"}]}<\/script>\n<!-- \/ Yoast SEO plugin. -->","yoast_head_json":{"title":"Devenir client - Hans Visser Bloemenexport","robots":{"index":"index","follow":"follow","max-snippet":"max-snippet:-1","max-image-preview":"max-image-preview:large","max-video-preview":"max-video-preview:-1"},"canonical":"https:\/\/www.hvisserbloemen.nl\/fr\/devenir-client\/","og_locale":"fr_FR","og_type":"article","og_title":"Devenir client - Hans Visser Bloemenexport","og_description":"Nous vous invitons \u00e0 faire l&rsquo;exp\u00e9rience de la qualit\u00e9 de Hans Visser Bloemen. Afin de vous fournir le meilleur service possible, nous vous demandons de remplir le formulaire d&rsquo;inscription de mani\u00e8re aussi compl\u00e8te que possible et de nous l&rsquo;envoyer. Si vous avez des questions, n&rsquo;h\u00e9sitez pas \u00e0 nous appeler ou \u00e0 nous envoyer un e-mail. [&hellip;]","og_url":"https:\/\/www.hvisserbloemen.nl\/fr\/devenir-client\/","og_site_name":"Hans Visser Bloemenexport","article_publisher":"https:\/\/www.facebook.com\/HansVisserFlowerExport\/","article_modified_time":"2021-08-30T13:12:33+00:00","twitter_card":"summary_large_image","twitter_misc":{"Dur\u00e9e de lecture estim\u00e9e":"1 minute"},"schema":{"@context":"https:\/\/schema.org","@graph":[{"@type":"WebPage","@id":"https:\/\/www.hvisserbloemen.nl\/fr\/devenir-client\/","url":"https:\/\/www.hvisserbloemen.nl\/fr\/devenir-client\/","name":"Devenir client - Hans Visser Bloemenexport","isPartOf":{"@id":"https:\/\/www.hvisserbloemen.nl\/fr\/#website"},"datePublished":"2020-07-02T20:42:43+00:00","dateModified":"2021-08-30T13:12:33+00:00","breadcrumb":{"@id":"https:\/\/www.hvisserbloemen.nl\/fr\/devenir-client\/#breadcrumb"},"inLanguage":"fr-FR","potentialAction":[{"@type":"ReadAction","target":["https:\/\/www.hvisserbloemen.nl\/fr\/devenir-client\/"]}]},{"@type":"BreadcrumbList","@id":"https:\/\/www.hvisserbloemen.nl\/fr\/devenir-client\/#breadcrumb","itemListElement":[{"@type":"ListItem","position":1,"name":"Home","item":"https:\/\/hvisser.dev.mooijit.nl\/fr\/hans-visser-fleurs\/"},{"@type":"ListItem","position":2,"name":"Devenir client"}]},{"@type":"WebSite","@id":"https:\/\/www.hvisserbloemen.nl\/fr\/#website","url":"https:\/\/www.hvisserbloemen.nl\/fr\/","name":"Hans Visser Bloemenexport","description":"Uw b.loemenaanbod moet exact voldoen aan de kwaliteitsverwachtingen van uw klanten. Dat is uw onderscheidend vermogen. Hans Visser Bloemen begrijpt dat. Uw vraag staat bij ons centraal. Wij kopen in wat u nodig heeft en verwerken en verzenden uw producten gekoeld naar het juiste afleveradres. Of u nu gevestigd bent in Europa of daarbuiten.","potentialAction":[{"@type":"SearchAction","target":{"@type":"EntryPoint","urlTemplate":"https:\/\/www.hvisserbloemen.nl\/fr\/?s={search_term_string}"},"query-input":{"@type":"PropertyValueSpecification","valueRequired":true,"valueName":"search_term_string"}}],"inLanguage":"fr-FR"}]}},"_links":{"self":[{"href":"https:\/\/www.hvisserbloemen.nl\/fr\/wp-json\/wp\/v2\/pages\/596","targetHints":{"allow":["GET"]}}],"collection":[{"href":"https:\/\/www.hvisserbloemen.nl\/fr\/wp-json\/wp\/v2\/pages"}],"about":[{"href":"https:\/\/www.hvisserbloemen.nl\/fr\/wp-json\/wp\/v2\/types\/page"}],"author":[{"embeddable":true,"href":"https:\/\/www.hvisserbloemen.nl\/fr\/wp-json\/wp\/v2\/users\/2"}],"replies":[{"embeddable":true,"href":"https:\/\/www.hvisserbloemen.nl\/fr\/wp-json\/wp\/v2\/comments?post=596"}],"version-history":[{"count":3,"href":"https:\/\/www.hvisserbloemen.nl\/fr\/wp-json\/wp\/v2\/pages\/596\/revisions"}],"predecessor-version":[{"id":609,"href":"https:\/\/www.hvisserbloemen.nl\/fr\/wp-json\/wp\/v2\/pages\/596\/revisions\/609"}],"wp:attachment":[{"href":"https:\/\/www.hvisserbloemen.nl\/fr\/wp-json\/wp\/v2\/media?parent=596"}],"curies":[{"name":"wp","href":"https:\/\/api.w.org\/{rel}","templated":true}]}}