{"id":614,"date":"2020-07-08T04:50:42","date_gmt":"2020-07-08T04:50:42","guid":{"rendered":"https:\/\/www.hvisserbloemen.nl\/?page_id=614"},"modified":"2021-12-13T07:00:59","modified_gmt":"2021-12-13T07:00:59","slug":"lignes-courtes-reponses-rapides","status":"publish","type":"page","link":"https:\/\/www.hvisserbloemen.nl\/fr\/lignes-courtes-reponses-rapides\/","title":{"rendered":"Lignes courtes, r\u00e9ponses rapides"},"content":{"rendered":"\n<p>Nous sommes \u00e9tablis \u00e0 Aalsmeer, le c\u0153ur du commerce international des fleurs et des plantes. C&rsquo;est l\u00e0 que nous nous mettons \u00e0 votre service tous les jours avec une \u00e9quipe enthousiaste et professionnelle. Si vous avez des questions sur nos services, nous sommes disponibles par e-mail et par t\u00e9l\u00e9phone. N&rsquo;h\u00e9sitez pas \u00e0 nous contacter.&nbsp;<\/p>\n\n\n\n<p><strong>Hans Visser Bloemen B.V.<\/strong><br>Legmeerdijk 313 \/ Localit\u00e9 043<br>Bo\u00eete postale 1215<br>1430 BE Aalsmeer<br>les Pays-Bas<\/p>\n\n\n\n<p>+31 (0)297 515151<br><a href=\"mailto:info@hvisserbloemen.nl\">info@hvisserbloemen.nl<\/a><\/p>\n","protected":false},"excerpt":{"rendered":"<p>Nous sommes \u00e9tablis \u00e0 Aalsmeer, le c\u0153ur du commerce international des fleurs et des plantes. C&rsquo;est l\u00e0 que nous nous mettons \u00e0 votre service tous les jours avec une \u00e9quipe enthousiaste et professionnelle. Si vous avez des questions sur nos services, nous sommes disponibles par e-mail et par t\u00e9l\u00e9phone. N&rsquo;h\u00e9sitez pas \u00e0 nous contacter.&nbsp; Hans [&hellip;]<\/p>\n","protected":false},"author":2,"featured_media":0,"parent":0,"menu_order":0,"comment_status":"closed","ping_status":"closed","template":"page-contact.php","meta":{"_acf_changed":false,"footnotes":""},"class_list":["post-614","page","type-page","status-publish","hentry"],"acf":[],"yoast_head":"<!-- This site is optimized with the Yoast SEO plugin v26.0 - https:\/\/yoast.com\/wordpress\/plugins\/seo\/ -->\n<title>Lignes courtes, r\u00e9ponses rapides - Hans Visser Bloemenexport<\/title>\n<meta name=\"robots\" content=\"index, follow, max-snippet:-1, max-image-preview:large, max-video-preview:-1\" \/>\n<link rel=\"canonical\" href=\"https:\/\/www.hvisserbloemen.nl\/fr\/lignes-courtes-reponses-rapides\/\" \/>\n<meta property=\"og:locale\" content=\"fr_FR\" \/>\n<meta property=\"og:type\" content=\"article\" \/>\n<meta property=\"og:title\" content=\"Lignes courtes, r\u00e9ponses rapides - Hans Visser Bloemenexport\" \/>\n<meta property=\"og:description\" content=\"Nous sommes \u00e9tablis \u00e0 Aalsmeer, le c\u0153ur du commerce international des fleurs et des plantes. C&rsquo;est l\u00e0 que nous nous mettons \u00e0 votre service tous les jours avec une \u00e9quipe enthousiaste et professionnelle. Si vous avez des questions sur nos services, nous sommes disponibles par e-mail et par t\u00e9l\u00e9phone. N&rsquo;h\u00e9sitez pas \u00e0 nous contacter.&nbsp; Hans [&hellip;]\" \/>\n<meta property=\"og:url\" content=\"https:\/\/www.hvisserbloemen.nl\/fr\/lignes-courtes-reponses-rapides\/\" \/>\n<meta property=\"og:site_name\" content=\"Hans Visser Bloemenexport\" \/>\n<meta property=\"article:publisher\" content=\"https:\/\/www.facebook.com\/HansVisserFlowerExport\/\" \/>\n<meta property=\"article:modified_time\" content=\"2021-12-13T07:00:59+00:00\" \/>\n<meta name=\"twitter:card\" content=\"summary_large_image\" \/>\n<meta name=\"twitter:label1\" content=\"Dur\u00e9e de lecture estim\u00e9e\" \/>\n\t<meta name=\"twitter:data1\" content=\"1 minute\" \/>\n<script type=\"application\/ld+json\" class=\"yoast-schema-graph\">{\"@context\":\"https:\/\/schema.org\",\"@graph\":[{\"@type\":\"WebPage\",\"@id\":\"https:\/\/www.hvisserbloemen.nl\/fr\/lignes-courtes-reponses-rapides\/\",\"url\":\"https:\/\/www.hvisserbloemen.nl\/fr\/lignes-courtes-reponses-rapides\/\",\"name\":\"Lignes courtes, r\u00e9ponses rapides - Hans Visser Bloemenexport\",\"isPartOf\":{\"@id\":\"https:\/\/www.hvisserbloemen.nl\/fr\/#website\"},\"datePublished\":\"2020-07-08T04:50:42+00:00\",\"dateModified\":\"2021-12-13T07:00:59+00:00\",\"breadcrumb\":{\"@id\":\"https:\/\/www.hvisserbloemen.nl\/fr\/lignes-courtes-reponses-rapides\/#breadcrumb\"},\"inLanguage\":\"fr-FR\",\"potentialAction\":[{\"@type\":\"ReadAction\",\"target\":[\"https:\/\/www.hvisserbloemen.nl\/fr\/lignes-courtes-reponses-rapides\/\"]}]},{\"@type\":\"BreadcrumbList\",\"@id\":\"https:\/\/www.hvisserbloemen.nl\/fr\/lignes-courtes-reponses-rapides\/#breadcrumb\",\"itemListElement\":[{\"@type\":\"ListItem\",\"position\":1,\"name\":\"Home\",\"item\":\"https:\/\/hvisser.dev.mooijit.nl\/fr\/hans-visser-fleurs\/\"},{\"@type\":\"ListItem\",\"position\":2,\"name\":\"Lignes courtes, r\u00e9ponses rapides\"}]},{\"@type\":\"WebSite\",\"@id\":\"https:\/\/www.hvisserbloemen.nl\/fr\/#website\",\"url\":\"https:\/\/www.hvisserbloemen.nl\/fr\/\",\"name\":\"Hans Visser Bloemenexport\",\"description\":\"Uw b.loemenaanbod moet exact voldoen aan de kwaliteitsverwachtingen van uw klanten. Dat is uw onderscheidend vermogen. Hans Visser Bloemen begrijpt dat. Uw vraag staat bij ons centraal. Wij kopen in wat u nodig heeft en verwerken en verzenden uw producten gekoeld naar het juiste afleveradres. Of u nu gevestigd bent in Europa of daarbuiten.\",\"potentialAction\":[{\"@type\":\"SearchAction\",\"target\":{\"@type\":\"EntryPoint\",\"urlTemplate\":\"https:\/\/www.hvisserbloemen.nl\/fr\/?s={search_term_string}\"},\"query-input\":{\"@type\":\"PropertyValueSpecification\",\"valueRequired\":true,\"valueName\":\"search_term_string\"}}],\"inLanguage\":\"fr-FR\"}]}<\/script>\n<!-- \/ Yoast SEO plugin. -->","yoast_head_json":{"title":"Lignes courtes, r\u00e9ponses rapides - Hans Visser Bloemenexport","robots":{"index":"index","follow":"follow","max-snippet":"max-snippet:-1","max-image-preview":"max-image-preview:large","max-video-preview":"max-video-preview:-1"},"canonical":"https:\/\/www.hvisserbloemen.nl\/fr\/lignes-courtes-reponses-rapides\/","og_locale":"fr_FR","og_type":"article","og_title":"Lignes courtes, r\u00e9ponses rapides - Hans Visser Bloemenexport","og_description":"Nous sommes \u00e9tablis \u00e0 Aalsmeer, le c\u0153ur du commerce international des fleurs et des plantes. C&rsquo;est l\u00e0 que nous nous mettons \u00e0 votre service tous les jours avec une \u00e9quipe enthousiaste et professionnelle. Si vous avez des questions sur nos services, nous sommes disponibles par e-mail et par t\u00e9l\u00e9phone. N&rsquo;h\u00e9sitez pas \u00e0 nous contacter.&nbsp; Hans [&hellip;]","og_url":"https:\/\/www.hvisserbloemen.nl\/fr\/lignes-courtes-reponses-rapides\/","og_site_name":"Hans Visser Bloemenexport","article_publisher":"https:\/\/www.facebook.com\/HansVisserFlowerExport\/","article_modified_time":"2021-12-13T07:00:59+00:00","twitter_card":"summary_large_image","twitter_misc":{"Dur\u00e9e de lecture estim\u00e9e":"1 minute"},"schema":{"@context":"https:\/\/schema.org","@graph":[{"@type":"WebPage","@id":"https:\/\/www.hvisserbloemen.nl\/fr\/lignes-courtes-reponses-rapides\/","url":"https:\/\/www.hvisserbloemen.nl\/fr\/lignes-courtes-reponses-rapides\/","name":"Lignes courtes, r\u00e9ponses rapides - Hans Visser Bloemenexport","isPartOf":{"@id":"https:\/\/www.hvisserbloemen.nl\/fr\/#website"},"datePublished":"2020-07-08T04:50:42+00:00","dateModified":"2021-12-13T07:00:59+00:00","breadcrumb":{"@id":"https:\/\/www.hvisserbloemen.nl\/fr\/lignes-courtes-reponses-rapides\/#breadcrumb"},"inLanguage":"fr-FR","potentialAction":[{"@type":"ReadAction","target":["https:\/\/www.hvisserbloemen.nl\/fr\/lignes-courtes-reponses-rapides\/"]}]},{"@type":"BreadcrumbList","@id":"https:\/\/www.hvisserbloemen.nl\/fr\/lignes-courtes-reponses-rapides\/#breadcrumb","itemListElement":[{"@type":"ListItem","position":1,"name":"Home","item":"https:\/\/hvisser.dev.mooijit.nl\/fr\/hans-visser-fleurs\/"},{"@type":"ListItem","position":2,"name":"Lignes courtes, r\u00e9ponses rapides"}]},{"@type":"WebSite","@id":"https:\/\/www.hvisserbloemen.nl\/fr\/#website","url":"https:\/\/www.hvisserbloemen.nl\/fr\/","name":"Hans Visser Bloemenexport","description":"Uw b.loemenaanbod moet exact voldoen aan de kwaliteitsverwachtingen van uw klanten. Dat is uw onderscheidend vermogen. Hans Visser Bloemen begrijpt dat. Uw vraag staat bij ons centraal. Wij kopen in wat u nodig heeft en verwerken en verzenden uw producten gekoeld naar het juiste afleveradres. Of u nu gevestigd bent in Europa of daarbuiten.","potentialAction":[{"@type":"SearchAction","target":{"@type":"EntryPoint","urlTemplate":"https:\/\/www.hvisserbloemen.nl\/fr\/?s={search_term_string}"},"query-input":{"@type":"PropertyValueSpecification","valueRequired":true,"valueName":"search_term_string"}}],"inLanguage":"fr-FR"}]}},"_links":{"self":[{"href":"https:\/\/www.hvisserbloemen.nl\/fr\/wp-json\/wp\/v2\/pages\/614","targetHints":{"allow":["GET"]}}],"collection":[{"href":"https:\/\/www.hvisserbloemen.nl\/fr\/wp-json\/wp\/v2\/pages"}],"about":[{"href":"https:\/\/www.hvisserbloemen.nl\/fr\/wp-json\/wp\/v2\/types\/page"}],"author":[{"embeddable":true,"href":"https:\/\/www.hvisserbloemen.nl\/fr\/wp-json\/wp\/v2\/users\/2"}],"replies":[{"embeddable":true,"href":"https:\/\/www.hvisserbloemen.nl\/fr\/wp-json\/wp\/v2\/comments?post=614"}],"version-history":[{"count":5,"href":"https:\/\/www.hvisserbloemen.nl\/fr\/wp-json\/wp\/v2\/pages\/614\/revisions"}],"predecessor-version":[{"id":760,"href":"https:\/\/www.hvisserbloemen.nl\/fr\/wp-json\/wp\/v2\/pages\/614\/revisions\/760"}],"wp:attachment":[{"href":"https:\/\/www.hvisserbloemen.nl\/fr\/wp-json\/wp\/v2\/media?parent=614"}],"curies":[{"name":"wp","href":"https:\/\/api.w.org\/{rel}","templated":true}]}}