{"id":630,"date":"2020-06-24T23:19:51","date_gmt":"2020-06-24T23:19:51","guid":{"rendered":"https:\/\/www.hvisserbloemen.nl\/?page_id=630"},"modified":"2021-09-02T18:52:31","modified_gmt":"2021-09-02T18:52:31","slug":"a-propos-de-nous","status":"publish","type":"page","link":"https:\/\/www.hvisserbloemen.nl\/fr\/a-propos-de-nous\/","title":{"rendered":"\u00c0 propos de nous"},"content":{"rendered":"\n<h1 class=\"wp-block-heading\">\u00c0 propos de Hans Visser<\/h1>\n\n\n\n<p>\u00c0 l&rsquo;origine une entreprise familiale, Hans Visser Bloemen est devenu l&rsquo;un des plus grands exportateurs de fleurs des Pays-Bas. Nous sommes une entreprise moderne qui exporte des fleurs en Europe, au Moyen-Orient et en Asie.&nbsp;Nous disposons d&rsquo;un tr\u00e8s large assortiment de fleurs coup\u00e9es de qualit\u00e9, de feuillages coup\u00e9s, de mat\u00e9riel de d\u00e9coration et d&rsquo;articles connexes. Chaque jour, nous proposons des milliers de vari\u00e9t\u00e9s de fleurs fra\u00eeches par l&rsquo;interm\u00e9diaire de nos vendeurs sp\u00e9cialis\u00e9s et dans notre boutique en ligne.<\/p>\n\n\n\n<p>Le contact personnel reste primordial pour nous, c&rsquo;est pourquoi nous mettons \u00e0 votre disposition un interlocuteur fixe. Vous pouvez discuter avec cette personne de vos questions ou de vos souhaits, dans votre propre langue, par t\u00e9l\u00e9phone, WhatsApp et\/ou e-mail.<\/p>\n\n\n\n<p><strong>Bienvenue dans la famille Hans Visser Bloemen&nbsp;!<\/strong><\/p>\n","protected":false},"excerpt":{"rendered":"<p>\u00c0 propos de Hans Visser \u00c0 l&rsquo;origine une entreprise familiale, Hans Visser Bloemen est devenu l&rsquo;un des plus grands exportateurs de fleurs des Pays-Bas. Nous sommes une entreprise moderne qui exporte des fleurs en Europe, au Moyen-Orient et en Asie.&nbsp;Nous disposons d&rsquo;un tr\u00e8s large assortiment de fleurs coup\u00e9es de qualit\u00e9, de feuillages coup\u00e9s, de mat\u00e9riel [&hellip;]<\/p>\n","protected":false},"author":2,"featured_media":0,"parent":0,"menu_order":0,"comment_status":"closed","ping_status":"closed","template":"page_extra_text.php","meta":{"_acf_changed":false,"footnotes":""},"class_list":["post-630","page","type-page","status-publish","hentry"],"acf":[],"yoast_head":"<!-- This site is optimized with the Yoast SEO plugin v26.0 - https:\/\/yoast.com\/wordpress\/plugins\/seo\/ -->\n<title>\u00c0 propos de nous - Hans Visser Bloemenexport<\/title>\n<meta name=\"robots\" content=\"index, follow, max-snippet:-1, max-image-preview:large, max-video-preview:-1\" \/>\n<link rel=\"canonical\" href=\"https:\/\/www.hvisserbloemen.nl\/fr\/a-propos-de-nous\/\" \/>\n<meta property=\"og:locale\" content=\"fr_FR\" \/>\n<meta property=\"og:type\" content=\"article\" \/>\n<meta property=\"og:title\" content=\"\u00c0 propos de nous - Hans Visser Bloemenexport\" \/>\n<meta property=\"og:description\" content=\"\u00c0 propos de Hans Visser \u00c0 l&rsquo;origine une entreprise familiale, Hans Visser Bloemen est devenu l&rsquo;un des plus grands exportateurs de fleurs des Pays-Bas. Nous sommes une entreprise moderne qui exporte des fleurs en Europe, au Moyen-Orient et en Asie.&nbsp;Nous disposons d&rsquo;un tr\u00e8s large assortiment de fleurs coup\u00e9es de qualit\u00e9, de feuillages coup\u00e9s, de mat\u00e9riel [&hellip;]\" \/>\n<meta property=\"og:url\" content=\"https:\/\/www.hvisserbloemen.nl\/fr\/a-propos-de-nous\/\" \/>\n<meta property=\"og:site_name\" content=\"Hans Visser Bloemenexport\" \/>\n<meta property=\"article:publisher\" content=\"https:\/\/www.facebook.com\/HansVisserFlowerExport\/\" \/>\n<meta property=\"article:modified_time\" content=\"2021-09-02T18:52:31+00:00\" \/>\n<meta name=\"twitter:card\" content=\"summary_large_image\" \/>\n<meta name=\"twitter:label1\" content=\"Dur\u00e9e de lecture estim\u00e9e\" \/>\n\t<meta name=\"twitter:data1\" content=\"1 minute\" \/>\n<script type=\"application\/ld+json\" class=\"yoast-schema-graph\">{\"@context\":\"https:\/\/schema.org\",\"@graph\":[{\"@type\":\"WebPage\",\"@id\":\"https:\/\/www.hvisserbloemen.nl\/fr\/a-propos-de-nous\/\",\"url\":\"https:\/\/www.hvisserbloemen.nl\/fr\/a-propos-de-nous\/\",\"name\":\"\u00c0 propos de nous - Hans Visser Bloemenexport\",\"isPartOf\":{\"@id\":\"https:\/\/www.hvisserbloemen.nl\/fr\/#website\"},\"datePublished\":\"2020-06-24T23:19:51+00:00\",\"dateModified\":\"2021-09-02T18:52:31+00:00\",\"breadcrumb\":{\"@id\":\"https:\/\/www.hvisserbloemen.nl\/fr\/a-propos-de-nous\/#breadcrumb\"},\"inLanguage\":\"fr-FR\",\"potentialAction\":[{\"@type\":\"ReadAction\",\"target\":[\"https:\/\/www.hvisserbloemen.nl\/fr\/a-propos-de-nous\/\"]}]},{\"@type\":\"BreadcrumbList\",\"@id\":\"https:\/\/www.hvisserbloemen.nl\/fr\/a-propos-de-nous\/#breadcrumb\",\"itemListElement\":[{\"@type\":\"ListItem\",\"position\":1,\"name\":\"Home\",\"item\":\"https:\/\/hvisser.dev.mooijit.nl\/fr\/hans-visser-fleurs\/\"},{\"@type\":\"ListItem\",\"position\":2,\"name\":\"\u00c0 propos de nous\"}]},{\"@type\":\"WebSite\",\"@id\":\"https:\/\/www.hvisserbloemen.nl\/fr\/#website\",\"url\":\"https:\/\/www.hvisserbloemen.nl\/fr\/\",\"name\":\"Hans Visser Bloemenexport\",\"description\":\"Uw b.loemenaanbod moet exact voldoen aan de kwaliteitsverwachtingen van uw klanten. Dat is uw onderscheidend vermogen. Hans Visser Bloemen begrijpt dat. Uw vraag staat bij ons centraal. Wij kopen in wat u nodig heeft en verwerken en verzenden uw producten gekoeld naar het juiste afleveradres. Of u nu gevestigd bent in Europa of daarbuiten.\",\"potentialAction\":[{\"@type\":\"SearchAction\",\"target\":{\"@type\":\"EntryPoint\",\"urlTemplate\":\"https:\/\/www.hvisserbloemen.nl\/fr\/?s={search_term_string}\"},\"query-input\":{\"@type\":\"PropertyValueSpecification\",\"valueRequired\":true,\"valueName\":\"search_term_string\"}}],\"inLanguage\":\"fr-FR\"}]}<\/script>\n<!-- \/ Yoast SEO plugin. -->","yoast_head_json":{"title":"\u00c0 propos de nous - Hans Visser Bloemenexport","robots":{"index":"index","follow":"follow","max-snippet":"max-snippet:-1","max-image-preview":"max-image-preview:large","max-video-preview":"max-video-preview:-1"},"canonical":"https:\/\/www.hvisserbloemen.nl\/fr\/a-propos-de-nous\/","og_locale":"fr_FR","og_type":"article","og_title":"\u00c0 propos de nous - Hans Visser Bloemenexport","og_description":"\u00c0 propos de Hans Visser \u00c0 l&rsquo;origine une entreprise familiale, Hans Visser Bloemen est devenu l&rsquo;un des plus grands exportateurs de fleurs des Pays-Bas. Nous sommes une entreprise moderne qui exporte des fleurs en Europe, au Moyen-Orient et en Asie.&nbsp;Nous disposons d&rsquo;un tr\u00e8s large assortiment de fleurs coup\u00e9es de qualit\u00e9, de feuillages coup\u00e9s, de mat\u00e9riel [&hellip;]","og_url":"https:\/\/www.hvisserbloemen.nl\/fr\/a-propos-de-nous\/","og_site_name":"Hans Visser Bloemenexport","article_publisher":"https:\/\/www.facebook.com\/HansVisserFlowerExport\/","article_modified_time":"2021-09-02T18:52:31+00:00","twitter_card":"summary_large_image","twitter_misc":{"Dur\u00e9e de lecture estim\u00e9e":"1 minute"},"schema":{"@context":"https:\/\/schema.org","@graph":[{"@type":"WebPage","@id":"https:\/\/www.hvisserbloemen.nl\/fr\/a-propos-de-nous\/","url":"https:\/\/www.hvisserbloemen.nl\/fr\/a-propos-de-nous\/","name":"\u00c0 propos de nous - Hans Visser Bloemenexport","isPartOf":{"@id":"https:\/\/www.hvisserbloemen.nl\/fr\/#website"},"datePublished":"2020-06-24T23:19:51+00:00","dateModified":"2021-09-02T18:52:31+00:00","breadcrumb":{"@id":"https:\/\/www.hvisserbloemen.nl\/fr\/a-propos-de-nous\/#breadcrumb"},"inLanguage":"fr-FR","potentialAction":[{"@type":"ReadAction","target":["https:\/\/www.hvisserbloemen.nl\/fr\/a-propos-de-nous\/"]}]},{"@type":"BreadcrumbList","@id":"https:\/\/www.hvisserbloemen.nl\/fr\/a-propos-de-nous\/#breadcrumb","itemListElement":[{"@type":"ListItem","position":1,"name":"Home","item":"https:\/\/hvisser.dev.mooijit.nl\/fr\/hans-visser-fleurs\/"},{"@type":"ListItem","position":2,"name":"\u00c0 propos de nous"}]},{"@type":"WebSite","@id":"https:\/\/www.hvisserbloemen.nl\/fr\/#website","url":"https:\/\/www.hvisserbloemen.nl\/fr\/","name":"Hans Visser Bloemenexport","description":"Uw b.loemenaanbod moet exact voldoen aan de kwaliteitsverwachtingen van uw klanten. Dat is uw onderscheidend vermogen. Hans Visser Bloemen begrijpt dat. Uw vraag staat bij ons centraal. Wij kopen in wat u nodig heeft en verwerken en verzenden uw producten gekoeld naar het juiste afleveradres. Of u nu gevestigd bent in Europa of daarbuiten.","potentialAction":[{"@type":"SearchAction","target":{"@type":"EntryPoint","urlTemplate":"https:\/\/www.hvisserbloemen.nl\/fr\/?s={search_term_string}"},"query-input":{"@type":"PropertyValueSpecification","valueRequired":true,"valueName":"search_term_string"}}],"inLanguage":"fr-FR"}]}},"_links":{"self":[{"href":"https:\/\/www.hvisserbloemen.nl\/fr\/wp-json\/wp\/v2\/pages\/630","targetHints":{"allow":["GET"]}}],"collection":[{"href":"https:\/\/www.hvisserbloemen.nl\/fr\/wp-json\/wp\/v2\/pages"}],"about":[{"href":"https:\/\/www.hvisserbloemen.nl\/fr\/wp-json\/wp\/v2\/types\/page"}],"author":[{"embeddable":true,"href":"https:\/\/www.hvisserbloemen.nl\/fr\/wp-json\/wp\/v2\/users\/2"}],"replies":[{"embeddable":true,"href":"https:\/\/www.hvisserbloemen.nl\/fr\/wp-json\/wp\/v2\/comments?post=630"}],"version-history":[{"count":6,"href":"https:\/\/www.hvisserbloemen.nl\/fr\/wp-json\/wp\/v2\/pages\/630\/revisions"}],"predecessor-version":[{"id":784,"href":"https:\/\/www.hvisserbloemen.nl\/fr\/wp-json\/wp\/v2\/pages\/630\/revisions\/784"}],"wp:attachment":[{"href":"https:\/\/www.hvisserbloemen.nl\/fr\/wp-json\/wp\/v2\/media?parent=630"}],"curies":[{"name":"wp","href":"https:\/\/api.w.org\/{rel}","templated":true}]}}