{"id":771,"date":"2020-07-09T12:43:58","date_gmt":"2020-07-09T12:43:58","guid":{"rendered":"https:\/\/www.hvisserbloemen.nl\/?page_id=771"},"modified":"2021-08-30T19:36:21","modified_gmt":"2021-08-30T19:36:21","slug":"declaration-de-confidentialite","status":"publish","type":"page","link":"https:\/\/www.hvisserbloemen.nl\/fr\/declaration-de-confidentialite\/","title":{"rendered":"D\u00e9claration de confidentialit\u00e9"},"content":{"rendered":"\n<h4 class=\"wp-block-heading\">1. Donn\u00e9es \u00e0 caract\u00e8re personnel que nous traitons<\/h4>\n\n\n\n<p>Hans Visser Bloemen B.V. prend votre vie priv\u00e9e au s\u00e9rieux. Nous traitons les donn\u00e9es personnelles vous concernant, suite \u00e0 votre utilisation de notre site internet, de nos services et \u00e9galement parce que vous nous fournissez ces informations. Nous faisons de notre mieux pour traiter les informations que vous nous avez fournies avec la plus grande prudence. Cette d\u00e9claration de confidentialit\u00e9 vous donne un aper\u00e7u clair des donn\u00e9es personnelles que nous traitons, comment nous les traitons et vous indique aussi clairement que possible pourquoi nous les collectons. Au sens du R\u00e8glement G\u00e9n\u00e9ral sur la Protection des Donn\u00e9es, Hans Visser Bloemen B.V. est ainsi nomm\u00e9&nbsp;: le responsable.<\/p>\n\n\n\n<h4 class=\"wp-block-heading\">2. Aper\u00e7u des donn\u00e9es personnelles que nous traitons<\/h4>\n\n\n\n<p>De votre part en tant que visiteur du site&nbsp;internet:<\/p>\n\n\n\n<ul class=\"wp-block-list\"><li>Pr\u00e9nom, NOM<\/li><li>D\u00e9tails de l&rsquo;adresse<\/li><li>Num\u00e9ro de t\u00e9l\u00e9phone<\/li><li>Fax<\/li><li>Adresse e-mail<\/li><li>Autres donn\u00e9es personnelles que vous fournissez activement pendant le contact<\/li><li>Donn\u00e9es de localisation<\/li><li>Donn\u00e9es relatives \u00e0 votre activit\u00e9 sur notre site internet<\/li><li>Adresse IP<\/li><li>Navigateur internet et type d\u2019appareil<\/li><\/ul>\n\n\n\n<h4 class=\"wp-block-heading\">3. Donn\u00e9es personnelles sp\u00e9ciales et\/ou sensibles que nous traitons<\/h4>\n\n\n\n<p><strong>Mineurs<\/strong><br>Notre site internet et nos services n\u2019ont pas l\u2019intention de recueillir des donn\u00e9es sur les visiteurs du site qui ont moins de 16&nbsp;ans, sauf en cas de permission des parents ou tuteurs. Hans Visser Bloemen B.V. ne peut pas contr\u00f4ler si un visiteur a plus de 16&nbsp;ans, aussi nous conseillons aux parents de s\u2019impliquer dans les activit\u00e9s en ligne de leurs enfants. Ainsi, ensemble, nous pouvons emp\u00eacher la collecte de donn\u00e9es sur les enfants sans le consentement des parents.<\/p>\n\n\n\n<p><strong>Contactez-nous si nous avons commis une erreur.<\/strong><br>Si vous \u00eates convaincus que nous avons recueilli des donn\u00e9es personnelles sur un mineur sans le consentement susnomm\u00e9, contactez-nous \u00e0 info@hvisserbloemen.nl. Nous supprimerons alors imm\u00e9diatement cette information.<\/p>\n\n\n\n<h4 class=\"wp-block-heading\">4. Pourquoi et pour combien de temps conservons-nous ces donn\u00e9es<\/h4>\n\n\n\n<p><strong>Hans Visser Bloemen B.V. traite vos donn\u00e9es personnelles aux fins suivantes:<\/strong><\/p>\n\n\n\n<ul class=\"wp-block-list\"><li>Afin de pouvoir vous envoyer un e-mail si cela est n\u00e9cessaire pour dispenser nos services&nbsp;;<\/li><li>Pour vous donner l&rsquo;opportunit\u00e9 de devenir un client de Hans Visser Bloemen;<\/li><li>Vous permettre de vous inscrire au courrier de nouvelles;<\/li><li>Afin de vous envoyer les informations demand\u00e9es suite au formulaire de contact et, pour finir;<\/li><li>Afin d\u2019analyser votre comportement sur le site internet pour am\u00e9liorer notre site et l\u2019adapter \u00e0 vos pr\u00e9f\u00e9rences.<\/li><\/ul>\n\n\n\n<p><strong>Combien de temps conservons-nous vos donn\u00e9es<\/strong><br>Hans Visser Bloemen B.V. ne conservera pas vos donn\u00e9es personnelles plus longtemps que le temps strictement n\u00e9cessaire pour atteindre les objectifs pour lesquels vos donn\u00e9es sont collect\u00e9es. Si vous souhaitez obtenir des informations sur nos d\u00e9lais de conservation dans votre cas sp\u00e9cifique, veuillez nous contacter \u00e0&nbsp;: info@hvisserbloemen.nl.<\/p>\n\n\n\n<h4 class=\"wp-block-heading\">5. Partage avec d\u2019autres<\/h4>\n\n\n\n<p>Hans Visser Bloemen B.V. ne vend pas vos donn\u00e9es \u00e0 des tiers et ne les fournira que si cela est n\u00e9cessaire \u00e0 l\u2019ex\u00e9cution de notre accord ou pour se conformer \u00e0 une obligation l\u00e9gale. Avec les entreprises qui traitent vos donn\u00e9es dans le cadre de votre commande, nous concluons un accord de traitement afin d\u2019assurer le m\u00eame niveau de s\u00e9curit\u00e9 et de confidentialit\u00e9 de vos donn\u00e9es. Hans Visser Bloemen B.V. reste responsable du traitement.<\/p>\n\n\n\n<h4 class=\"wp-block-heading\">6. Cartographie des visites du site internet<\/h4>\n\n\n\n<p>Hans Visser Bloemen B.V. utilise diff\u00e9rentes sortes de cookies afin de cartographier les visites du site internet, ceux-ci sont list\u00e9s et expliqu\u00e9s plus en d\u00e9tail dans notre d\u00e9claration relative \u00e0 l\u2019utilisation&nbsp;<a href=\"https:\/\/www.hvisserbloemen.nl\/index.php?p=cookieverklaring\">des cookies<\/a>.<\/p>\n\n\n\n<h4 class=\"wp-block-heading\">7. Afficher, modifier ou supprimer des donn\u00e9es<\/h4>\n\n\n\n<p>Vous avez le droit de voir vos donn\u00e9es personnelles et de demander une correction ou une suppression. Si vous avez des questions ou des remarques sur le traitement des donn\u00e9es de Hans Visser Bloemen B.V., envoyez une demande \u00e0 info@hvisserbloemen.nl. Hans Visser Bloemen B.V. veut \u00eatre s\u00fbr que la demande d\u2019acc\u00e8s a bien \u00e9t\u00e9 faite par vous. C\u2019est pourquoi nous vous demandons de bien vouloir envoyer, avec votre demande de consultation, de correction ou de suppression, une copie de votre pi\u00e8ce d\u2019identit\u00e9. Afin de prot\u00e9ger votre vie priv\u00e9e, Hans Visser Bloemen B.V. vous demande que sur cette copie votre photo d\u2019identit\u00e9, la ZLA (zone lisible par machine, la bande avec les num\u00e9ros au bas du passeport), le num\u00e9ro du passeport et le num\u00e9ro de s\u00e9curit\u00e9 sociale soient en noir. Hans Visser Bloemen B.V. r\u00e9pondra \u00e0 votre demande d\u00e8s que possible, mais en tous les cas dans un d\u00e9lai de quatre semaines.<\/p>\n\n\n\n<h4 class=\"wp-block-heading\">8. S\u00e9curit\u00e9 de la communication via cryptage SSL<\/h4>\n\n\n\n<p><strong>SSL<\/strong><br>Afin de vous prot\u00e9ger en tant que visiteur du site internet, Hans Visser Bloemen B.V. utilise des technologies de cryptage s\u00e9curis\u00e9es. Avec SSL (Secure Socket Layer), vos donn\u00e9es personnelles sont crypt\u00e9es (non visibles par des tiers) sur notre site. Vous pouvez ainsi \u00eatre assur\u00e9 que vos donn\u00e9es ne seront visibles que pour vous et notre serveur.<\/p>\n\n\n\n<p><strong>Comment pouvez-vous vous assurer de la s\u00e9curit\u00e9&nbsp;?<\/strong><br>Dans toutes les parties de notre site o\u00f9 vos donn\u00e9es sont utilis\u00e9es, comme lors du remplissage du formulaire de contact, nous utilisons le cryptage SSL. Il vous est tr\u00e8s facile de v\u00e9rifier et de le reconna\u00eetre. Lorsque vous vous trouvez sur une partie crypt\u00e9e de notre site, vous voyez appara\u00eetre un symbole de verrouillage dans le coin inf\u00e9rieur droit ou sup\u00e9rieur gauche de votre navigateur. De plus, l\u2019URL http:\/\/ se transforme en https:\/\/, ce qui indique \u00e9galement que la page est s\u00e9curis\u00e9e.<\/p>\n\n\n\n<h4 class=\"wp-block-heading\">9. S\u00e9curit\u00e9 et version<\/h4>\n\n\n\n<p><strong>Nous prenons ceci tr\u00e8s au s\u00e9rieux<\/strong><br>Hans Visser Bloemen B.V. prend la protection de vos donn\u00e9es tr\u00e8s au s\u00e9rieux et prend en cons\u00e9quence les mesures appropri\u00e9es pour emp\u00eacher tout abus, perte, acc\u00e8s non autoris\u00e9, divulgation non d\u00e9sir\u00e9e et modification non autoris\u00e9e. Si vous estimez que vos donn\u00e9es ne sont pas suffisamment s\u00e9curis\u00e9es ou qu\u2019il y a des indications d\u2019abus, veuillez nous contacter directement \u00e0 info@hvisserbloemen.nl.<\/p>\n\n\n\n<p><strong>Version<\/strong><br>La version actuelle est 1.0, en date du 13\/04\/2018.<\/p>\n\n\n\n<h1 class=\"wp-block-heading\">D\u00c9CLARATION RELATIVE \u00c0 L\u2019UTILISATION DES COOKIES HVISSERBLOEMEN.NL<\/h1>\n\n\n\n<h4 class=\"wp-block-heading\">1. Type de cookies<\/h4>\n\n\n\n<p>Un cookie est un petit fichier texte stock\u00e9 par le navigateur de votre ordinateur, tablette ou smartphone lors de votre premi\u00e8re visite sur ce site internet. Nous utilisons diff\u00e9rentes sortes de cookies sur notre site&nbsp;internet:<\/p>\n\n\n\n<ul class=\"wp-block-list\"><li>Les cookies fonctionnels&nbsp;s\u2019assurent que notre site internet fonctionne bien.<\/li><li>Les cookies analytiques&nbsp;s\u2019assurent que nous puissions suivre le comportement de navigation sur notre site et ainsi r\u00e9soudre rapidement les probl\u00e8mes.<\/li><\/ul>\n\n\n\n<p><strong>Avis de cookies et que faire si vous n\u2019aimez pas les cookies<\/strong><br>Lors de votre premi\u00e8re visite sur notre site internet, nous vous avons d\u00e9j\u00e0 inform\u00e9 de ces cookies et vous avons demand\u00e9 l\u2019autorisation de les placer. Vous pouvez d\u00e9sactiver les cookies en configurant votre navigateur internet de mani\u00e8re \u00e0 ne plus stocker de cookies. Vous pouvez \u00e9galement supprimer toutes les informations pr\u00e9c\u00e9demment enregistr\u00e9es au moyen des param\u00e8tres de votre navigateur. Si vous d\u00e9sirez de l\u2019aide pour ce faire, vous pouvez nous contacter \u00e0 info@hvisserbloemen.nl. Avant de nous contacter, veuillez v\u00e9rifier au pr\u00e9alable la fonction d\u2019aide de votre navigateur.<\/p>\n\n\n\n<h4 class=\"wp-block-heading\">2. Pr\u00e9sentation des diff\u00e9rents cookies<\/h4>\n\n\n\n<p>Nous utilisons diff\u00e9rents types de cookies. Les cookies suivants sont plac\u00e9s sur le disque dur du visiteur lors d\u2019une visite sur notre site internet:<\/p>\n\n\n\n<h5 class=\"wp-block-heading\">Avis de cookies<\/h5>\n\n\n\n<p>Type: Fonctionnel<br>Ce cookie est plac\u00e9 par Hans Visser Bloemen B.V. afin de nous souvenir si nous pouvons ou non placer des cookies lorsque nous en demandons explicitement la permission.<\/p>\n\n\n\n<ul class=\"wp-block-list\"><li>_cookiebar (dur\u00e9e&nbsp;: max. 2&nbsp;ans)<\/li><\/ul>\n\n\n\n<h5 class=\"wp-block-heading\">PHPSESSID<\/h5>\n\n\n\n<p>Type: Fonctionnel<br>Ce cookie est plac\u00e9 par Hans Visser Bloemen B.V.. Ce cookie est n\u00e9cessaire pour garantir le bon fonctionnement du site. D\u00e8s que vous fermez le navigateur, ce cookie sera supprim\u00e9.<\/p>\n\n\n\n<h5 class=\"wp-block-heading\">Google Analytics<\/h5>\n\n\n\n<p>Type: Analytique<br>Ces cookies sont plac\u00e9s par Google afin d\u2019analyser le comportement du visiteur sur notre site internet et d\u2019am\u00e9liorer ainsi notre site internet et nos services. Google Analytics ne partage pas de donn\u00e9es anonymes avec des tiers.<\/p>\n\n\n\n<ul class=\"wp-block-list\"><li>_ga, _gid, _gat<br><em>(dur\u00e9e&nbsp;: max. 2&nbsp;ans)<\/em><\/li><\/ul>\n\n\n\n<h4 class=\"wp-block-heading\">3. Google Analytics<\/h4>\n\n\n\n<p><strong>Google<\/strong><br>Des cookies de la soci\u00e9t\u00e9 Google, que vous connaissez sans aucun doute, sont plac\u00e9s via notre site internet. Ces cookies font partie du service \u00ab&nbsp;Analytics&nbsp;\u00bb. Nous utilisons ce service afin d\u2019\u00e9tudier comment vous, en tant que visiteur, utilisez notre site internet et c\u2019est sur ce sujet que Google nous pr\u00e9pare des rapports clairs. La soci\u00e9t\u00e9 Google peut fournir ces informations \u00e0 des tiers dans le cas o\u00f9 elle est l\u00e9galement tenue de le faire, ou si des tiers traitent ces informations pour le compte de Google. Hans Visser Bloemen B.V. n\u2019a aucune influence l\u00e0-dessus. De par nos termes, nous n\u2019avons pas autoris\u00e9 Google \u00e0 utiliser les informations recueillies pour d\u2019autres services Google.<\/p>\n\n\n\n<p><strong>Anonymiser<\/strong><br>Hans Visser Bloemen B.V. a sign\u00e9 avec Google un accord de traitement. Les informations recueillies par Google sont anonymis\u00e9es dans la mesure du possible. Votre adresse IP est masqu\u00e9e, ce qui rend impossible la d\u00e9rivation de votre position.<\/p>\n\n\n\n<h4 class=\"wp-block-heading\">4. Sites internet de tiers et modifications<\/h4>\n\n\n\n<p>Cette d\u00e9claration de confidentialit\u00e9 et relative \u00e0 l\u2019utilisation des cookies ne s\u2019applique pas aux sites internet de tiers qui sont connect\u00e9s \u00e0 notre site internet au moyen de liens. Il n\u2019est pas possible \u00e0 Hans Visser Bloemen B.V. de garantir que ces tiers g\u00e8rent vos donn\u00e9es de mani\u00e8re fiable et s\u00e9curis\u00e9e. Cependant, Hans Visser Bloemen B.V. s\u2019engage \u00e0 assurer le m\u00eame niveau de s\u00e9curit\u00e9 de vos donn\u00e9es. Consultez toujours la d\u00e9claration de confidentialit\u00e9 de ces sites internet avant de les utiliser. Cette d\u00e9claration relative \u00e0 l\u2019utilisation des cookies peut \u00eatre modifi\u00e9e. Lors d\u2019une modification, votre accord vous sera \u00e0 nouveau demand\u00e9 avant de placer les cookies modifi\u00e9s. La version actuelle de cette d\u00e9claration de cookies est 1.0, \u00e9tablie en date du 13\/04\/2018.<\/p>\n\n\n\n<h4 class=\"wp-block-heading\">5. Consultation, modification ou suppression des donn\u00e9es<\/h4>\n\n\n\n<p><strong>Vos droits<\/strong><br>Vous avez le droit de voir vos donn\u00e9es personnelles et de demander une correction ou une suppression. Si vous avez des questions ou des remarques sur le traitement de Hans Visser Bloemen B.V., veuillez envoyer une demande \u00e0 info@hvisserbloemen.nl. Hans Visser Bloemen B.V. veut \u00eatre s\u00fbr que la demande d\u2019acc\u00e8s a bien \u00e9t\u00e9 faite par vous. C\u2019est pourquoi nous vous demandons de bien vouloir envoyer, avec votre demande de consultation, de correction ou de suppression, une copie de votre pi\u00e8ce d\u2019identit\u00e9. Afin de prot\u00e9ger votre vie priv\u00e9e, Hans Visser Bloemen B.V. vous demande que sur cette copie votre photo d\u2019identit\u00e9, la ZLA (zone lisible par machine, la bande avec les num\u00e9ros au bas du passeport), le num\u00e9ro du passeport et le num\u00e9ro de s\u00e9curit\u00e9 sociale soient en noir. Hans Visser Bloemen B.V. r\u00e9pondra \u00e0 votre demande d\u00e8s que possible, mais en tous les cas dans un d\u00e9lai de quatre semaines.<\/p>\n\n\n\n<h4 class=\"wp-block-heading\">6. Droit de r\u00e9clamation<\/h4>\n\n\n\n<p><strong>Traitement interne<\/strong><br>Si vous avez des plaintes concernant le traitement des donn\u00e9es (personnelles), Hans Visser Bloemen B.V. vous aidera volontiers \u00e0 les r\u00e9soudre par une consultation mutuelle. Envoyez en premier lieu votre plainte pour traitement \u00e0 info@hvisserbloemen.nl.<\/p>\n\n\n\n<p><strong>Autorit\u00e9 de protection des donn\u00e9es personnelles<\/strong><br>En vertu de la Loi sur la protection des donn\u00e9es personnelles et du r\u00e8glement g\u00e9n\u00e9ral sur la protection des donn\u00e9es, vous avez le droit de d\u00e9poser une plainte, aupr\u00e8s de l\u2019Autorit\u00e9 N\u00e9erlandaise de protection des donn\u00e9es, concernant le traitement de vos donn\u00e9es personnelles. Vous pouvez \u00e0 cet effet prendre contact avec l\u2019Autorit\u00e9 N\u00e9erlandaise de protection des donn\u00e9es. Vous trouverez plus d\u2019informations sur votre droit de plainte sur le site internet de l\u2019Autorit\u00e9:<br><a href=\"https:\/\/autoriteitpersoonsgegevens.nl\/nl\/zelf-doen\/privacyrechten\/klacht-over-gebruik-persoonsgegevens\" target=\"_blank\" rel=\"noreferrer noopener\">https:\/\/autoriteitpersoonsgegevens.nl\/nl\/zelf-doen\/privacyrechten\/klacht-over-gebruik-persoonsgegevens<\/a><\/p>\n","protected":false},"excerpt":{"rendered":"<p>1. Donn\u00e9es \u00e0 caract\u00e8re personnel que nous traitons Hans Visser Bloemen B.V. prend votre vie priv\u00e9e au s\u00e9rieux. Nous traitons les donn\u00e9es personnelles vous concernant, suite \u00e0 votre utilisation de notre site internet, de nos services et \u00e9galement parce que vous nous fournissez ces informations. Nous faisons de notre mieux pour traiter les informations que [&hellip;]<\/p>\n","protected":false},"author":2,"featured_media":0,"parent":0,"menu_order":0,"comment_status":"closed","ping_status":"closed","template":"page-noheader.php","meta":{"_acf_changed":false,"footnotes":""},"class_list":["post-771","page","type-page","status-publish","hentry"],"acf":[],"yoast_head":"<!-- This site is optimized with the Yoast SEO plugin v26.0 - https:\/\/yoast.com\/wordpress\/plugins\/seo\/ -->\n<title>D\u00e9claration de confidentialit\u00e9 - Hans Visser Bloemenexport<\/title>\n<meta name=\"robots\" content=\"index, follow, max-snippet:-1, max-image-preview:large, max-video-preview:-1\" \/>\n<link rel=\"canonical\" href=\"https:\/\/www.hvisserbloemen.nl\/fr\/declaration-de-confidentialite\/\" \/>\n<meta property=\"og:locale\" content=\"fr_FR\" \/>\n<meta property=\"og:type\" content=\"article\" \/>\n<meta property=\"og:title\" content=\"D\u00e9claration de confidentialit\u00e9 - Hans Visser Bloemenexport\" \/>\n<meta property=\"og:description\" content=\"1. Donn\u00e9es \u00e0 caract\u00e8re personnel que nous traitons Hans Visser Bloemen B.V. prend votre vie priv\u00e9e au s\u00e9rieux. Nous traitons les donn\u00e9es personnelles vous concernant, suite \u00e0 votre utilisation de notre site internet, de nos services et \u00e9galement parce que vous nous fournissez ces informations. Nous faisons de notre mieux pour traiter les informations que [&hellip;]\" \/>\n<meta property=\"og:url\" content=\"https:\/\/www.hvisserbloemen.nl\/fr\/declaration-de-confidentialite\/\" \/>\n<meta property=\"og:site_name\" content=\"Hans Visser Bloemenexport\" \/>\n<meta property=\"article:publisher\" content=\"https:\/\/www.facebook.com\/HansVisserFlowerExport\/\" \/>\n<meta property=\"article:modified_time\" content=\"2021-08-30T19:36:21+00:00\" \/>\n<meta name=\"twitter:card\" content=\"summary_large_image\" \/>\n<meta name=\"twitter:label1\" content=\"Dur\u00e9e de lecture estim\u00e9e\" \/>\n\t<meta name=\"twitter:data1\" content=\"9 minutes\" \/>\n<script type=\"application\/ld+json\" class=\"yoast-schema-graph\">{\"@context\":\"https:\/\/schema.org\",\"@graph\":[{\"@type\":\"WebPage\",\"@id\":\"https:\/\/www.hvisserbloemen.nl\/fr\/declaration-de-confidentialite\/\",\"url\":\"https:\/\/www.hvisserbloemen.nl\/fr\/declaration-de-confidentialite\/\",\"name\":\"D\u00e9claration de confidentialit\u00e9 - Hans Visser Bloemenexport\",\"isPartOf\":{\"@id\":\"https:\/\/www.hvisserbloemen.nl\/fr\/#website\"},\"datePublished\":\"2020-07-09T12:43:58+00:00\",\"dateModified\":\"2021-08-30T19:36:21+00:00\",\"breadcrumb\":{\"@id\":\"https:\/\/www.hvisserbloemen.nl\/fr\/declaration-de-confidentialite\/#breadcrumb\"},\"inLanguage\":\"fr-FR\",\"potentialAction\":[{\"@type\":\"ReadAction\",\"target\":[\"https:\/\/www.hvisserbloemen.nl\/fr\/declaration-de-confidentialite\/\"]}]},{\"@type\":\"BreadcrumbList\",\"@id\":\"https:\/\/www.hvisserbloemen.nl\/fr\/declaration-de-confidentialite\/#breadcrumb\",\"itemListElement\":[{\"@type\":\"ListItem\",\"position\":1,\"name\":\"Home\",\"item\":\"https:\/\/hvisser.dev.mooijit.nl\/fr\/hans-visser-fleurs\/\"},{\"@type\":\"ListItem\",\"position\":2,\"name\":\"D\u00e9claration de confidentialit\u00e9\"}]},{\"@type\":\"WebSite\",\"@id\":\"https:\/\/www.hvisserbloemen.nl\/fr\/#website\",\"url\":\"https:\/\/www.hvisserbloemen.nl\/fr\/\",\"name\":\"Hans Visser Bloemenexport\",\"description\":\"Uw b.loemenaanbod moet exact voldoen aan de kwaliteitsverwachtingen van uw klanten. Dat is uw onderscheidend vermogen. Hans Visser Bloemen begrijpt dat. Uw vraag staat bij ons centraal. Wij kopen in wat u nodig heeft en verwerken en verzenden uw producten gekoeld naar het juiste afleveradres. Of u nu gevestigd bent in Europa of daarbuiten.\",\"potentialAction\":[{\"@type\":\"SearchAction\",\"target\":{\"@type\":\"EntryPoint\",\"urlTemplate\":\"https:\/\/www.hvisserbloemen.nl\/fr\/?s={search_term_string}\"},\"query-input\":{\"@type\":\"PropertyValueSpecification\",\"valueRequired\":true,\"valueName\":\"search_term_string\"}}],\"inLanguage\":\"fr-FR\"}]}<\/script>\n<!-- \/ Yoast SEO plugin. -->","yoast_head_json":{"title":"D\u00e9claration de confidentialit\u00e9 - Hans Visser Bloemenexport","robots":{"index":"index","follow":"follow","max-snippet":"max-snippet:-1","max-image-preview":"max-image-preview:large","max-video-preview":"max-video-preview:-1"},"canonical":"https:\/\/www.hvisserbloemen.nl\/fr\/declaration-de-confidentialite\/","og_locale":"fr_FR","og_type":"article","og_title":"D\u00e9claration de confidentialit\u00e9 - Hans Visser Bloemenexport","og_description":"1. Donn\u00e9es \u00e0 caract\u00e8re personnel que nous traitons Hans Visser Bloemen B.V. prend votre vie priv\u00e9e au s\u00e9rieux. Nous traitons les donn\u00e9es personnelles vous concernant, suite \u00e0 votre utilisation de notre site internet, de nos services et \u00e9galement parce que vous nous fournissez ces informations. Nous faisons de notre mieux pour traiter les informations que [&hellip;]","og_url":"https:\/\/www.hvisserbloemen.nl\/fr\/declaration-de-confidentialite\/","og_site_name":"Hans Visser Bloemenexport","article_publisher":"https:\/\/www.facebook.com\/HansVisserFlowerExport\/","article_modified_time":"2021-08-30T19:36:21+00:00","twitter_card":"summary_large_image","twitter_misc":{"Dur\u00e9e de lecture estim\u00e9e":"9 minutes"},"schema":{"@context":"https:\/\/schema.org","@graph":[{"@type":"WebPage","@id":"https:\/\/www.hvisserbloemen.nl\/fr\/declaration-de-confidentialite\/","url":"https:\/\/www.hvisserbloemen.nl\/fr\/declaration-de-confidentialite\/","name":"D\u00e9claration de confidentialit\u00e9 - Hans Visser Bloemenexport","isPartOf":{"@id":"https:\/\/www.hvisserbloemen.nl\/fr\/#website"},"datePublished":"2020-07-09T12:43:58+00:00","dateModified":"2021-08-30T19:36:21+00:00","breadcrumb":{"@id":"https:\/\/www.hvisserbloemen.nl\/fr\/declaration-de-confidentialite\/#breadcrumb"},"inLanguage":"fr-FR","potentialAction":[{"@type":"ReadAction","target":["https:\/\/www.hvisserbloemen.nl\/fr\/declaration-de-confidentialite\/"]}]},{"@type":"BreadcrumbList","@id":"https:\/\/www.hvisserbloemen.nl\/fr\/declaration-de-confidentialite\/#breadcrumb","itemListElement":[{"@type":"ListItem","position":1,"name":"Home","item":"https:\/\/hvisser.dev.mooijit.nl\/fr\/hans-visser-fleurs\/"},{"@type":"ListItem","position":2,"name":"D\u00e9claration de confidentialit\u00e9"}]},{"@type":"WebSite","@id":"https:\/\/www.hvisserbloemen.nl\/fr\/#website","url":"https:\/\/www.hvisserbloemen.nl\/fr\/","name":"Hans Visser Bloemenexport","description":"Uw b.loemenaanbod moet exact voldoen aan de kwaliteitsverwachtingen van uw klanten. Dat is uw onderscheidend vermogen. Hans Visser Bloemen begrijpt dat. Uw vraag staat bij ons centraal. Wij kopen in wat u nodig heeft en verwerken en verzenden uw producten gekoeld naar het juiste afleveradres. Of u nu gevestigd bent in Europa of daarbuiten.","potentialAction":[{"@type":"SearchAction","target":{"@type":"EntryPoint","urlTemplate":"https:\/\/www.hvisserbloemen.nl\/fr\/?s={search_term_string}"},"query-input":{"@type":"PropertyValueSpecification","valueRequired":true,"valueName":"search_term_string"}}],"inLanguage":"fr-FR"}]}},"_links":{"self":[{"href":"https:\/\/www.hvisserbloemen.nl\/fr\/wp-json\/wp\/v2\/pages\/771","targetHints":{"allow":["GET"]}}],"collection":[{"href":"https:\/\/www.hvisserbloemen.nl\/fr\/wp-json\/wp\/v2\/pages"}],"about":[{"href":"https:\/\/www.hvisserbloemen.nl\/fr\/wp-json\/wp\/v2\/types\/page"}],"author":[{"embeddable":true,"href":"https:\/\/www.hvisserbloemen.nl\/fr\/wp-json\/wp\/v2\/users\/2"}],"replies":[{"embeddable":true,"href":"https:\/\/www.hvisserbloemen.nl\/fr\/wp-json\/wp\/v2\/comments?post=771"}],"version-history":[{"count":1,"href":"https:\/\/www.hvisserbloemen.nl\/fr\/wp-json\/wp\/v2\/pages\/771\/revisions"}],"predecessor-version":[{"id":776,"href":"https:\/\/www.hvisserbloemen.nl\/fr\/wp-json\/wp\/v2\/pages\/771\/revisions\/776"}],"wp:attachment":[{"href":"https:\/\/www.hvisserbloemen.nl\/fr\/wp-json\/wp\/v2\/media?parent=771"}],"curies":[{"name":"wp","href":"https:\/\/api.w.org\/{rel}","templated":true}]}}