{"id":43,"date":"2020-06-24T19:07:46","date_gmt":"2020-06-24T19:07:46","guid":{"rendered":"http:\/\/hvisser.dev.nl\/?page_id=43"},"modified":"2021-08-30T14:44:49","modified_gmt":"2021-08-30T14:44:49","slug":"hans-visser-kwiaty","status":"publish","type":"page","link":"https:\/\/www.hvisserbloemen.nl\/pl\/","title":{"rendered":"Hans Visser kwiaty"},"content":{"rendered":"\n<p>Pa\u0144stwa asortyment kwiat\u00f3w musi idealnie odpowiada\u0107 wymaganiom jako\u015bciowym Pa\u0144stwa klient\u00f3w. To dzi\u0119ki temu mog\u0105 si\u0119 Pa\u0144stwo wyr\u00f3\u017cnia\u0107 na tle innych dostawc\u00f3w. Na przyk\u0142ad jedna r\u00f3\u017ca Red Naomi si\u0119 nadaje, a inny nie. Hans Visser Bloemen doskonale to rozumie. Pa\u0144stwa potrzeby s\u0105 dla nas najwa\u017cniejsze. Kupimy kwiaty i ro\u015bliny, kt\u00f3rych Pa\u0144stwo potrzebuj\u0105, odpowiednio je przygotujemy i wy\u015blemy w ch\u0142odni pod w\u0142a\u015bciwy adres dostawy. Niezale\u017cnie od tego, w jakim zak\u0105tku \u015bwiata mie\u015bci si\u0119 Pa\u0144stwa firma.<\/p>\n\n\n\n<ul class=\"wp-block-list\"><li>\u015awie\u017ce kwiaty<\/li><li>Znaj\u0105ca bran\u017c\u0119 osoba do kontaktu m\u00f3wi\u0105ca w Pa\u0144stwa j\u0119zyku<\/li><li>Konkurencyjne ceny<\/li><\/ul>\n","protected":false},"excerpt":{"rendered":"<p>Pa\u0144stwa asortyment kwiat\u00f3w musi idealnie odpowiada\u0107 wymaganiom jako\u015bciowym Pa\u0144stwa klient\u00f3w. To dzi\u0119ki temu mog\u0105 si\u0119 Pa\u0144stwo wyr\u00f3\u017cnia\u0107 na tle innych dostawc\u00f3w. Na przyk\u0142ad jedna r\u00f3\u017ca Red Naomi si\u0119 nadaje, a inny nie. Hans Visser Bloemen doskonale to rozumie. Pa\u0144stwa potrzeby s\u0105 dla nas najwa\u017cniejsze. Kupimy kwiaty i ro\u015bliny, kt\u00f3rych Pa\u0144stwo potrzebuj\u0105, odpowiednio je przygotujemy i [&hellip;]<\/p>\n","protected":false},"author":1,"featured_media":0,"parent":0,"menu_order":0,"comment_status":"closed","ping_status":"closed","template":"","meta":{"_acf_changed":false,"footnotes":""},"class_list":["post-43","page","type-page","status-publish","hentry"],"acf":[],"yoast_head":"<!-- This site is optimized with the Yoast SEO plugin v26.0 - https:\/\/yoast.com\/wordpress\/plugins\/seo\/ -->\n<title>Hans Visser kwiaty - Hans Visser Bloemenexport<\/title>\n<meta name=\"robots\" content=\"index, follow, max-snippet:-1, max-image-preview:large, max-video-preview:-1\" \/>\n<link rel=\"canonical\" href=\"https:\/\/www.hvisserbloemen.nl\/pl\/\" \/>\n<meta property=\"og:locale\" content=\"pl_PL\" \/>\n<meta property=\"og:type\" content=\"article\" \/>\n<meta property=\"og:title\" content=\"Hans Visser kwiaty - Hans Visser Bloemenexport\" \/>\n<meta property=\"og:description\" content=\"Pa\u0144stwa asortyment kwiat\u00f3w musi idealnie odpowiada\u0107 wymaganiom jako\u015bciowym Pa\u0144stwa klient\u00f3w. To dzi\u0119ki temu mog\u0105 si\u0119 Pa\u0144stwo wyr\u00f3\u017cnia\u0107 na tle innych dostawc\u00f3w. Na przyk\u0142ad jedna r\u00f3\u017ca Red Naomi si\u0119 nadaje, a inny nie. Hans Visser Bloemen doskonale to rozumie. Pa\u0144stwa potrzeby s\u0105 dla nas najwa\u017cniejsze. Kupimy kwiaty i ro\u015bliny, kt\u00f3rych Pa\u0144stwo potrzebuj\u0105, odpowiednio je przygotujemy i [&hellip;]\" \/>\n<meta property=\"og:url\" content=\"https:\/\/www.hvisserbloemen.nl\/pl\/\" \/>\n<meta property=\"og:site_name\" content=\"Hans Visser Bloemenexport\" \/>\n<meta property=\"article:publisher\" content=\"https:\/\/www.facebook.com\/HansVisserFlowerExport\/\" \/>\n<meta property=\"article:modified_time\" content=\"2021-08-30T14:44:49+00:00\" \/>\n<meta name=\"twitter:card\" content=\"summary_large_image\" \/>\n<meta name=\"twitter:label1\" content=\"Szacowany czas czytania\" \/>\n\t<meta name=\"twitter:data1\" content=\"1 minuta\" \/>\n<script type=\"application\/ld+json\" class=\"yoast-schema-graph\">{\"@context\":\"https:\/\/schema.org\",\"@graph\":[{\"@type\":\"WebPage\",\"@id\":\"https:\/\/www.hvisserbloemen.nl\/pl\/\",\"url\":\"https:\/\/www.hvisserbloemen.nl\/pl\/\",\"name\":\"Hans Visser kwiaty - Hans Visser Bloemenexport\",\"isPartOf\":{\"@id\":\"https:\/\/www.hvisserbloemen.nl\/pl\/#website\"},\"datePublished\":\"2020-06-24T19:07:46+00:00\",\"dateModified\":\"2021-08-30T14:44:49+00:00\",\"breadcrumb\":{\"@id\":\"https:\/\/www.hvisserbloemen.nl\/pl\/#breadcrumb\"},\"inLanguage\":\"pl-PL\",\"potentialAction\":[{\"@type\":\"ReadAction\",\"target\":[\"https:\/\/www.hvisserbloemen.nl\/pl\/\"]}]},{\"@type\":\"BreadcrumbList\",\"@id\":\"https:\/\/www.hvisserbloemen.nl\/pl\/#breadcrumb\",\"itemListElement\":[{\"@type\":\"ListItem\",\"position\":1,\"name\":\"Home\",\"item\":\"https:\/\/hvisser.dev.mooijit.nl\/pl\/hans-visser-kwiaty\/\"},{\"@type\":\"ListItem\",\"position\":2,\"name\":\"Hans Visser kwiaty\"}]},{\"@type\":\"WebSite\",\"@id\":\"https:\/\/www.hvisserbloemen.nl\/pl\/#website\",\"url\":\"https:\/\/www.hvisserbloemen.nl\/pl\/\",\"name\":\"Hans Visser Bloemenexport\",\"description\":\"Uw b.loemenaanbod moet exact voldoen aan de kwaliteitsverwachtingen van uw klanten. Dat is uw onderscheidend vermogen. Hans Visser Bloemen begrijpt dat. Uw vraag staat bij ons centraal. Wij kopen in wat u nodig heeft en verwerken en verzenden uw producten gekoeld naar het juiste afleveradres. Of u nu gevestigd bent in Europa of daarbuiten.\",\"potentialAction\":[{\"@type\":\"SearchAction\",\"target\":{\"@type\":\"EntryPoint\",\"urlTemplate\":\"https:\/\/www.hvisserbloemen.nl\/pl\/?s={search_term_string}\"},\"query-input\":{\"@type\":\"PropertyValueSpecification\",\"valueRequired\":true,\"valueName\":\"search_term_string\"}}],\"inLanguage\":\"pl-PL\"}]}<\/script>\n<!-- \/ Yoast SEO plugin. -->","yoast_head_json":{"title":"Hans Visser kwiaty - Hans Visser Bloemenexport","robots":{"index":"index","follow":"follow","max-snippet":"max-snippet:-1","max-image-preview":"max-image-preview:large","max-video-preview":"max-video-preview:-1"},"canonical":"https:\/\/www.hvisserbloemen.nl\/pl\/","og_locale":"pl_PL","og_type":"article","og_title":"Hans Visser kwiaty - Hans Visser Bloemenexport","og_description":"Pa\u0144stwa asortyment kwiat\u00f3w musi idealnie odpowiada\u0107 wymaganiom jako\u015bciowym Pa\u0144stwa klient\u00f3w. To dzi\u0119ki temu mog\u0105 si\u0119 Pa\u0144stwo wyr\u00f3\u017cnia\u0107 na tle innych dostawc\u00f3w. Na przyk\u0142ad jedna r\u00f3\u017ca Red Naomi si\u0119 nadaje, a inny nie. Hans Visser Bloemen doskonale to rozumie. Pa\u0144stwa potrzeby s\u0105 dla nas najwa\u017cniejsze. Kupimy kwiaty i ro\u015bliny, kt\u00f3rych Pa\u0144stwo potrzebuj\u0105, odpowiednio je przygotujemy i [&hellip;]","og_url":"https:\/\/www.hvisserbloemen.nl\/pl\/","og_site_name":"Hans Visser Bloemenexport","article_publisher":"https:\/\/www.facebook.com\/HansVisserFlowerExport\/","article_modified_time":"2021-08-30T14:44:49+00:00","twitter_card":"summary_large_image","twitter_misc":{"Szacowany czas czytania":"1 minuta"},"schema":{"@context":"https:\/\/schema.org","@graph":[{"@type":"WebPage","@id":"https:\/\/www.hvisserbloemen.nl\/pl\/","url":"https:\/\/www.hvisserbloemen.nl\/pl\/","name":"Hans Visser kwiaty - Hans Visser Bloemenexport","isPartOf":{"@id":"https:\/\/www.hvisserbloemen.nl\/pl\/#website"},"datePublished":"2020-06-24T19:07:46+00:00","dateModified":"2021-08-30T14:44:49+00:00","breadcrumb":{"@id":"https:\/\/www.hvisserbloemen.nl\/pl\/#breadcrumb"},"inLanguage":"pl-PL","potentialAction":[{"@type":"ReadAction","target":["https:\/\/www.hvisserbloemen.nl\/pl\/"]}]},{"@type":"BreadcrumbList","@id":"https:\/\/www.hvisserbloemen.nl\/pl\/#breadcrumb","itemListElement":[{"@type":"ListItem","position":1,"name":"Home","item":"https:\/\/hvisser.dev.mooijit.nl\/pl\/hans-visser-kwiaty\/"},{"@type":"ListItem","position":2,"name":"Hans Visser kwiaty"}]},{"@type":"WebSite","@id":"https:\/\/www.hvisserbloemen.nl\/pl\/#website","url":"https:\/\/www.hvisserbloemen.nl\/pl\/","name":"Hans Visser Bloemenexport","description":"Uw b.loemenaanbod moet exact voldoen aan de kwaliteitsverwachtingen van uw klanten. Dat is uw onderscheidend vermogen. Hans Visser Bloemen begrijpt dat. Uw vraag staat bij ons centraal. Wij kopen in wat u nodig heeft en verwerken en verzenden uw producten gekoeld naar het juiste afleveradres. Of u nu gevestigd bent in Europa of daarbuiten.","potentialAction":[{"@type":"SearchAction","target":{"@type":"EntryPoint","urlTemplate":"https:\/\/www.hvisserbloemen.nl\/pl\/?s={search_term_string}"},"query-input":{"@type":"PropertyValueSpecification","valueRequired":true,"valueName":"search_term_string"}}],"inLanguage":"pl-PL"}]}},"_links":{"self":[{"href":"https:\/\/www.hvisserbloemen.nl\/pl\/wp-json\/wp\/v2\/pages\/43","targetHints":{"allow":["GET"]}}],"collection":[{"href":"https:\/\/www.hvisserbloemen.nl\/pl\/wp-json\/wp\/v2\/pages"}],"about":[{"href":"https:\/\/www.hvisserbloemen.nl\/pl\/wp-json\/wp\/v2\/types\/page"}],"author":[{"embeddable":true,"href":"https:\/\/www.hvisserbloemen.nl\/pl\/wp-json\/wp\/v2\/users\/1"}],"replies":[{"embeddable":true,"href":"https:\/\/www.hvisserbloemen.nl\/pl\/wp-json\/wp\/v2\/comments?post=43"}],"version-history":[{"count":6,"href":"https:\/\/www.hvisserbloemen.nl\/pl\/wp-json\/wp\/v2\/pages\/43\/revisions"}],"predecessor-version":[{"id":740,"href":"https:\/\/www.hvisserbloemen.nl\/pl\/wp-json\/wp\/v2\/pages\/43\/revisions\/740"}],"wp:attachment":[{"href":"https:\/\/www.hvisserbloemen.nl\/pl\/wp-json\/wp\/v2\/media?parent=43"}],"curies":[{"name":"wp","href":"https:\/\/api.w.org\/{rel}","templated":true}]}}