{"id":583,"date":"2020-11-04T09:44:13","date_gmt":"2020-11-04T09:44:13","guid":{"rendered":"https:\/\/www.hvisserbloemen.nl\/?page_id=583"},"modified":"2021-08-30T13:03:53","modified_gmt":"2021-08-30T13:03:53","slug":"wydarzenia","status":"publish","type":"page","link":"https:\/\/www.hvisserbloemen.nl\/pl\/wydarzenia\/","title":{"rendered":"Wydarzenia"},"content":{"rendered":"\n<h3 class=\"wp-block-heading\"><strong>Kwiaty na wszelkie ekskluzywne imprezy i wesela<\/strong><\/h3>\n\n\n\n<p>Od lat dostarczamy kwiaty na wielkie i ekskluzywne uroczysto\u015bci na ca\u0142ym \u015bwiecie. Mo\u017cna by\u0142o na przyk\u0142ad zobaczy\u0107 nasze kwiaty w Rzymie na Placu \u015awi\u0119tego\u00a0Piotra, gdy Papie\u017c udziela\u0142 b\u0142ogos\u0142awie\u0144stwa wielkanocnego. Nasze kwiaty u\u015bwietniaj\u0105 r\u00f3wnie\u017c najwi\u0119ksze imprezy weselne i wydarzenia m.in. w Dubaju i w Indiach, a tak\u017ce wn\u0119trza ekskluzywnych hoteli. Nawet holenderska Rodzina Kr\u00f3lewska od czasu do czasu korzysta z naszych kwiat\u00f3w podczas swoich uroczysto\u015bci.<\/p>\n\n\n\n<figure class=\"wp-block-gallery columns-2 is-cropped wp-block-gallery-1 is-layout-flex wp-block-gallery-is-layout-flex\"><ul class=\"blocks-gallery-grid\"><li class=\"blocks-gallery-item\"><figure><img loading=\"lazy\" decoding=\"async\" width=\"1024\" height=\"768\" src=\"https:\/\/www.hvisserbloemen.nl\/content\/uploads\/2021\/08\/WhatsApp-Image-2021-07-16-at-10.09.35-7-3.jpg\" alt=\"\" data-id=\"584\" data-full-url=\"https:\/\/www.hvisserbloemen.nl\/content\/uploads\/2021\/08\/WhatsApp-Image-2021-07-16-at-10.09.35-7-3.jpg\" data-link=\"https:\/\/www.hvisserbloemen.nl\/?attachment_id=584\" class=\"wp-image-584\" srcset=\"https:\/\/www.hvisserbloemen.nl\/wp-content\/uploads\/2021\/08\/WhatsApp-Image-2021-07-16-at-10.09.35-7-3.jpg 1024w, https:\/\/www.hvisserbloemen.nl\/wp-content\/uploads\/2021\/08\/WhatsApp-Image-2021-07-16-at-10.09.35-7-3-300x225.jpg 300w, https:\/\/www.hvisserbloemen.nl\/wp-content\/uploads\/2021\/08\/WhatsApp-Image-2021-07-16-at-10.09.35-7-3-768x576.jpg 768w, https:\/\/www.hvisserbloemen.nl\/wp-content\/uploads\/2021\/08\/WhatsApp-Image-2021-07-16-at-10.09.35-7-3-1000x750.jpg 1000w\" sizes=\"auto, (max-width: 1024px) 100vw, 1024px\" \/><\/figure><\/li><li class=\"blocks-gallery-item\"><figure><img loading=\"lazy\" decoding=\"async\" width=\"1024\" height=\"768\" src=\"https:\/\/www.hvisserbloemen.nl\/content\/uploads\/2021\/08\/WhatsApp-Image-2021-07-16-at-10.13.39-10-3.jpg\" alt=\"\" data-id=\"585\" data-full-url=\"https:\/\/www.hvisserbloemen.nl\/content\/uploads\/2021\/08\/WhatsApp-Image-2021-07-16-at-10.13.39-10-3.jpg\" data-link=\"https:\/\/www.hvisserbloemen.nl\/?attachment_id=585\" class=\"wp-image-585\" srcset=\"https:\/\/www.hvisserbloemen.nl\/wp-content\/uploads\/2021\/08\/WhatsApp-Image-2021-07-16-at-10.13.39-10-3.jpg 1024w, https:\/\/www.hvisserbloemen.nl\/wp-content\/uploads\/2021\/08\/WhatsApp-Image-2021-07-16-at-10.13.39-10-3-300x225.jpg 300w, https:\/\/www.hvisserbloemen.nl\/wp-content\/uploads\/2021\/08\/WhatsApp-Image-2021-07-16-at-10.13.39-10-3-768x576.jpg 768w, https:\/\/www.hvisserbloemen.nl\/wp-content\/uploads\/2021\/08\/WhatsApp-Image-2021-07-16-at-10.13.39-10-3-1000x750.jpg 1000w\" sizes=\"auto, (max-width: 1024px) 100vw, 1024px\" \/><\/figure><\/li><\/ul><\/figure>\n\n\n\n<p>Powodem, dla kt\u00f3rego dekoratorzy i organizatorzy cz\u0119sto wybieraj\u0105 nas na swojego dostawc\u0119, jest jako\u015b\u0107 naszych kwiat\u00f3w, szybko\u015b\u0107 dostawy i szeroki wyb\u00f3r ekskluzywnych ro\u015blin, ale kieruj\u0105 si\u0119 te\u017c przy tym swoim do\u015bwiadczeniem i wyczuciem stylu.\u00a0\u00a0\u00a0<\/p>\n\n\n\n<blockquote class=\"wp-block-quote is-layout-flow wp-block-quote-is-layout-flow\"><p><em>Kwiaty s\u0105 zawsze pakowane starannie i w odpowiednie materia\u0142y, dlatego nie musz\u0119 si\u0119 martwi\u0107 o jako\u015b\u0107 i stan dostarczonych ro\u015blin.\u201d<\/em><br><em>\u2013 Pascal, dekorator<\/em><\/p><\/blockquote>\n\n\n\n<p>Wsp\u00f3\u0142pracujemy z dekoratorami i organizatorami na ca\u0142ym \u015bwiecie i d\u0105\u017cymy do tego, by za ka\u017cdym razem wspiera\u0107 ich styl i kreatywno\u015b\u0107, aby mogli tworzy\u0107 najpi\u0119kniejsze kompozycje.<\/p>\n\n\n\n<div class=\"intro txt\" style=\"padding:0;\">\n<div class=\"quote\">\n<p>Jako\u015b\u0107 kwiat\u00f3w i ich asortyment jest wyj\u0105tkowy \u2013 Julia, organizatorka imprez\n<\/p>\n<div class=\"image\" style=\"background-image:url(https:\/\/www.hvisserbloemen.nl\/wp-content\/uploads\/2021\/07\/events-quote.jpg);\"><\/div>\n<\/div><\/div>\n","protected":false},"excerpt":{"rendered":"<p>Kwiaty na wszelkie ekskluzywne imprezy i wesela Od lat dostarczamy kwiaty na wielkie i ekskluzywne uroczysto\u015bci na ca\u0142ym \u015bwiecie. Mo\u017cna by\u0142o na przyk\u0142ad zobaczy\u0107 nasze kwiaty w Rzymie na Placu \u015awi\u0119tego\u00a0Piotra, gdy Papie\u017c udziela\u0142 b\u0142ogos\u0142awie\u0144stwa wielkanocnego. Nasze kwiaty u\u015bwietniaj\u0105 r\u00f3wnie\u017c najwi\u0119ksze imprezy weselne i wydarzenia m.in. w Dubaju i w Indiach, a tak\u017ce wn\u0119trza ekskluzywnych [&hellip;]<\/p>\n","protected":false},"author":2,"featured_media":0,"parent":0,"menu_order":0,"comment_status":"closed","ping_status":"closed","template":"page-events.php","meta":{"_acf_changed":false,"footnotes":""},"class_list":["post-583","page","type-page","status-publish","hentry"],"acf":[],"yoast_head":"<!-- This site is optimized with the Yoast SEO plugin v26.0 - https:\/\/yoast.com\/wordpress\/plugins\/seo\/ -->\n<title>Wydarzenia - Hans Visser Bloemenexport<\/title>\n<meta name=\"robots\" content=\"index, follow, max-snippet:-1, max-image-preview:large, max-video-preview:-1\" \/>\n<link rel=\"canonical\" href=\"https:\/\/www.hvisserbloemen.nl\/pl\/wydarzenia\/\" \/>\n<meta property=\"og:locale\" content=\"pl_PL\" \/>\n<meta property=\"og:type\" content=\"article\" \/>\n<meta property=\"og:title\" content=\"Wydarzenia - Hans Visser Bloemenexport\" \/>\n<meta property=\"og:description\" content=\"Kwiaty na wszelkie ekskluzywne imprezy i wesela Od lat dostarczamy kwiaty na wielkie i ekskluzywne uroczysto\u015bci na ca\u0142ym \u015bwiecie. Mo\u017cna by\u0142o na przyk\u0142ad zobaczy\u0107 nasze kwiaty w Rzymie na Placu \u015awi\u0119tego\u00a0Piotra, gdy Papie\u017c udziela\u0142 b\u0142ogos\u0142awie\u0144stwa wielkanocnego. Nasze kwiaty u\u015bwietniaj\u0105 r\u00f3wnie\u017c najwi\u0119ksze imprezy weselne i wydarzenia m.in. w Dubaju i w Indiach, a tak\u017ce wn\u0119trza ekskluzywnych [&hellip;]\" \/>\n<meta property=\"og:url\" content=\"https:\/\/www.hvisserbloemen.nl\/pl\/wydarzenia\/\" \/>\n<meta property=\"og:site_name\" content=\"Hans Visser Bloemenexport\" \/>\n<meta property=\"article:publisher\" content=\"https:\/\/www.facebook.com\/HansVisserFlowerExport\/\" \/>\n<meta property=\"article:modified_time\" content=\"2021-08-30T13:03:53+00:00\" \/>\n<meta property=\"og:image\" content=\"https:\/\/www.hvisserbloemen.nl\/content\/uploads\/2021\/08\/WhatsApp-Image-2021-07-16-at-10.09.35-7-3.jpg\" \/>\n<meta name=\"twitter:card\" content=\"summary_large_image\" \/>\n<meta name=\"twitter:label1\" content=\"Szacowany czas czytania\" \/>\n\t<meta name=\"twitter:data1\" content=\"2 minuty\" \/>\n<script type=\"application\/ld+json\" class=\"yoast-schema-graph\">{\"@context\":\"https:\/\/schema.org\",\"@graph\":[{\"@type\":\"WebPage\",\"@id\":\"https:\/\/www.hvisserbloemen.nl\/pl\/wydarzenia\/\",\"url\":\"https:\/\/www.hvisserbloemen.nl\/pl\/wydarzenia\/\",\"name\":\"Wydarzenia - Hans Visser Bloemenexport\",\"isPartOf\":{\"@id\":\"https:\/\/www.hvisserbloemen.nl\/pl\/#website\"},\"primaryImageOfPage\":{\"@id\":\"https:\/\/www.hvisserbloemen.nl\/pl\/wydarzenia\/#primaryimage\"},\"image\":{\"@id\":\"https:\/\/www.hvisserbloemen.nl\/pl\/wydarzenia\/#primaryimage\"},\"thumbnailUrl\":\"https:\/\/www.hvisserbloemen.nl\/content\/uploads\/2021\/08\/WhatsApp-Image-2021-07-16-at-10.09.35-7-3.jpg\",\"datePublished\":\"2020-11-04T09:44:13+00:00\",\"dateModified\":\"2021-08-30T13:03:53+00:00\",\"breadcrumb\":{\"@id\":\"https:\/\/www.hvisserbloemen.nl\/pl\/wydarzenia\/#breadcrumb\"},\"inLanguage\":\"pl-PL\",\"potentialAction\":[{\"@type\":\"ReadAction\",\"target\":[\"https:\/\/www.hvisserbloemen.nl\/pl\/wydarzenia\/\"]}]},{\"@type\":\"ImageObject\",\"inLanguage\":\"pl-PL\",\"@id\":\"https:\/\/www.hvisserbloemen.nl\/pl\/wydarzenia\/#primaryimage\",\"url\":\"https:\/\/www.hvisserbloemen.nl\/content\/uploads\/2021\/08\/WhatsApp-Image-2021-07-16-at-10.09.35-7-3.jpg\",\"contentUrl\":\"https:\/\/www.hvisserbloemen.nl\/content\/uploads\/2021\/08\/WhatsApp-Image-2021-07-16-at-10.09.35-7-3.jpg\"},{\"@type\":\"BreadcrumbList\",\"@id\":\"https:\/\/www.hvisserbloemen.nl\/pl\/wydarzenia\/#breadcrumb\",\"itemListElement\":[{\"@type\":\"ListItem\",\"position\":1,\"name\":\"Home\",\"item\":\"https:\/\/hvisser.dev.mooijit.nl\/pl\/hans-visser-kwiaty\/\"},{\"@type\":\"ListItem\",\"position\":2,\"name\":\"Wydarzenia\"}]},{\"@type\":\"WebSite\",\"@id\":\"https:\/\/www.hvisserbloemen.nl\/pl\/#website\",\"url\":\"https:\/\/www.hvisserbloemen.nl\/pl\/\",\"name\":\"Hans Visser Bloemenexport\",\"description\":\"Uw b.loemenaanbod moet exact voldoen aan de kwaliteitsverwachtingen van uw klanten. Dat is uw onderscheidend vermogen. Hans Visser Bloemen begrijpt dat. Uw vraag staat bij ons centraal. Wij kopen in wat u nodig heeft en verwerken en verzenden uw producten gekoeld naar het juiste afleveradres. Of u nu gevestigd bent in Europa of daarbuiten.\",\"potentialAction\":[{\"@type\":\"SearchAction\",\"target\":{\"@type\":\"EntryPoint\",\"urlTemplate\":\"https:\/\/www.hvisserbloemen.nl\/pl\/?s={search_term_string}\"},\"query-input\":{\"@type\":\"PropertyValueSpecification\",\"valueRequired\":true,\"valueName\":\"search_term_string\"}}],\"inLanguage\":\"pl-PL\"}]}<\/script>\n<!-- \/ Yoast SEO plugin. -->","yoast_head_json":{"title":"Wydarzenia - Hans Visser Bloemenexport","robots":{"index":"index","follow":"follow","max-snippet":"max-snippet:-1","max-image-preview":"max-image-preview:large","max-video-preview":"max-video-preview:-1"},"canonical":"https:\/\/www.hvisserbloemen.nl\/pl\/wydarzenia\/","og_locale":"pl_PL","og_type":"article","og_title":"Wydarzenia - Hans Visser Bloemenexport","og_description":"Kwiaty na wszelkie ekskluzywne imprezy i wesela Od lat dostarczamy kwiaty na wielkie i ekskluzywne uroczysto\u015bci na ca\u0142ym \u015bwiecie. Mo\u017cna by\u0142o na przyk\u0142ad zobaczy\u0107 nasze kwiaty w Rzymie na Placu \u015awi\u0119tego\u00a0Piotra, gdy Papie\u017c udziela\u0142 b\u0142ogos\u0142awie\u0144stwa wielkanocnego. Nasze kwiaty u\u015bwietniaj\u0105 r\u00f3wnie\u017c najwi\u0119ksze imprezy weselne i wydarzenia m.in. w Dubaju i w Indiach, a tak\u017ce wn\u0119trza ekskluzywnych [&hellip;]","og_url":"https:\/\/www.hvisserbloemen.nl\/pl\/wydarzenia\/","og_site_name":"Hans Visser Bloemenexport","article_publisher":"https:\/\/www.facebook.com\/HansVisserFlowerExport\/","article_modified_time":"2021-08-30T13:03:53+00:00","og_image":[{"url":"https:\/\/www.hvisserbloemen.nl\/content\/uploads\/2021\/08\/WhatsApp-Image-2021-07-16-at-10.09.35-7-3.jpg","type":"","width":"","height":""}],"twitter_card":"summary_large_image","twitter_misc":{"Szacowany czas czytania":"2 minuty"},"schema":{"@context":"https:\/\/schema.org","@graph":[{"@type":"WebPage","@id":"https:\/\/www.hvisserbloemen.nl\/pl\/wydarzenia\/","url":"https:\/\/www.hvisserbloemen.nl\/pl\/wydarzenia\/","name":"Wydarzenia - Hans Visser Bloemenexport","isPartOf":{"@id":"https:\/\/www.hvisserbloemen.nl\/pl\/#website"},"primaryImageOfPage":{"@id":"https:\/\/www.hvisserbloemen.nl\/pl\/wydarzenia\/#primaryimage"},"image":{"@id":"https:\/\/www.hvisserbloemen.nl\/pl\/wydarzenia\/#primaryimage"},"thumbnailUrl":"https:\/\/www.hvisserbloemen.nl\/content\/uploads\/2021\/08\/WhatsApp-Image-2021-07-16-at-10.09.35-7-3.jpg","datePublished":"2020-11-04T09:44:13+00:00","dateModified":"2021-08-30T13:03:53+00:00","breadcrumb":{"@id":"https:\/\/www.hvisserbloemen.nl\/pl\/wydarzenia\/#breadcrumb"},"inLanguage":"pl-PL","potentialAction":[{"@type":"ReadAction","target":["https:\/\/www.hvisserbloemen.nl\/pl\/wydarzenia\/"]}]},{"@type":"ImageObject","inLanguage":"pl-PL","@id":"https:\/\/www.hvisserbloemen.nl\/pl\/wydarzenia\/#primaryimage","url":"https:\/\/www.hvisserbloemen.nl\/content\/uploads\/2021\/08\/WhatsApp-Image-2021-07-16-at-10.09.35-7-3.jpg","contentUrl":"https:\/\/www.hvisserbloemen.nl\/content\/uploads\/2021\/08\/WhatsApp-Image-2021-07-16-at-10.09.35-7-3.jpg"},{"@type":"BreadcrumbList","@id":"https:\/\/www.hvisserbloemen.nl\/pl\/wydarzenia\/#breadcrumb","itemListElement":[{"@type":"ListItem","position":1,"name":"Home","item":"https:\/\/hvisser.dev.mooijit.nl\/pl\/hans-visser-kwiaty\/"},{"@type":"ListItem","position":2,"name":"Wydarzenia"}]},{"@type":"WebSite","@id":"https:\/\/www.hvisserbloemen.nl\/pl\/#website","url":"https:\/\/www.hvisserbloemen.nl\/pl\/","name":"Hans Visser Bloemenexport","description":"Uw b.loemenaanbod moet exact voldoen aan de kwaliteitsverwachtingen van uw klanten. Dat is uw onderscheidend vermogen. Hans Visser Bloemen begrijpt dat. Uw vraag staat bij ons centraal. Wij kopen in wat u nodig heeft en verwerken en verzenden uw producten gekoeld naar het juiste afleveradres. Of u nu gevestigd bent in Europa of daarbuiten.","potentialAction":[{"@type":"SearchAction","target":{"@type":"EntryPoint","urlTemplate":"https:\/\/www.hvisserbloemen.nl\/pl\/?s={search_term_string}"},"query-input":{"@type":"PropertyValueSpecification","valueRequired":true,"valueName":"search_term_string"}}],"inLanguage":"pl-PL"}]}},"_links":{"self":[{"href":"https:\/\/www.hvisserbloemen.nl\/pl\/wp-json\/wp\/v2\/pages\/583","targetHints":{"allow":["GET"]}}],"collection":[{"href":"https:\/\/www.hvisserbloemen.nl\/pl\/wp-json\/wp\/v2\/pages"}],"about":[{"href":"https:\/\/www.hvisserbloemen.nl\/pl\/wp-json\/wp\/v2\/types\/page"}],"author":[{"embeddable":true,"href":"https:\/\/www.hvisserbloemen.nl\/pl\/wp-json\/wp\/v2\/users\/2"}],"replies":[{"embeddable":true,"href":"https:\/\/www.hvisserbloemen.nl\/pl\/wp-json\/wp\/v2\/comments?post=583"}],"version-history":[{"count":1,"href":"https:\/\/www.hvisserbloemen.nl\/pl\/wp-json\/wp\/v2\/pages\/583\/revisions"}],"predecessor-version":[{"id":586,"href":"https:\/\/www.hvisserbloemen.nl\/pl\/wp-json\/wp\/v2\/pages\/583\/revisions\/586"}],"wp:attachment":[{"href":"https:\/\/www.hvisserbloemen.nl\/pl\/wp-json\/wp\/v2\/media?parent=583"}],"curies":[{"name":"wp","href":"https:\/\/api.w.org\/{rel}","templated":true}]}}