{"id":615,"date":"2020-07-08T04:50:42","date_gmt":"2020-07-08T04:50:42","guid":{"rendered":"https:\/\/www.hvisserbloemen.nl\/?page_id=615"},"modified":"2021-08-30T19:30:43","modified_gmt":"2021-08-30T19:30:43","slug":"bezposrednia-komunikacja-szybka-odpowiedz","status":"publish","type":"page","link":"https:\/\/www.hvisserbloemen.nl\/pl\/bezposrednia-komunikacja-szybka-odpowiedz\/","title":{"rendered":"Bezpo\u015brednia komunikacja, szybka odpowied\u017a"},"content":{"rendered":"\n<p>Nasza firma dzia\u0142a w Aalsmeer, czyli w samym centrum mi\u0119dzynarodowego handlu kwiatami i ro\u015blinami. Jeste\u015bmy codziennie do Pa\u0144stwa dyspozycji, wraz z zespo\u0142em pe\u0142nych pasji, zaanga\u017cowanych i profesjonalnych pracownik\u00f3w. W razie jakichkolwiek pyta\u0144 dotycz\u0105cych naszych us\u0142ug, mog\u0105 si\u0119 Pa\u0144stwo z nami kontaktowa\u0107 drog\u0105 mailow\u0105 i telefoniczn\u0105. Prosz\u0119 si\u0119 wi\u0119c z nami bez wahania kontaktowa\u0107.&nbsp;<\/p>\n\n\n\n<p><strong>Hans Visser Bloemen B.V.<\/strong><br>Legmeerdijk 313 \/ Lokalizacja 043<br>Skr. poczt 1215<br>1430 BE Aalsmeer<br>Holandia<\/p>\n\n\n\n<p>+31 (0)297 515151<br><a href=\"mailto:info@hvisserbloemen.nl\">info@hvisserbloemen.nl<\/a><\/p>\n","protected":false},"excerpt":{"rendered":"<p>Nasza firma dzia\u0142a w Aalsmeer, czyli w samym centrum mi\u0119dzynarodowego handlu kwiatami i ro\u015blinami. Jeste\u015bmy codziennie do Pa\u0144stwa dyspozycji, wraz z zespo\u0142em pe\u0142nych pasji, zaanga\u017cowanych i profesjonalnych pracownik\u00f3w. W razie jakichkolwiek pyta\u0144 dotycz\u0105cych naszych us\u0142ug, mog\u0105 si\u0119 Pa\u0144stwo z nami kontaktowa\u0107 drog\u0105 mailow\u0105 i telefoniczn\u0105. Prosz\u0119 si\u0119 wi\u0119c z nami bez wahania kontaktowa\u0107.&nbsp; Hans Visser [&hellip;]<\/p>\n","protected":false},"author":2,"featured_media":0,"parent":0,"menu_order":0,"comment_status":"closed","ping_status":"closed","template":"page-contact.php","meta":{"_acf_changed":false,"footnotes":""},"class_list":["post-615","page","type-page","status-publish","hentry"],"acf":[],"yoast_head":"<!-- This site is optimized with the Yoast SEO plugin v26.0 - https:\/\/yoast.com\/wordpress\/plugins\/seo\/ -->\n<title>Bezpo\u015brednia komunikacja, szybka odpowied\u017a - Hans Visser Bloemenexport<\/title>\n<meta name=\"robots\" content=\"index, follow, max-snippet:-1, max-image-preview:large, max-video-preview:-1\" \/>\n<link rel=\"canonical\" href=\"https:\/\/www.hvisserbloemen.nl\/pl\/bezposrednia-komunikacja-szybka-odpowiedz\/\" \/>\n<meta property=\"og:locale\" content=\"pl_PL\" \/>\n<meta property=\"og:type\" content=\"article\" \/>\n<meta property=\"og:title\" content=\"Bezpo\u015brednia komunikacja, szybka odpowied\u017a - Hans Visser Bloemenexport\" \/>\n<meta property=\"og:description\" content=\"Nasza firma dzia\u0142a w Aalsmeer, czyli w samym centrum mi\u0119dzynarodowego handlu kwiatami i ro\u015blinami. Jeste\u015bmy codziennie do Pa\u0144stwa dyspozycji, wraz z zespo\u0142em pe\u0142nych pasji, zaanga\u017cowanych i profesjonalnych pracownik\u00f3w. W razie jakichkolwiek pyta\u0144 dotycz\u0105cych naszych us\u0142ug, mog\u0105 si\u0119 Pa\u0144stwo z nami kontaktowa\u0107 drog\u0105 mailow\u0105 i telefoniczn\u0105. Prosz\u0119 si\u0119 wi\u0119c z nami bez wahania kontaktowa\u0107.&nbsp; Hans Visser [&hellip;]\" \/>\n<meta property=\"og:url\" content=\"https:\/\/www.hvisserbloemen.nl\/pl\/bezposrednia-komunikacja-szybka-odpowiedz\/\" \/>\n<meta property=\"og:site_name\" content=\"Hans Visser Bloemenexport\" \/>\n<meta property=\"article:publisher\" content=\"https:\/\/www.facebook.com\/HansVisserFlowerExport\/\" \/>\n<meta property=\"article:modified_time\" content=\"2021-08-30T19:30:43+00:00\" \/>\n<meta name=\"twitter:card\" content=\"summary_large_image\" \/>\n<meta name=\"twitter:label1\" content=\"Szacowany czas czytania\" \/>\n\t<meta name=\"twitter:data1\" content=\"1 minuta\" \/>\n<script type=\"application\/ld+json\" class=\"yoast-schema-graph\">{\"@context\":\"https:\/\/schema.org\",\"@graph\":[{\"@type\":\"WebPage\",\"@id\":\"https:\/\/www.hvisserbloemen.nl\/pl\/bezposrednia-komunikacja-szybka-odpowiedz\/\",\"url\":\"https:\/\/www.hvisserbloemen.nl\/pl\/bezposrednia-komunikacja-szybka-odpowiedz\/\",\"name\":\"Bezpo\u015brednia komunikacja, szybka odpowied\u017a - Hans Visser Bloemenexport\",\"isPartOf\":{\"@id\":\"https:\/\/www.hvisserbloemen.nl\/pl\/#website\"},\"datePublished\":\"2020-07-08T04:50:42+00:00\",\"dateModified\":\"2021-08-30T19:30:43+00:00\",\"breadcrumb\":{\"@id\":\"https:\/\/www.hvisserbloemen.nl\/pl\/bezposrednia-komunikacja-szybka-odpowiedz\/#breadcrumb\"},\"inLanguage\":\"pl-PL\",\"potentialAction\":[{\"@type\":\"ReadAction\",\"target\":[\"https:\/\/www.hvisserbloemen.nl\/pl\/bezposrednia-komunikacja-szybka-odpowiedz\/\"]}]},{\"@type\":\"BreadcrumbList\",\"@id\":\"https:\/\/www.hvisserbloemen.nl\/pl\/bezposrednia-komunikacja-szybka-odpowiedz\/#breadcrumb\",\"itemListElement\":[{\"@type\":\"ListItem\",\"position\":1,\"name\":\"Home\",\"item\":\"https:\/\/hvisser.dev.mooijit.nl\/pl\/hans-visser-kwiaty\/\"},{\"@type\":\"ListItem\",\"position\":2,\"name\":\"Bezpo\u015brednia komunikacja, szybka odpowied\u017a\"}]},{\"@type\":\"WebSite\",\"@id\":\"https:\/\/www.hvisserbloemen.nl\/pl\/#website\",\"url\":\"https:\/\/www.hvisserbloemen.nl\/pl\/\",\"name\":\"Hans Visser Bloemenexport\",\"description\":\"Uw b.loemenaanbod moet exact voldoen aan de kwaliteitsverwachtingen van uw klanten. Dat is uw onderscheidend vermogen. Hans Visser Bloemen begrijpt dat. Uw vraag staat bij ons centraal. Wij kopen in wat u nodig heeft en verwerken en verzenden uw producten gekoeld naar het juiste afleveradres. Of u nu gevestigd bent in Europa of daarbuiten.\",\"potentialAction\":[{\"@type\":\"SearchAction\",\"target\":{\"@type\":\"EntryPoint\",\"urlTemplate\":\"https:\/\/www.hvisserbloemen.nl\/pl\/?s={search_term_string}\"},\"query-input\":{\"@type\":\"PropertyValueSpecification\",\"valueRequired\":true,\"valueName\":\"search_term_string\"}}],\"inLanguage\":\"pl-PL\"}]}<\/script>\n<!-- \/ Yoast SEO plugin. -->","yoast_head_json":{"title":"Bezpo\u015brednia komunikacja, szybka odpowied\u017a - Hans Visser Bloemenexport","robots":{"index":"index","follow":"follow","max-snippet":"max-snippet:-1","max-image-preview":"max-image-preview:large","max-video-preview":"max-video-preview:-1"},"canonical":"https:\/\/www.hvisserbloemen.nl\/pl\/bezposrednia-komunikacja-szybka-odpowiedz\/","og_locale":"pl_PL","og_type":"article","og_title":"Bezpo\u015brednia komunikacja, szybka odpowied\u017a - Hans Visser Bloemenexport","og_description":"Nasza firma dzia\u0142a w Aalsmeer, czyli w samym centrum mi\u0119dzynarodowego handlu kwiatami i ro\u015blinami. Jeste\u015bmy codziennie do Pa\u0144stwa dyspozycji, wraz z zespo\u0142em pe\u0142nych pasji, zaanga\u017cowanych i profesjonalnych pracownik\u00f3w. W razie jakichkolwiek pyta\u0144 dotycz\u0105cych naszych us\u0142ug, mog\u0105 si\u0119 Pa\u0144stwo z nami kontaktowa\u0107 drog\u0105 mailow\u0105 i telefoniczn\u0105. Prosz\u0119 si\u0119 wi\u0119c z nami bez wahania kontaktowa\u0107.&nbsp; Hans Visser [&hellip;]","og_url":"https:\/\/www.hvisserbloemen.nl\/pl\/bezposrednia-komunikacja-szybka-odpowiedz\/","og_site_name":"Hans Visser Bloemenexport","article_publisher":"https:\/\/www.facebook.com\/HansVisserFlowerExport\/","article_modified_time":"2021-08-30T19:30:43+00:00","twitter_card":"summary_large_image","twitter_misc":{"Szacowany czas czytania":"1 minuta"},"schema":{"@context":"https:\/\/schema.org","@graph":[{"@type":"WebPage","@id":"https:\/\/www.hvisserbloemen.nl\/pl\/bezposrednia-komunikacja-szybka-odpowiedz\/","url":"https:\/\/www.hvisserbloemen.nl\/pl\/bezposrednia-komunikacja-szybka-odpowiedz\/","name":"Bezpo\u015brednia komunikacja, szybka odpowied\u017a - Hans Visser Bloemenexport","isPartOf":{"@id":"https:\/\/www.hvisserbloemen.nl\/pl\/#website"},"datePublished":"2020-07-08T04:50:42+00:00","dateModified":"2021-08-30T19:30:43+00:00","breadcrumb":{"@id":"https:\/\/www.hvisserbloemen.nl\/pl\/bezposrednia-komunikacja-szybka-odpowiedz\/#breadcrumb"},"inLanguage":"pl-PL","potentialAction":[{"@type":"ReadAction","target":["https:\/\/www.hvisserbloemen.nl\/pl\/bezposrednia-komunikacja-szybka-odpowiedz\/"]}]},{"@type":"BreadcrumbList","@id":"https:\/\/www.hvisserbloemen.nl\/pl\/bezposrednia-komunikacja-szybka-odpowiedz\/#breadcrumb","itemListElement":[{"@type":"ListItem","position":1,"name":"Home","item":"https:\/\/hvisser.dev.mooijit.nl\/pl\/hans-visser-kwiaty\/"},{"@type":"ListItem","position":2,"name":"Bezpo\u015brednia komunikacja, szybka odpowied\u017a"}]},{"@type":"WebSite","@id":"https:\/\/www.hvisserbloemen.nl\/pl\/#website","url":"https:\/\/www.hvisserbloemen.nl\/pl\/","name":"Hans Visser Bloemenexport","description":"Uw b.loemenaanbod moet exact voldoen aan de kwaliteitsverwachtingen van uw klanten. Dat is uw onderscheidend vermogen. Hans Visser Bloemen begrijpt dat. Uw vraag staat bij ons centraal. Wij kopen in wat u nodig heeft en verwerken en verzenden uw producten gekoeld naar het juiste afleveradres. Of u nu gevestigd bent in Europa of daarbuiten.","potentialAction":[{"@type":"SearchAction","target":{"@type":"EntryPoint","urlTemplate":"https:\/\/www.hvisserbloemen.nl\/pl\/?s={search_term_string}"},"query-input":{"@type":"PropertyValueSpecification","valueRequired":true,"valueName":"search_term_string"}}],"inLanguage":"pl-PL"}]}},"_links":{"self":[{"href":"https:\/\/www.hvisserbloemen.nl\/pl\/wp-json\/wp\/v2\/pages\/615","targetHints":{"allow":["GET"]}}],"collection":[{"href":"https:\/\/www.hvisserbloemen.nl\/pl\/wp-json\/wp\/v2\/pages"}],"about":[{"href":"https:\/\/www.hvisserbloemen.nl\/pl\/wp-json\/wp\/v2\/types\/page"}],"author":[{"embeddable":true,"href":"https:\/\/www.hvisserbloemen.nl\/pl\/wp-json\/wp\/v2\/users\/2"}],"replies":[{"embeddable":true,"href":"https:\/\/www.hvisserbloemen.nl\/pl\/wp-json\/wp\/v2\/comments?post=615"}],"version-history":[{"count":5,"href":"https:\/\/www.hvisserbloemen.nl\/pl\/wp-json\/wp\/v2\/pages\/615\/revisions"}],"predecessor-version":[{"id":761,"href":"https:\/\/www.hvisserbloemen.nl\/pl\/wp-json\/wp\/v2\/pages\/615\/revisions\/761"}],"wp:attachment":[{"href":"https:\/\/www.hvisserbloemen.nl\/pl\/wp-json\/wp\/v2\/media?parent=615"}],"curies":[{"name":"wp","href":"https:\/\/api.w.org\/{rel}","templated":true}]}}